{"id":659,"date":"2019-03-28T20:40:37","date_gmt":"2019-03-28T20:40:37","guid":{"rendered":"http:\/\/parroquiabelen.org\/?page_id=659"},"modified":"2019-05-15T03:48:33","modified_gmt":"2019-05-15T03:48:33","slug":"area-de-la-palabra","status":"publish","type":"page","link":"https:\/\/parroquiabelen.org\/index.php\/area-de-la-palabra\/","title":{"rendered":"\u00c1rea De La Palabra"},"content":{"rendered":"<p>[et_pb_section fb_built=&#8221;1&#8243; admin_label=&#8221;Call to Actions&#8221; _builder_version=&#8221;3.17.1&#8243; background_image=&#8221;https:\/\/parroquiabelen.org\/wp-content\/uploads\/2018\/10\/church-18.jpg&#8221; parallax=&#8221;on&#8221; custom_padding=&#8221;54px|0px|110px|0px|false|false&#8221; box_shadow_style__hover=&#8221;none&#8221; box_shadow_style__hover_enabled=&#8221;none&#8221; box_shadow_color__hover=&#8221;rgba(0,0,0,0.3)&#8221; box_shadow_color__hover_enabled=&#8221;rgba(0,0,0,0.3)&#8221; gutter_width__hover=&#8221;3&#8243; gutter_width__hover_enabled=&#8221;3&#8243; parallax_1__hover=&#8221;off&#8221; parallax_1__hover_enabled=&#8221;off&#8221; parallax_2__hover=&#8221;off&#8221; parallax_2__hover_enabled=&#8221;off&#8221; parallax_3__hover=&#8221;off&#8221; parallax_3__hover_enabled=&#8221;off&#8221; parallax_method_1__hover=&#8221;on&#8221; parallax_method_1__hover_enabled=&#8221;on&#8221; parallax_method_2__hover=&#8221;on&#8221; parallax_method_2__hover_enabled=&#8221;on&#8221; parallax_method_3__hover=&#8221;on&#8221; parallax_method_3__hover_enabled=&#8221;on&#8221; inner_shadow__hover=&#8221;off&#8221; inner_shadow__hover_enabled=&#8221;off&#8221; make_fullwidth__hover=&#8221;off&#8221; make_fullwidth__hover_enabled=&#8221;off&#8221; use_custom_width__hover=&#8221;off&#8221; use_custom_width__hover_enabled=&#8221;off&#8221; width_unit__hover=&#8221;on&#8221; width_unit__hover_enabled=&#8221;on&#8221; custom_width_px__hover=&#8221;1080px&#8221; custom_width_px__hover_enabled=&#8221;1080px&#8221; custom_width_percent__hover=&#8221;80%&#8221; custom_width_percent__hover_enabled=&#8221;80%&#8221; make_equal__hover=&#8221;off&#8221; make_equal__hover_enabled=&#8221;off&#8221; use_custom_gutter__hover=&#8221;off&#8221; use_custom_gutter__hover_enabled=&#8221;off&#8221; border_radii__hover=&#8221;on||||&#8221; border_radii__hover_enabled=&#8221;on||||&#8221; max_width__hover=&#8221;100%&#8221; max_width__hover_enabled=&#8221;100%&#8221; filter_hue_rotate__hover=&#8221;0deg&#8221; filter_hue_rotate__hover_enabled=&#8221;0deg&#8221; filter_saturate__hover=&#8221;100%&#8221; filter_saturate__hover_enabled=&#8221;100%&#8221; filter_brightness__hover=&#8221;100%&#8221; filter_brightness__hover_enabled=&#8221;100%&#8221; filter_contrast__hover=&#8221;100%&#8221; filter_contrast__hover_enabled=&#8221;100%&#8221; filter_invert__hover=&#8221;0%&#8221; filter_invert__hover_enabled=&#8221;0%&#8221; filter_sepia__hover=&#8221;0%&#8221; filter_sepia__hover_enabled=&#8221;0%&#8221; filter_opacity__hover=&#8221;100%&#8221; filter_opacity__hover_enabled=&#8221;100%&#8221; filter_blur__hover=&#8221;0px&#8221; filter_blur__hover_enabled=&#8221;0px&#8221; mix_blend_mode__hover=&#8221;normal&#8221; mix_blend_mode__hover_enabled=&#8221;normal&#8221; animation_style__hover=&#8221;none&#8221; animation_style__hover_enabled=&#8221;none&#8221; animation_repeat__hover=&#8221;once&#8221; animation_repeat__hover_enabled=&#8221;once&#8221; animation_direction__hover=&#8221;center&#8221; animation_direction__hover_enabled=&#8221;center&#8221; animation_duration__hover=&#8221;1000ms&#8221; animation_duration__hover_enabled=&#8221;1000ms&#8221; animation_delay__hover=&#8221;0ms&#8221; animation_delay__hover_enabled=&#8221;0ms&#8221; animation_intensity_slide__hover=&#8221;50%&#8221; animation_intensity_slide__hover_enabled=&#8221;50%&#8221; animation_intensity_zoom__hover=&#8221;50%&#8221; animation_intensity_zoom__hover_enabled=&#8221;50%&#8221; animation_intensity_flip__hover=&#8221;50%&#8221; animation_intensity_flip__hover_enabled=&#8221;50%&#8221; animation_intensity_fold__hover=&#8221;50%&#8221; animation_intensity_fold__hover_enabled=&#8221;50%&#8221; animation_intensity_roll__hover=&#8221;50%&#8221; animation_intensity_roll__hover_enabled=&#8221;50%&#8221; animation_starting_opacity__hover=&#8221;0%&#8221; animation_starting_opacity__hover_enabled=&#8221;0%&#8221; animation_speed_curve__hover=&#8221;ease-in-out&#8221; animation_speed_curve__hover_enabled=&#8221;ease-in-out&#8221; hover_transition_duration__hover=&#8221;300ms&#8221; hover_transition_duration__hover_enabled=&#8221;300ms&#8221; hover_transition_delay__hover=&#8221;0ms&#8221; hover_transition_delay__hover_enabled=&#8221;0ms&#8221; hover_transition_speed_curve__hover=&#8221;ease&#8221; hover_transition_speed_curve__hover_enabled=&#8221;ease&#8221; use_background_color_gradient__hover=&#8221;off&#8221; use_background_color_gradient__hover_enabled=&#8221;off&#8221; background_color_gradient_start__hover=&#8221;#2b87da&#8221; background_color_gradient_start__hover_enabled=&#8221;#2b87da&#8221; background_color_gradient_end__hover=&#8221;#29c4a9&#8243; background_color_gradient_end__hover_enabled=&#8221;#29c4a9&#8243; background_color_gradient_type__hover=&#8221;linear&#8221; background_color_gradient_type__hover_enabled=&#8221;linear&#8221; background_color_gradient_direction__hover=&#8221;180deg&#8221; background_color_gradient_direction__hover_enabled=&#8221;180deg&#8221; background_color_gradient_direction_radial__hover=&#8221;center&#8221; background_color_gradient_direction_radial__hover_enabled=&#8221;center&#8221; background_color_gradient_start_position__hover=&#8221;0%&#8221; background_color_gradient_start_position__hover_enabled=&#8221;0%&#8221; background_color_gradient_end_position__hover=&#8221;100%&#8221; background_color_gradient_end_position__hover_enabled=&#8221;100%&#8221; background_color_gradient_overlays_image__hover=&#8221;off&#8221; background_color_gradient_overlays_image__hover_enabled=&#8221;off&#8221; parallax__hover=&#8221;off&#8221; parallax__hover_enabled=&#8221;off&#8221; parallax_method__hover=&#8221;on&#8221; parallax_method__hover_enabled=&#8221;on&#8221; background_size__hover=&#8221;cover&#8221; background_size__hover_enabled=&#8221;cover&#8221; background_position__hover=&#8221;center&#8221; background_position__hover_enabled=&#8221;center&#8221; background_repeat__hover=&#8221;no-repeat&#8221; background_repeat__hover_enabled=&#8221;no-repeat&#8221; background_blend__hover=&#8221;normal&#8221; background_blend__hover_enabled=&#8221;normal&#8221; allow_player_pause__hover=&#8221;off&#8221; allow_player_pause__hover_enabled=&#8221;off&#8221; background_video_pause_outside_viewport__hover=&#8221;on&#8221; background_video_pause_outside_viewport__hover_enabled=&#8221;on&#8221;][et_pb_row _builder_version=&#8221;3.21.1&#8243;][et_pb_column type=&#8221;4_4&#8243; _builder_version=&#8221;3.21.1&#8243;][et_pb_image src=&#8221;https:\/\/parroquiabelen.org\/wp-content\/uploads\/2019\/04\/banner-PastoraldelaPalabra.png&#8221; _builder_version=&#8221;3.21.1&#8243; use_background_color_gradient=&#8221;on&#8221; background_image=&#8221;https:\/\/parroquiabelen.org\/wp-content\/uploads\/2019\/02\/banner-organizaci\u00f3n.png&#8221;][\/et_pb_image][\/et_pb_column][\/et_pb_row][et_pb_row custom_padding=&#8221;27px|0px|28px|0px|false|false&#8221; _builder_version=&#8221;3.21.1&#8243;][et_pb_column type=&#8221;1_2&#8243; _builder_version=&#8221;3.21.1&#8243;][et_pb_image src=&#8221;https:\/\/parroquiabelen.org\/wp-content\/uploads\/2019\/04\/Banner-pastorales-misi\u00f3n.png&#8221; url=&#8221;https:\/\/parroquiabelen.org\/index.php\/pastorales\/pastoral-de-mision\/&#8221; _builder_version=&#8221;3.21.1&#8243;][\/et_pb_image][et_pb_text _builder_version=&#8221;3.21.1&#8243;]<\/p>\n<h4 class=\"et_pb_module_header\"><strong>OBJETIVO GENERAL<\/strong><\/h4>\n<p style=\"text-align: justify;\">Anunciar el Evangelio de Nuestro Se\u00f1or Jesucristo, para que sea conocido, amado y servido a trav\u00e9s de retiros de Evangelizaci\u00f3n cerrados y abiertos con estrategias que lleven a los participantes a un encuentro personal y de ojos abiertos y coraz\u00f3n palpitante con Jes\u00fas, como dec\u00eda el Santo Juan Pablo II.<\/p>\n<p style=\"text-align: justify;\"><a href=\"https:\/\/parroquiabelen.org\/index.php\/pastorales\/pastoral-de-mision\/\">Leer m\u00e1s&#8230;<\/a><\/p>\n<p style=\"text-align: justify;\">[\/et_pb_text][\/et_pb_column][et_pb_column type=&#8221;1_2&#8243; _builder_version=&#8221;3.21.1&#8243;][et_pb_image src=&#8221;https:\/\/parroquiabelen.org\/wp-content\/uploads\/2019\/04\/Banner-pastorales-comunidades.png&#8221; url=&#8221;https:\/\/parroquiabelen.org\/index.php\/pastoral-de-comunidades\/&#8221; _builder_version=&#8221;3.21.1&#8243;][\/et_pb_image][et_pb_text _builder_version=&#8221;3.21.1&#8243;]<\/p>\n<h4><strong>OBJETIVO<\/strong><\/h4>\n<p>La vocaci\u00f3n universal de la comunidad y la meta general es el ser SANTO + HERMANOS + AP\u00d3STOLES, en una iglesia nueva para un mundo nuevo con una cultura cristiana.<\/p>\n<p><a href=\"https:\/\/parroquiabelen.org\/index.php\/pastoral-de-comunidades\/\">Leer m\u00e1s&#8230;\u00a0<\/a><\/p>\n<p>[\/et_pb_text][\/et_pb_column][\/et_pb_row][et_pb_row _builder_version=&#8221;3.21.1&#8243;][et_pb_column type=&#8221;1_3&#8243; _builder_version=&#8221;3.21.1&#8243;][et_pb_image src=&#8221;https:\/\/parroquiabelen.org\/wp-content\/uploads\/2019\/05\/Banner-pastorales-Cat-Permanente.png&#8221; url=&#8221;https:\/\/parroquiabelen.org\/index.php\/catequesis-permanente\/&#8221; _builder_version=&#8221;3.21.1&#8243;][\/et_pb_image][et_pb_text _builder_version=&#8221;3.21.1&#8243;]<\/p>\n<h3><span><strong>OBJETIVO GENERAL<\/strong><\/span><\/h3>\n<p><span>Garantizar la formaci\u00f3n catequ\u00e9tica de los adultos en la Parroquia, despu\u00e9s del retiro de Evangelizaci\u00f3n fundamental, a trav\u00e9s de la catequesis sistem\u00e1tica, programada y gradual del contacto con La Palabra de Dios.<\/span><\/p>\n<p><a href=\"OBJETIVO%20GENERAL Garantizar la formaci\u00f3n catequ\u00e9tica de los adultos en la Parroquia, despu\u00e9s del retiro de Evangelizaci\u00f3n fundamental, a trav\u00e9s de la catequesis sistem\u00e1tica, programada y gradual del contacto con La Palabra de Dios. En el marco de las peque\u00f1as comunidades que se han formado a trav\u00e9s de los retiros de Evangelizaci\u00f3n.\"><span>Leer m\u00e1s&#8230;<\/span><\/a><\/p>\n<p>[\/et_pb_text][\/et_pb_column][et_pb_column type=&#8221;1_3&#8243; _builder_version=&#8221;3.21.1&#8243;][et_pb_image src=&#8221;https:\/\/parroquiabelen.org\/wp-content\/uploads\/2019\/05\/Banner-pastorales-josefina.png&#8221; url=&#8221;https:\/\/parroquiabelen.org\/index.php\/josefinos\/?et_fb=1&#038;PageSpeed=off&#8221; _builder_version=&#8221;3.21.1&#8243;][\/et_pb_image][et_pb_text _builder_version=&#8221;3.21.1&#8243;]<\/p>\n<h4><span><strong>OBJETIVO GENERAL<\/strong><\/span><\/h4>\n<p style=\"text-align: justify;\"><span>Acoger, vivir, profundizar, enriquecer y actualizar el carisma josefino en nuestra parroquia, que no s impulse a promover el conocimiento, culto y devoci\u00f3n a San Jos\u00e9 a imitaci\u00f3n del siervo de Dios Padre Jos\u00e9 Mar\u00eda Vilaseca.<\/span><\/p>\n<p><a href=\"https:\/\/parroquiabelen.org\/index.php\/josefinos\/?et_fb=1&amp;PageSpeed=off\"><span>Leer mas&#8230;<\/span><\/a><\/p>\n<p>[\/et_pb_text][\/et_pb_column][et_pb_column type=&#8221;1_3&#8243; _builder_version=&#8221;3.21.1&#8243;][et_pb_image src=&#8221;https:\/\/parroquiabelen.org\/wp-content\/uploads\/2019\/05\/Banner-pastorales-Crecimiento.png&#8221; url=&#8221;https:\/\/parroquiabelen.org\/index.php\/crecimiento-espiritual\/&#8221; _builder_version=&#8221;3.21.1&#8243;][\/et_pb_image][et_pb_text _builder_version=&#8221;3.21.1&#8243;]<\/p>\n<h4><span><strong>OBJETIVO GENERAL<\/strong><\/span><\/h4>\n<p><span>Acompa\u00f1ar a cada hermano evangelizado personalmente, sirvi\u00e9ndose de un discipulador, quien lo conducir\u00e1 hacia la santidad, bajo la direcci\u00f3n del Esp\u00edritu Santo y sirvi\u00e9ndose de los medios recomendados por la Iglesia.<\/span><\/p>\n<p><a href=\"https:\/\/parroquiabelen.org\/index.php\/crecimiento-espiritual\/?et_fb=1&amp;PageSpeed=off\"><span>Leer m\u00e1s&#8230;<\/span><\/a><\/p>\n<p>[\/et_pb_text][\/et_pb_column][\/et_pb_row][\/et_pb_section]<\/p>\n","protected":false},"excerpt":{"rendered":"<p>[et_pb_section fb_built=&#8221;1&#8243; admin_label=&#8221;Call to Actions&#8221; _builder_version=&#8221;3.17.1&#8243; background_image=&#8221;https:\/\/parroquiabelen.org\/wp-content\/uploads\/2018\/10\/church-18.jpg&#8221; parallax=&#8221;on&#8221; custom_padding=&#8221;54px|0px|110px|0px|false|false&#8221; box_shadow_style__hover=&#8221;none&#8221; box_shadow_style__hover_enabled=&#8221;none&#8221; box_shadow_color__hover=&#8221;rgba(0,0,0,0.3)&#8221; box_shadow_color__hover_enabled=&#8221;rgba(0,0,0,0.3)&#8221; gutter_width__hover=&#8221;3&#8243; gutter_width__hover_enabled=&#8221;3&#8243; parallax_1__hover=&#8221;off&#8221; parallax_1__hover_enabled=&#8221;off&#8221; parallax_2__hover=&#8221;off&#8221; parallax_2__hover_enabled=&#8221;off&#8221; parallax_3__hover=&#8221;off&#8221; parallax_3__hover_enabled=&#8221;off&#8221; parallax_method_1__hover=&#8221;on&#8221; parallax_method_1__hover_enabled=&#8221;on&#8221; parallax_method_2__hover=&#8221;on&#8221; parallax_method_2__hover_enabled=&#8221;on&#8221; parallax_method_3__hover=&#8221;on&#8221; parallax_method_3__hover_enabled=&#8221;on&#8221; inner_shadow__hover=&#8221;off&#8221; inner_shadow__hover_enabled=&#8221;off&#8221; make_fullwidth__hover=&#8221;off&#8221; make_fullwidth__hover_enabled=&#8221;off&#8221; use_custom_width__hover=&#8221;off&#8221; use_custom_width__hover_enabled=&#8221;off&#8221; width_unit__hover=&#8221;on&#8221; width_unit__hover_enabled=&#8221;on&#8221; custom_width_px__hover=&#8221;1080px&#8221; custom_width_px__hover_enabled=&#8221;1080px&#8221; custom_width_percent__hover=&#8221;80%&#8221; custom_width_percent__hover_enabled=&#8221;80%&#8221; make_equal__hover=&#8221;off&#8221; make_equal__hover_enabled=&#8221;off&#8221; use_custom_gutter__hover=&#8221;off&#8221; use_custom_gutter__hover_enabled=&#8221;off&#8221; border_radii__hover=&#8221;on||||&#8221; border_radii__hover_enabled=&#8221;on||||&#8221; max_width__hover=&#8221;100%&#8221; max_width__hover_enabled=&#8221;100%&#8221; filter_hue_rotate__hover=&#8221;0deg&#8221; filter_hue_rotate__hover_enabled=&#8221;0deg&#8221; filter_saturate__hover=&#8221;100%&#8221; filter_saturate__hover_enabled=&#8221;100%&#8221; filter_brightness__hover=&#8221;100%&#8221; filter_brightness__hover_enabled=&#8221;100%&#8221; filter_contrast__hover=&#8221;100%&#8221; filter_contrast__hover_enabled=&#8221;100%&#8221; [&hellip;]<\/p>\n","protected":false},"author":1,"featured_media":0,"parent":0,"menu_order":0,"comment_status":"closed","ping_status":"closed","template":"","meta":{"_et_pb_use_builder":"on","_et_pb_old_content":"<!-- wp:divi\/placeholder \/-->"},"_links":{"self":[{"href":"https:\/\/parroquiabelen.org\/index.php\/wp-json\/wp\/v2\/pages\/659"}],"collection":[{"href":"https:\/\/parroquiabelen.org\/index.php\/wp-json\/wp\/v2\/pages"}],"about":[{"href":"https:\/\/parroquiabelen.org\/index.php\/wp-json\/wp\/v2\/types\/page"}],"author":[{"embeddable":true,"href":"https:\/\/parroquiabelen.org\/index.php\/wp-json\/wp\/v2\/users\/1"}],"replies":[{"embeddable":true,"href":"https:\/\/parroquiabelen.org\/index.php\/wp-json\/wp\/v2\/comments?post=659"}],"version-history":[{"count":18,"href":"https:\/\/parroquiabelen.org\/index.php\/wp-json\/wp\/v2\/pages\/659\/revisions"}],"predecessor-version":[{"id":1008,"href":"https:\/\/parroquiabelen.org\/index.php\/wp-json\/wp\/v2\/pages\/659\/revisions\/1008"}],"wp:attachment":[{"href":"https:\/\/parroquiabelen.org\/index.php\/wp-json\/wp\/v2\/media?parent=659"}],"curies":[{"name":"wp","href":"https:\/\/api.w.org\/{rel}","templated":true}]}}