{"id":541,"date":"2019-03-23T21:35:54","date_gmt":"2019-03-23T21:35:54","guid":{"rendered":"http:\/\/parroquiabelen.org\/?page_id=541"},"modified":"2019-05-15T04:01:19","modified_gmt":"2019-05-15T04:01:19","slug":"familia","status":"publish","type":"page","link":"https:\/\/parroquiabelen.org\/index.php\/familia\/","title":{"rendered":"Familia"},"content":{"rendered":"<p>[et_pb_section fb_built=&#8221;1&#8243; _builder_version=&#8221;3.21.1&#8243;][et_pb_row _builder_version=&#8221;3.21.1&#8243;][et_pb_column type=&#8221;4_4&#8243; _builder_version=&#8221;3.21.1&#8243;][et_pb_image src=&#8221;https:\/\/parroquiabelen.org\/wp-content\/uploads\/2019\/05\/banner-area-familia.png&#8221; _builder_version=&#8221;3.21.1&#8243;][\/et_pb_image][\/et_pb_column][\/et_pb_row][et_pb_row _builder_version=&#8221;3.21.1&#8243;][et_pb_column type=&#8221;1_2&#8243; _builder_version=&#8221;3.21.1&#8243;][et_pb_image src=&#8221;https:\/\/parroquiabelen.org\/wp-content\/uploads\/2019\/05\/banner-cabeceras-pastorales-familiar.png&#8221; url=&#8221;https:\/\/parroquiabelen.org\/index.php\/pastoral-familiar\/&#8221; _builder_version=&#8221;3.21.1&#8243;][\/et_pb_image][et_pb_text _builder_version=&#8221;3.21.1&#8243;]<\/p>\n<p style=\"text-align: justify;\"><span>La Pastoral Familiar debe ser una prioridad b\u00e1sica, sentida, real y operante. B\u00e1sica como frontera de la Nueva Evangelizaci\u00f3n. Sentida, es decir acogida y asumida por toda la comunidad diocesana.<\/span><\/p>\n<p style=\"text-align: justify;\"><a href=\"https:\/\/parroquiabelen.org\/index.php\/pastoral-familiar\/\"><span>Leer m\u00e1s&#8230;<\/span><\/a><\/p>\n<p>[\/et_pb_text][\/et_pb_column][et_pb_column type=&#8221;1_2&#8243; _builder_version=&#8221;3.21.1&#8243;][et_pb_image src=&#8221;https:\/\/parroquiabelen.org\/wp-content\/uploads\/2019\/05\/banner-cabeceras-pastorales-catequesis-basica.png&#8221; url=&#8221;https:\/\/parroquiabelen.org\/index.php\/catequesis-basica\/&#8221; _builder_version=&#8221;3.21.1&#8243;][\/et_pb_image][et_pb_text _builder_version=&#8221;3.21.1&#8243;]<\/p>\n<h3><span><strong>OBJETIVO GENERAL<\/strong><\/span><\/h3>\n<p><span>Educar en la fe a los ni\u00f1os, a los j\u00f3venes y adultos, especialmente la ense\u00f1anza de la Doctrina Cristiana&#8230;<\/span><\/p>\n<p><a href=\"https:\/\/parroquiabelen.org\/index.php\/catequesis-basica\/\"><span>Leer m\u00e1s&#8230;<\/span><\/a><\/p>\n<p>[\/et_pb_text][\/et_pb_column][\/et_pb_row][et_pb_row _builder_version=&#8221;3.21.1&#8243;][et_pb_column type=&#8221;1_3&#8243; _builder_version=&#8221;3.21.1&#8243;][et_pb_image src=&#8221;https:\/\/parroquiabelen.org\/wp-content\/uploads\/2019\/05\/banner-cabeceras-pastorales-de-ni\u00f1os.png&#8221; url=&#8221;https:\/\/parroquiabelen.org\/index.php\/pastoral-de-ninos\/&#8221; _builder_version=&#8221;3.21.1&#8243;][\/et_pb_image][et_pb_text _builder_version=&#8221;3.21.1&#8243;]<\/p>\n<p style=\"text-align: justify;\"><span>La Pastoral de Ni\u00f1os, vela por la iniciaci\u00f3n de los ni\u00f1os de la parroquia ene. Conocimiento de Cristo y para que en forma ordenada y progresiva vayan conociendo las verdades de la fe. Trabaja con los ni\u00f1os de cinco hasta los doce a\u00f1os.<\/span><\/p>\n<p style=\"text-align: justify;\"><a href=\"https:\/\/parroquiabelen.org\/index.php\/pastoral-de-ninos\/\"><span>Leer m\u00e1s&#8230;\u00a0<\/span><\/a><\/p>\n<p>[\/et_pb_text][\/et_pb_column][et_pb_column type=&#8221;1_3&#8243; _builder_version=&#8221;3.21.1&#8243;][et_pb_image src=&#8221;https:\/\/parroquiabelen.org\/wp-content\/uploads\/2019\/05\/banner-cabeceras-pastorales-prejuvenil.png&#8221; url=&#8221;https:\/\/parroquiabelen.org\/index.php\/prejuvenil\/&#8221; _builder_version=&#8221;3.21.1&#8243;][\/et_pb_image][et_pb_text _builder_version=&#8221;3.21.1&#8243;]<\/p>\n<p><span>Su objetivo es anunciar el nombre, la doctrina, la vida, las promesas, el Reino, el misterio de Jes\u00fas de Nazareth, Hijo de Dios, en un lenguaje juvenil y que los j\u00f3venes adolescentes se adhieran a este mensaje.<\/span><\/p>\n<p><a href=\"https:\/\/parroquiabelen.org\/index.php\/prejuvenil\/\"><span>Leer m\u00e1s&#8230;<\/span><\/a><\/p>\n<p>[\/et_pb_text][\/et_pb_column][et_pb_column type=&#8221;1_3&#8243; _builder_version=&#8221;3.21.1&#8243;][et_pb_image src=&#8221;https:\/\/parroquiabelen.org\/wp-content\/uploads\/2019\/05\/banner-cabeceras-pastorales-Juvenil.png&#8221; url=&#8221;https:\/\/parroquiabelen.org\/index.php\/pastoral-juvenil\/&#8221; _builder_version=&#8221;3.21.1&#8243;][\/et_pb_image][et_pb_text _builder_version=&#8221;3.21.1&#8243;]<\/p>\n<p style=\"text-align: justify;\"><span>La Pastoral Juvenil se define como la acci\u00f3n organizada de la Iglesia para acompa\u00f1ar a los j\u00f3venes a descubrir, seguir y comprometerse con Jesucristo y su mensaje para que, transformados en hombres nuevos&#8230;<\/span><\/p>\n<p style=\"text-align: justify;\"><a href=\"https:\/\/parroquiabelen.org\/index.php\/pastoral-juvenil\/\"><span>Leer m\u00e1s&#8230;<\/span><\/a><\/p>\n<p>[\/et_pb_text][\/et_pb_column][\/et_pb_row][\/et_pb_section]<\/p>\n","protected":false},"excerpt":{"rendered":"<p>[et_pb_section fb_built=&#8221;1&#8243; _builder_version=&#8221;3.21.1&#8243;][et_pb_row _builder_version=&#8221;3.21.1&#8243;][et_pb_column type=&#8221;4_4&#8243; _builder_version=&#8221;3.21.1&#8243;][et_pb_image src=&#8221;https:\/\/parroquiabelen.org\/wp-content\/uploads\/2019\/05\/banner-area-familia.png&#8221; _builder_version=&#8221;3.21.1&#8243;][\/et_pb_image][\/et_pb_column][\/et_pb_row][et_pb_row _builder_version=&#8221;3.21.1&#8243;][et_pb_column type=&#8221;1_2&#8243; _builder_version=&#8221;3.21.1&#8243;][et_pb_image src=&#8221;https:\/\/parroquiabelen.org\/wp-content\/uploads\/2019\/05\/banner-cabeceras-pastorales-familiar.png&#8221; url=&#8221;https:\/\/parroquiabelen.org\/index.php\/pastoral-familiar\/&#8221; _builder_version=&#8221;3.21.1&#8243;][\/et_pb_image][et_pb_text _builder_version=&#8221;3.21.1&#8243;] La Pastoral Familiar debe ser una prioridad b\u00e1sica, sentida, real y operante. B\u00e1sica como frontera de la Nueva Evangelizaci\u00f3n. Sentida, es decir acogida y asumida por toda la comunidad diocesana. Leer m\u00e1s&#8230; [\/et_pb_text][\/et_pb_column][et_pb_column type=&#8221;1_2&#8243; _builder_version=&#8221;3.21.1&#8243;][et_pb_image src=&#8221;https:\/\/parroquiabelen.org\/wp-content\/uploads\/2019\/05\/banner-cabeceras-pastorales-catequesis-basica.png&#8221; url=&#8221;https:\/\/parroquiabelen.org\/index.php\/catequesis-basica\/&#8221; _builder_version=&#8221;3.21.1&#8243;][\/et_pb_image][et_pb_text _builder_version=&#8221;3.21.1&#8243;] OBJETIVO [&hellip;]<\/p>\n","protected":false},"author":1,"featured_media":0,"parent":0,"menu_order":0,"comment_status":"closed","ping_status":"closed","template":"","meta":{"_et_pb_use_builder":"on","_et_pb_old_content":""},"_links":{"self":[{"href":"https:\/\/parroquiabelen.org\/index.php\/wp-json\/wp\/v2\/pages\/541"}],"collection":[{"href":"https:\/\/parroquiabelen.org\/index.php\/wp-json\/wp\/v2\/pages"}],"about":[{"href":"https:\/\/parroquiabelen.org\/index.php\/wp-json\/wp\/v2\/types\/page"}],"author":[{"embeddable":true,"href":"https:\/\/parroquiabelen.org\/index.php\/wp-json\/wp\/v2\/users\/1"}],"replies":[{"embeddable":true,"href":"https:\/\/parroquiabelen.org\/index.php\/wp-json\/wp\/v2\/comments?post=541"}],"version-history":[{"count":7,"href":"https:\/\/parroquiabelen.org\/index.php\/wp-json\/wp\/v2\/pages\/541\/revisions"}],"predecessor-version":[{"id":1013,"href":"https:\/\/parroquiabelen.org\/index.php\/wp-json\/wp\/v2\/pages\/541\/revisions\/1013"}],"wp:attachment":[{"href":"https:\/\/parroquiabelen.org\/index.php\/wp-json\/wp\/v2\/media?parent=541"}],"curies":[{"name":"wp","href":"https:\/\/api.w.org\/{rel}","templated":true}]}}