{"id":527,"date":"2019-03-23T21:33:15","date_gmt":"2019-03-23T21:33:15","guid":{"rendered":"http:\/\/parroquiabelen.org\/?page_id=527"},"modified":"2022-03-24T21:40:32","modified_gmt":"2022-03-24T21:40:32","slug":"josefinos","status":"publish","type":"page","link":"https:\/\/parroquiabelen.org\/index.php\/josefinos\/","title":{"rendered":"Josefinos"},"content":{"rendered":"<p>[et_pb_section fb_built=&#8221;1&#8243; fullwidth=&#8221;on&#8221; _builder_version=&#8221;3.21.1&#8243;][et_pb_fullwidth_image src=&#8221;https:\/\/parroquiabelen.org\/wp-content\/uploads\/2019\/05\/banner-cabeceras-pastorales-josefinos.png&#8221; _builder_version=&#8221;3.21.1&#8243;][\/et_pb_fullwidth_image][\/et_pb_section][et_pb_section fb_built=&#8221;1&#8243; _builder_version=&#8221;3.21.1&#8243;][et_pb_row _builder_version=&#8221;3.21.1&#8243;][et_pb_column type=&#8221;2_5&#8243; _builder_version=&#8221;3.21.1&#8243;][et_pb_text _builder_version=&#8221;3.21.1&#8243;]<\/p>\n<h3><span style=\"color: #000000;\"><strong>OBJETIVO GENERAL<\/strong><\/span><\/h3>\n<p><span style=\"color: #000000;\">Acoger, vivir, profundizar, enriquecer y actualizar el carisma josefino en nuestra parroquia, que no s impulse a promover el conocimiento, culto y devoci\u00f3n a San Jos\u00e9 a imitaci\u00f3n del siervo de Dios Padre Jos\u00e9 Mar\u00eda Vilaseca.<\/span><\/p>\n<p>[\/et_pb_text][et_pb_image src=&#8221;https:\/\/parroquiabelen.org\/wp-content\/uploads\/2022\/03\/San-Jose.png&#8221; _builder_version=&#8221;3.21.1&#8243;][\/et_pb_image][et_pb_text _builder_version=&#8221;3.21.1&#8243;]<\/p>\n<p><span style=\"color: #000000;\"><strong>VISI\u00d3N<\/strong> <\/span><br \/><span style=\"color: #000000;\">Tener laicos josefinos que conozcan y amen a San Jos\u00e9 y que en la pr\u00e1ctica de sus virtudes el padre Vilaseca sea un modelo para ellos.<\/span><\/p>\n<p><span style=\"color: #000000;\"><strong><span>MISI\u00d3N<\/span><\/strong><br \/><span> Redescubrir la vida del Padre Vilaseca y dar a conocer a San Jos\u00e9 en el misterio de Cristo y de la Iglesia.<\/span><\/span><\/p>\n<p>[\/et_pb_text][\/et_pb_column][et_pb_column type=&#8221;3_5&#8243; _builder_version=&#8221;3.21.1&#8243;][et_pb_image src=&#8221;https:\/\/parroquiabelen.org\/wp-content\/uploads\/2022\/03\/San-Jose-2.png&#8221; _builder_version=&#8221;3.21.1&#8243;][\/et_pb_image][et_pb_text _builder_version=&#8221;3.21.1&#8243;]<\/p>\n<h4><span style=\"color: #000000;\"><strong>OBJETIVOS ESPEC\u00cdFICOS<\/strong><\/span><\/h4>\n<p><span style=\"color: #000000;\">Acrecentar en los fieles el deseo de conocer y amar al Se\u00f1or San Jos\u00e9 esposo de Mar\u00eda y Padre de Jes\u00fas, de manera que as\u00ed como nosotros recibimos tantas gracias, as\u00ed procuremos que la reciban todos los fieles cristianos.<\/span><\/p>\n<p><span style=\"color: #000000;\">Profundizar e intensificar la vida de oraci\u00f3n, a trav\u00e9s del m\u00e9todo del Padre Vilaseca.<\/span><\/p>\n<p><span style=\"color: #000000;\">Instruir en los principios vilasecanos a la ni\u00f1ez y juventud, contribuyendo as\u00ed eficazmente a su bien espiritual, para que lleguen a ser hombres \u00edntegros en la acci\u00f3n para el bien de la sociedad y de la Iglesia.<\/span><\/p>\n<p><span style=\"color: #000000;\">Crear instrumentos que extiendan la devoci\u00f3n a San Jos\u00e9 y den a conocer el trabajo y la vida del gran legado del Padre Vilaseca: los Misioneros Josefinos.<\/span><\/p>\n<p><span style=\"color: #000000;\">Despertar en las familias las vocaciones sacerdotales y misioneras, promoviendo principalmente la aspiraci\u00f3n a ser misioneros y hermanas josefinas.<\/span><\/p>\n<p><span style=\"color: #000000;\">Dar vida al principio Vilasecano \u201cestar siempre \u00fatilmente ocupado\u201d, motivando de esta manera al servicio y pertenencia en los diversos ministerios.<\/span><\/p>\n<p>&nbsp;<\/p>\n<p>[\/et_pb_text][\/et_pb_column][\/et_pb_row][et_pb_row _builder_version=&#8221;3.21.1&#8243;][et_pb_column type=&#8221;1_4&#8243; _builder_version=&#8221;3.21.1&#8243;][et_pb_image src=&#8221;https:\/\/parroquiabelen.org\/wp-content\/uploads\/2019\/04\/Banner-pastorales-comunidades.png&#8221; url=&#8221;https:\/\/parroquiabelen.org\/index.php\/pastoral-de-comunidades\/&#8221; _builder_version=&#8221;3.21.1&#8243;][\/et_pb_image][\/et_pb_column][et_pb_column type=&#8221;1_4&#8243; _builder_version=&#8221;3.21.1&#8243;][et_pb_image src=&#8221;https:\/\/parroquiabelen.org\/wp-content\/uploads\/2019\/05\/Banner-pastorales-Cat-Permanente.png&#8221; url=&#8221;https:\/\/parroquiabelen.org\/index.php\/catequesis-permanente\/&#8221; _builder_version=&#8221;3.21.1&#8243;][\/et_pb_image][\/et_pb_column][et_pb_column type=&#8221;1_4&#8243; _builder_version=&#8221;3.21.1&#8243;][et_pb_image src=&#8221;https:\/\/parroquiabelen.org\/wp-content\/uploads\/2019\/04\/Banner-pastorales-misi\u00f3n.png&#8221; url=&#8221;https:\/\/parroquiabelen.org\/index.php\/pastorales\/pastoral-de-mision\/?et_fb=1&#038;PageSpeed=off&#8221; _builder_version=&#8221;3.21.1&#8243;][\/et_pb_image][\/et_pb_column][et_pb_column type=&#8221;1_4&#8243; _builder_version=&#8221;3.21.1&#8243;][et_pb_image src=&#8221;https:\/\/parroquiabelen.org\/wp-content\/uploads\/2019\/05\/Banner-pastorales-Crecimiento.png&#8221; url=&#8221;https:\/\/parroquiabelen.org\/index.php\/crecimiento-espiritual\/&#8221; _builder_version=&#8221;3.21.1&#8243;][\/et_pb_image][\/et_pb_column][\/et_pb_row][\/et_pb_section]<\/p>\n","protected":false},"excerpt":{"rendered":"<p>[et_pb_section fb_built=&#8221;1&#8243; fullwidth=&#8221;on&#8221; _builder_version=&#8221;3.21.1&#8243;][et_pb_fullwidth_image src=&#8221;https:\/\/parroquiabelen.org\/wp-content\/uploads\/2019\/05\/banner-cabeceras-pastorales-josefinos.png&#8221; _builder_version=&#8221;3.21.1&#8243;][\/et_pb_fullwidth_image][\/et_pb_section][et_pb_section fb_built=&#8221;1&#8243; _builder_version=&#8221;3.21.1&#8243;][et_pb_row _builder_version=&#8221;3.21.1&#8243;][et_pb_column type=&#8221;2_5&#8243; _builder_version=&#8221;3.21.1&#8243;][et_pb_text _builder_version=&#8221;3.21.1&#8243;] OBJETIVO GENERAL Acoger, vivir, profundizar, enriquecer y actualizar el carisma josefino en nuestra parroquia, que no s impulse a promover el conocimiento, culto y devoci\u00f3n a San Jos\u00e9 a imitaci\u00f3n del siervo de Dios Padre Jos\u00e9 Mar\u00eda Vilaseca. [\/et_pb_text][et_pb_image src=&#8221;https:\/\/parroquiabelen.org\/wp-content\/uploads\/2022\/03\/San-Jose.png&#8221; _builder_version=&#8221;3.21.1&#8243;][\/et_pb_image][et_pb_text _builder_version=&#8221;3.21.1&#8243;] VISI\u00d3N [&hellip;]<\/p>\n","protected":false},"author":1,"featured_media":0,"parent":0,"menu_order":0,"comment_status":"closed","ping_status":"closed","template":"","meta":{"_et_pb_use_builder":"on","_et_pb_old_content":""},"_links":{"self":[{"href":"https:\/\/parroquiabelen.org\/index.php\/wp-json\/wp\/v2\/pages\/527"}],"collection":[{"href":"https:\/\/parroquiabelen.org\/index.php\/wp-json\/wp\/v2\/pages"}],"about":[{"href":"https:\/\/parroquiabelen.org\/index.php\/wp-json\/wp\/v2\/types\/page"}],"author":[{"embeddable":true,"href":"https:\/\/parroquiabelen.org\/index.php\/wp-json\/wp\/v2\/users\/1"}],"replies":[{"embeddable":true,"href":"https:\/\/parroquiabelen.org\/index.php\/wp-json\/wp\/v2\/comments?post=527"}],"version-history":[{"count":10,"href":"https:\/\/parroquiabelen.org\/index.php\/wp-json\/wp\/v2\/pages\/527\/revisions"}],"predecessor-version":[{"id":1711,"href":"https:\/\/parroquiabelen.org\/index.php\/wp-json\/wp\/v2\/pages\/527\/revisions\/1711"}],"wp:attachment":[{"href":"https:\/\/parroquiabelen.org\/index.php\/wp-json\/wp\/v2\/media?parent=527"}],"curies":[{"name":"wp","href":"https:\/\/api.w.org\/{rel}","templated":true}]}}