{"id":525,"date":"2019-03-23T21:33:02","date_gmt":"2019-03-23T21:33:02","guid":{"rendered":"http:\/\/parroquiabelen.org\/?page_id=525"},"modified":"2019-05-15T04:25:10","modified_gmt":"2019-05-15T04:25:10","slug":"crecimiento-espiritual","status":"publish","type":"page","link":"https:\/\/parroquiabelen.org\/index.php\/crecimiento-espiritual\/","title":{"rendered":"Crecimiento Espiritual"},"content":{"rendered":"<p>[et_pb_section fb_built=&#8221;1&#8243; fullwidth=&#8221;on&#8221; _builder_version=&#8221;3.21.1&#8243;][et_pb_fullwidth_image src=&#8221;https:\/\/parroquiabelen.org\/wp-content\/uploads\/2019\/05\/banner-cabeceras-pastorales-crecimiento.png&#8221; _builder_version=&#8221;3.21.1&#8243;][\/et_pb_fullwidth_image][\/et_pb_section][et_pb_section fb_built=&#8221;1&#8243; _builder_version=&#8221;3.21.1&#8243;][et_pb_row _builder_version=&#8221;3.21.1&#8243;][et_pb_column type=&#8221;1_2&#8243; _builder_version=&#8221;3.21.1&#8243;][et_pb_text _builder_version=&#8221;3.21.1&#8243;]<\/p>\n<p style=\"text-align: justify;\"><span style=\"color: #000000;\">LA INTENCI\u00d3N Y EL PROYECTO DE DIOS al crear a la persona humana, consiste en levarla a la participaci\u00f3n de la vide del hijo, la vida cristiana nace de nuestra incorporaci\u00f3n a Cristo, es la vida de cristo en nosotros, s\u00f3lo puede producirse en nosotros mediante el Esp\u00edritu Santo, SOMOS FORMADORES DE LO MAS VALIOSO QUE EXISTE EN EL UNIVERSO: LA PERSONA HUMANA.<\/span><\/p>\n<p>[\/et_pb_text][et_pb_image src=&#8221;data:image\/svg+xml;base64,PHN2ZyB3aWR0aD0iMTA4MCIgaGVpZ2h0PSI1NDAiIHZpZXdCb3g9IjAgMCAxMDgwIDU0MCIgeG1sbnM9Imh0dHA6Ly93d3cudzMub3JnLzIwMDAvc3ZnIj4KICAgIDxnIGZpbGw9Im5vbmUiIGZpbGwtcnVsZT0iZXZlbm9kZCI+CiAgICAgICAgPHBhdGggZmlsbD0iI0VCRUJFQiIgZD0iTTAgMGgxMDgwdjU0MEgweiIvPgogICAgICAgIDxwYXRoIGQ9Ik00NDUuNjQ5IDU0MGgtOTguOTk1TDE0NC42NDkgMzM3Ljk5NSAwIDQ4Mi42NDR2LTk4Ljk5NWwxMTYuMzY1LTExNi4zNjVjMTUuNjItMTUuNjIgNDAuOTQ3LTE1LjYyIDU2LjU2OCAwTDQ0NS42NSA1NDB6IiBmaWxsLW9wYWNpdHk9Ii4xIiBmaWxsPSIjMDAwIiBmaWxsLXJ1bGU9Im5vbnplcm8iLz4KICAgICAgICA8Y2lyY2xlIGZpbGwtb3BhY2l0eT0iLjA1IiBmaWxsPSIjMDAwIiBjeD0iMzMxIiBjeT0iMTQ4IiByPSI3MCIvPgogICAgICAgIDxwYXRoIGQ9Ik0xMDgwIDM3OXYxMTMuMTM3TDcyOC4xNjIgMTQwLjMgMzI4LjQ2MiA1NDBIMjE1LjMyNEw2OTkuODc4IDU1LjQ0NmMxNS42Mi0xNS42MiA0MC45NDgtMTUuNjIgNTYuNTY4IDBMMTA4MCAzNzl6IiBmaWxsLW9wYWNpdHk9Ii4yIiBmaWxsPSIjMDAwIiBmaWxsLXJ1bGU9Im5vbnplcm8iLz4KICAgIDwvZz4KPC9zdmc+Cg==&#8221; _builder_version=&#8221;3.21.1&#8243;][\/et_pb_image][et_pb_text _builder_version=&#8221;3.21.1&#8243;]<\/p>\n<h4><span style=\"color: #000000;\"><strong>OBJETIVO GENERAL<\/strong><\/span><\/h4>\n<p style=\"text-align: justify;\"><span style=\"color: #000000;\">Acompa\u00f1ar a cada hermano evangelizado personalmente, sirvi\u00e9ndose de un discipulador, quien lo conducir\u00e1 hacia la santidad, bajo la direcci\u00f3n del Esp\u00edritu Santo y sirvi\u00e9ndose de los medios recomendados por la Iglesia.<\/span><\/p>\n<h4><span style=\"color: #000000;\"><strong>OBJETIVOS ESPECIFICOS<\/strong><\/span><\/h4>\n<p><span style=\"color: #000000;\">&#8211; Velar por el funcionamiento de la escuela de discipuladores.<\/span><br \/> <span style=\"color: #000000;\">&#8211; Capacitar hermanos evangelizados para servir como discipuladores.<\/span><br \/> <span style=\"color: #000000;\">&#8211; Formar equipos de discipuladores en cada sector o movimiento.<\/span><br \/> <span style=\"color: #000000;\">&#8211; Profundizar una vida de oraci\u00f3n.<\/span><br \/> <span style=\"color: #000000;\">&#8211; Formar primero al hombre, al santo y al ap\u00f3stol.<\/span><br \/> <span style=\"color: #000000;\">&#8211; Descubrir los talentos que existe en cada hermano evangelizado.<\/span><br \/> <span style=\"color: #000000;\">&#8211; Dar pasos de crecimiento espiritual<\/span><\/p>\n<h4><strong><span style=\"color: #000000;\">ESTRUCTURA<\/span><\/strong><\/h4>\n<p style=\"text-align: justify;\"><span style=\"color: #000000;\">Est\u00e1 organizada en forma de cascada, cada discipulador se compromete a discipular a 2 o 3 hermanos evangelizados, luego estos hermanos reciben una capacitaci\u00f3n para convertirse en nuevos discipuladores, formando una cadena que va a discipular en cada sector o movimiento y lograr nuestro objetivo; discipular a toda la parroquia.<\/span><\/p>\n<p style=\"text-align: justify;\"><strong><span style=\"color: #000000;\"><\/span><\/strong><\/p>\n<h4><span style=\"color: #000000;\"><strong>ESCUELA DE DISCIPULADORES<\/strong><\/span><\/h4>\n<p style=\"text-align: justify;\"><span style=\"color: #000000;\">Para hacer realidad lo anterior, se ha creado la escuela de discipuladores, con el objetivo de capacitar a hermanos evangelizados, para que puedan desempe\u00f1ar la labor de discipulador, y formar una cadena de discipuladores, con hermanos capacitados y dispuestos a servir; para que puedan instruir a otros.<\/span><\/p>\n<p style=\"text-align: justify;\"><span style=\"color: #000000;\">Si los capacitamos y les ense\u00f1amos el valor que tiene el discipulado, ellos van a discipular con amor, porque un ciego no puede guiar a otro ciego.<\/span><\/p>\n<p style=\"text-align: justify;\"><span style=\"color: #000000;\">Son funciones espec\u00edficas de la escuela<\/span><\/p>\n<p style=\"text-align: justify;\"><span style=\"color: #000000;\">&#8211; Impartir el curso anualmente<\/span><br \/><span style=\"color: #000000;\"> &#8211; Capacitarlos de acuerdo a la catequesis establecida por el equipo del ministerio.<\/span><br \/><span style=\"color: #000000;\"> &#8211; Ense\u00f1ar a utilizar el Manual de Discipulado.<\/span><br \/><span style=\"color: #000000;\"> &#8211; Que cada discipulador se comprometa a discipular a 2 \u00f2 3 hermanos.<\/span><\/p>\n<p>[\/et_pb_text][\/et_pb_column][et_pb_column type=&#8221;1_2&#8243; _builder_version=&#8221;3.21.1&#8243;][et_pb_image src=&#8221;data:image\/svg+xml;base64,PHN2ZyB3aWR0aD0iMTA4MCIgaGVpZ2h0PSI1NDAiIHZpZXdCb3g9IjAgMCAxMDgwIDU0MCIgeG1sbnM9Imh0dHA6Ly93d3cudzMub3JnLzIwMDAvc3ZnIj4KICAgIDxnIGZpbGw9Im5vbmUiIGZpbGwtcnVsZT0iZXZlbm9kZCI+CiAgICAgICAgPHBhdGggZmlsbD0iI0VCRUJFQiIgZD0iTTAgMGgxMDgwdjU0MEgweiIvPgogICAgICAgIDxwYXRoIGQ9Ik00NDUuNjQ5IDU0MGgtOTguOTk1TDE0NC42NDkgMzM3Ljk5NSAwIDQ4Mi42NDR2LTk4Ljk5NWwxMTYuMzY1LTExNi4zNjVjMTUuNjItMTUuNjIgNDAuOTQ3LTE1LjYyIDU2LjU2OCAwTDQ0NS42NSA1NDB6IiBmaWxsLW9wYWNpdHk9Ii4xIiBmaWxsPSIjMDAwIiBmaWxsLXJ1bGU9Im5vbnplcm8iLz4KICAgICAgICA8Y2lyY2xlIGZpbGwtb3BhY2l0eT0iLjA1IiBmaWxsPSIjMDAwIiBjeD0iMzMxIiBjeT0iMTQ4IiByPSI3MCIvPgogICAgICAgIDxwYXRoIGQ9Ik0xMDgwIDM3OXYxMTMuMTM3TDcyOC4xNjIgMTQwLjMgMzI4LjQ2MiA1NDBIMjE1LjMyNEw2OTkuODc4IDU1LjQ0NmMxNS42Mi0xNS42MiA0MC45NDgtMTUuNjIgNTYuNTY4IDBMMTA4MCAzNzl6IiBmaWxsLW9wYWNpdHk9Ii4yIiBmaWxsPSIjMDAwIiBmaWxsLXJ1bGU9Im5vbnplcm8iLz4KICAgIDwvZz4KPC9zdmc+Cg==&#8221; _builder_version=&#8221;3.21.1&#8243;][\/et_pb_image][et_pb_text _builder_version=&#8221;3.21.1&#8243;]<\/p>\n<h4><span style=\"color: #000000;\"><strong>EQUIPO<\/strong>\u00a0<\/span><\/h4>\n<p style=\"text-align: justify;\"><span style=\"color: #000000;\">Estar\u00e1 integrado por el encargado del ministerio y los contactos que representan a cada uno de los sectores o movimiento, tendr\u00e1n a su cargo la planificaci\u00f3n, evaluaci\u00f3n y el desarrollo de las actividades inherentes al ministerio, el equipo tendr\u00e1 car\u00e1cter consultivo y el encargado tiene la decisi\u00f3n final, sin olvidarse que la tomar\u00e1 en bienestar de la misma.<\/span><\/p>\n<p style=\"text-align: justify;\"><span style=\"color: #000000;\">Adem\u00e1s de las funciones establecidas tendr\u00e1 las siguientes:<\/span><\/p>\n<p style=\"text-align: justify;\"><span style=\"color: #000000;\">&#8211; Reunirse mensualmente y extraordinariamente cuando sea necesario.<\/span><br \/> <span style=\"color: #000000;\">&#8211; Dirigir, atender, planificar y evaluar las actividades de la escuela.<\/span><br \/> <span style=\"color: #000000;\">&#8211; Orientar, dirigir, atender y evaluar las actividades de los contactos.<\/span><br \/> <span style=\"color: #000000;\">&#8211; Formar equipos de discipulado en cada sector o movimiento.<\/span><br \/> <span style=\"color: #000000;\">&#8211; Velar por el buen funcionamiento de la cadena de discipuladores.<\/span><\/p>\n<h4><span style=\"color: #000000;\"><strong>CONTACTOS<\/strong><\/span><\/h4>\n<p><span style=\"color: #000000;\">Tendr\u00e1 las funciones espec\u00edficas siguientes:<\/span><br \/> <span style=\"color: #000000;\">&#8211; Participar en las reuniones del Equipo de ministerio<\/span><br \/> <span style=\"color: #000000;\">&#8211; En caso de ausencia deber\u00e1 estar presente un representante.<\/span><br \/> <span style=\"color: #000000;\">&#8211; Organizar y realizar con su equipo las actividades que se le encomiende.<\/span><br \/> <span style=\"color: #000000;\">&#8211; Ser el enlace entre el sector y el ministerio, por lo tanto; su labor ser\u00e1 recibir toda la informaci\u00f3n de las actividades del ministerio y darlo a conocer al encargado de sector o movimiento y viceversa.<\/span><br \/> <span style=\"color: #000000;\">&#8211; Enviar hermanos evangelizados a la escuela de discipulado para capacitarlos<\/span><br \/> <span style=\"color: #000000;\">&#8211; Reunirse mensualmente con su equipo en su sector para revisar sus actividades<\/span><br \/> <span style=\"color: #000000;\">&#8211; Revisar peri\u00f3dicamente que cada discipulador realice su labor.<\/span><br \/> <span style=\"color: #000000;\">&#8211; Presentar al encargado de sector o movimiento los nuevos discipuladores, para su respectiva aprobaci\u00f3n.<\/span><br \/> <span style=\"color: #000000;\">&#8211; Motivar a su equipo.<\/span><\/p>\n<h4><span style=\"color: #000000;\"><strong>IMPORTANCIA Y NECESIDAD DEL DISCIPULADO<\/strong><\/span><\/h4>\n<p><span style=\"color: #000000;\">&#8211; Para ser m\u00e1s eficaces en la labor formativa.<\/span><br \/> <span style=\"color: #000000;\">&#8211; Para hacer crecer en la vida espiritual<\/span><br \/> <span style=\"color: #000000;\">&#8211; Para la autoexigencia<\/span><br \/> <span style=\"color: #000000;\">&#8211; Para lograr frutos verdaderos de santidad y apostolado.<\/span><br \/> <span style=\"color: #000000;\">&#8211; Para ser objetivos en el conocimiento de s\u00ed mismos.<\/span><br \/> <span style=\"color: #000000;\">&#8211; Lograr una profunda transformaci\u00f3n interior.<\/span><\/p>\n<p>[\/et_pb_text][\/et_pb_column][\/et_pb_row][et_pb_row _builder_version=&#8221;3.21.1&#8243;][et_pb_column type=&#8221;1_4&#8243; _builder_version=&#8221;3.21.1&#8243;][et_pb_image src=&#8221;https:\/\/parroquiabelen.org\/wp-content\/uploads\/2019\/04\/Banner-pastorales-comunidades.png&#8221; url=&#8221;https:\/\/parroquiabelen.org\/index.php\/pastoral-de-comunidades\/&#8221; _builder_version=&#8221;3.21.1&#8243;][\/et_pb_image][\/et_pb_column][et_pb_column type=&#8221;1_4&#8243; _builder_version=&#8221;3.21.1&#8243;][et_pb_image src=&#8221;https:\/\/parroquiabelen.org\/wp-content\/uploads\/2019\/05\/Banner-pastorales-Cat-Permanente.png&#8221; url=&#8221;https:\/\/parroquiabelen.org\/index.php\/catequesis-permanente\/&#8221; _builder_version=&#8221;3.21.1&#8243;][\/et_pb_image][\/et_pb_column][et_pb_column type=&#8221;1_4&#8243; _builder_version=&#8221;3.21.1&#8243;][et_pb_image src=&#8221;https:\/\/parroquiabelen.org\/wp-content\/uploads\/2019\/05\/Banner-pastorales-josefina.png&#8221; url=&#8221;https:\/\/parroquiabelen.org\/index.php\/josefinos\/?et_fb=1&#038;PageSpeed=off&#8221; _builder_version=&#8221;3.21.1&#8243;][\/et_pb_image][\/et_pb_column][et_pb_column type=&#8221;1_4&#8243; _builder_version=&#8221;3.21.1&#8243;][et_pb_image src=&#8221;https:\/\/parroquiabelen.org\/wp-content\/uploads\/2019\/04\/Banner-pastorales-misi\u00f3n.png&#8221; url=&#8221;https:\/\/parroquiabelen.org\/index.php\/pastorales\/pastoral-de-mision\/?et_fb=1&#038;PageSpeed=off&#8221; _builder_version=&#8221;3.21.1&#8243;][\/et_pb_image][\/et_pb_column][\/et_pb_row][\/et_pb_section]<\/p>\n","protected":false},"excerpt":{"rendered":"<p>[et_pb_section fb_built=&#8221;1&#8243; fullwidth=&#8221;on&#8221; _builder_version=&#8221;3.21.1&#8243;][et_pb_fullwidth_image src=&#8221;https:\/\/parroquiabelen.org\/wp-content\/uploads\/2019\/05\/banner-cabeceras-pastorales-crecimiento.png&#8221; _builder_version=&#8221;3.21.1&#8243;][\/et_pb_fullwidth_image][\/et_pb_section][et_pb_section fb_built=&#8221;1&#8243; _builder_version=&#8221;3.21.1&#8243;][et_pb_row _builder_version=&#8221;3.21.1&#8243;][et_pb_column type=&#8221;1_2&#8243; _builder_version=&#8221;3.21.1&#8243;][et_pb_text _builder_version=&#8221;3.21.1&#8243;] LA INTENCI\u00d3N Y EL PROYECTO DE DIOS al crear a la persona humana, consiste en levarla a la participaci\u00f3n de la vide del hijo, la vida cristiana nace de nuestra incorporaci\u00f3n a Cristo, es la vida de cristo en nosotros, s\u00f3lo puede producirse [&hellip;]<\/p>\n","protected":false},"author":1,"featured_media":0,"parent":0,"menu_order":0,"comment_status":"closed","ping_status":"closed","template":"","meta":{"_et_pb_use_builder":"on","_et_pb_old_content":""},"_links":{"self":[{"href":"https:\/\/parroquiabelen.org\/index.php\/wp-json\/wp\/v2\/pages\/525"}],"collection":[{"href":"https:\/\/parroquiabelen.org\/index.php\/wp-json\/wp\/v2\/pages"}],"about":[{"href":"https:\/\/parroquiabelen.org\/index.php\/wp-json\/wp\/v2\/types\/page"}],"author":[{"embeddable":true,"href":"https:\/\/parroquiabelen.org\/index.php\/wp-json\/wp\/v2\/users\/1"}],"replies":[{"embeddable":true,"href":"https:\/\/parroquiabelen.org\/index.php\/wp-json\/wp\/v2\/comments?post=525"}],"version-history":[{"count":8,"href":"https:\/\/parroquiabelen.org\/index.php\/wp-json\/wp\/v2\/pages\/525\/revisions"}],"predecessor-version":[{"id":1048,"href":"https:\/\/parroquiabelen.org\/index.php\/wp-json\/wp\/v2\/pages\/525\/revisions\/1048"}],"wp:attachment":[{"href":"https:\/\/parroquiabelen.org\/index.php\/wp-json\/wp\/v2\/media?parent=525"}],"curies":[{"name":"wp","href":"https:\/\/api.w.org\/{rel}","templated":true}]}}