{"id":523,"date":"2019-03-23T21:32:46","date_gmt":"2019-03-23T21:32:46","guid":{"rendered":"http:\/\/parroquiabelen.org\/?page_id=523"},"modified":"2019-05-15T04:21:57","modified_gmt":"2019-05-15T04:21:57","slug":"rescate","status":"publish","type":"page","link":"https:\/\/parroquiabelen.org\/index.php\/rescate\/","title":{"rendered":"Rescate"},"content":{"rendered":"<p>[et_pb_section fb_built=&#8221;1&#8243; fullwidth=&#8221;on&#8221; _builder_version=&#8221;3.21.1&#8243;][et_pb_fullwidth_image src=&#8221;https:\/\/parroquiabelen.org\/wp-content\/uploads\/2019\/05\/banner-cabeceras-pastoral-de-rescate.png&#8221; _builder_version=&#8221;3.21.1&#8243;][\/et_pb_fullwidth_image][\/et_pb_section][et_pb_section fb_built=&#8221;1&#8243; _builder_version=&#8221;3.21.1&#8243;][et_pb_row custom_padding=&#8221;27px|0px|0|0px|false|false&#8221; _builder_version=&#8221;3.21.1&#8243;][et_pb_column type=&#8221;4_4&#8243; _builder_version=&#8221;3.21.1&#8243;][et_pb_text _builder_version=&#8221;3.21.1&#8243;]<\/p>\n<p><span style=\"color: #000000;\"><span style=\"vertical-align: inherit;\"><span style=\"vertical-align: inherit;\"><span style=\"vertical-align: inherit;\"><span style=\"vertical-align: inherit;\">La Pastoral de Rescate, es parte integral del Plan Pastoral de la Parroquia Nuestra Se\u00f1ora de Bel\u00e9n. Su fin primordial es el de fortalecer el proceso de conversi\u00f3n en todo cristiano cat\u00f3lico que integra dicha pastoral, as\u00ed como evitar el consumo de alcohol y drogas en todos aquellos que viven dentro del territorio parroquial. Est\u00e1 conformada por los 7 sectores que integran la parroquia. Su lucha es constante y se re\u00fanen todos los d\u00edas de la semana.<\/span><\/span><\/span><\/span><\/span><\/p>\n<p>&nbsp;<\/p>\n<p>[\/et_pb_text][\/et_pb_column][\/et_pb_row][et_pb_row custom_padding=&#8221;0|0px|0|0px|false|false&#8221; _builder_version=&#8221;3.21.1&#8243;][et_pb_column type=&#8221;1_2&#8243; _builder_version=&#8221;3.21.1&#8243;][et_pb_text _builder_version=&#8221;3.21.1&#8243;]<\/p>\n<p><span style=\"color: #000000;\"><strong>Misi\u00f3n:<\/strong> Ir a todos aquellos que tienen una lucha constante y a muerte contra el alcohol y las drogas, estabilizando su vida personal y fortaleciendo su entorno familiar.<\/span><\/p>\n<p>&nbsp;<\/p>\n<p>[\/et_pb_text][\/et_pb_column][et_pb_column type=&#8221;1_2&#8243; _builder_version=&#8221;3.21.1&#8243;][et_pb_text _builder_version=&#8221;3.21.1&#8243;]<\/p>\n<p><span style=\"color: #000000;\"><strong>Visi\u00f3n:<\/strong> Hermanos integrados a la Pastoral de Rescate, promoviendo las Buenas Nuevas, llevando esperanza a los que a\u00fan se encuentran en el dolor del alcohol y las drogas.<\/span><\/p>\n<p>[\/et_pb_text][\/et_pb_column][\/et_pb_row][et_pb_row _builder_version=&#8221;3.21.1&#8243;][et_pb_column type=&#8221;2_3&#8243; _builder_version=&#8221;3.21.1&#8243;][et_pb_text _builder_version=&#8221;3.21.1&#8243;]<\/p>\n<p><span style=\"color: #000000;\"><strong>OBJETIVOS GENERALES<\/strong><\/span><br \/><span style=\"color: #000000;\">1. Accionar una catequesis que valla en la l\u00ednea de la prevenci\u00f3n y erradicaci\u00f3n del alcoholismo y la drogadicci\u00f3n de los hermanos que conforman la Pastoral de Rescate.<\/span><br \/><span style=\"color: #000000;\">2. Desarrollar m\u00e9todos y estrategias que permitan el fortalecimiento espiritual de cada uno de los hermanos que conforman dicha pastoral.<\/span><br \/><span style=\"color: #000000;\">3. Generar Casas de Reuni\u00f3n para los hermanos no evangelizados de los distintos sectores que conforman la Pastoral de Rescate.<\/span><br \/><span style=\"color: #000000;\">4. Organizar retiros y asambleas para los hermanos de dicha pastoral.<\/span><br \/><span style=\"color: #000000;\">5. Promover el trabajo de la Pastoral de Rescate e integrar m\u00e1s hermanos a sus distintos sectores.<\/span><\/p>\n<p><span style=\"color: #000000;\"><strong>OBJETIVOS ESPECIFICOS<\/strong><\/span><br \/><span style=\"color: #000000;\">1. Implementar elementos de acci\u00f3n evangelizadores orientados al fortalecimiento de la vida familiar del alcoh\u00f3lico.<\/span><br \/><span style=\"color: #000000;\">2. Fortalecer eficazmente la relaci\u00f3n de los miembros de la Pastoral de Rescate con su vida sacramental.<\/span><br \/><span style=\"color: #000000;\">3. Formar hermanos de la Pastoral de Rescate, que sean agentes multiplicadores y evangelizadores para nuevos hermanos.<\/span><br \/><span style=\"color: #000000;\">4. Mantener la sobriedad en base a la constancia, preparaci\u00f3n b\u00edblica y solidaridad entre hermanos.<\/span><br \/><span style=\"color: #000000;\">5. Promover la prevenci\u00f3n de la enfermedad del alcohol y las drogas, invitando incluso a hermanos no alcoh\u00f3licos para integrarse a dicha pastoral.<\/span><\/p>\n<p><span style=\"color: #000000;\"><strong>PROPUESTAS DE TRABAJO PARA LA CATEQUESIS<\/strong><\/span><\/p>\n<p><span style=\"color: #000000;\">1. Que todo miembro de la Pastoral de Rescate est\u00e9 en condiciones de coordinar cualquier reuni\u00f3n de trabajo, promover un tema b\u00edblico y dar un tema de adicci\u00f3n.<\/span><br \/><span style=\"color: #000000;\">2. Que todo hermano de la pastoral de Rescate sea un l\u00edder en potencia.<\/span><br \/><span style=\"color: #000000;\">3. Conversar sobre las adicciones m\u00e1s comunes y como superarlas.<\/span><br \/><span style=\"color: #000000;\">4. Considerar que todas las personas puedan aprender distintas conductas adictivas.<\/span><br \/><span style=\"color: #000000;\">5. Que se mantenga una conducta preventiva con respecto al alcohol y drogas.<\/span><br \/><span style=\"color: #000000;\">6. Formaci\u00f3n no solo b\u00edblica, sino tambi\u00e9n de cultura general que permita una formaci\u00f3n m\u00e1s s\u00f3lida en cada uno de los hermanos.<\/span><br \/><span style=\"color: #000000;\">7. Taller de preguntas y respuestas, tanto a nivel b\u00edblico como de adicci\u00f3n para todos los hermanos de la Pastoral de Rescate.<\/span><br \/><span style=\"color: #000000;\">8. Generar un acercamiento con la Pastoral Prejuvenil y Pastoral Juvenil como elemento de prevenci\u00f3n del alcohol y las drogas.<\/span><br \/><span style=\"color: #000000;\">9. Oraci\u00f3n dir\u00eda para los hermanos de la Pastoral de Rescate.<\/span><\/p>\n<p>[\/et_pb_text][\/et_pb_column][et_pb_column type=&#8221;1_3&#8243; _builder_version=&#8221;3.21.1&#8243;][et_pb_image src=&#8221;https:\/\/parroquiabelen.org\/wp-content\/uploads\/2019\/05\/Pastoral-de-Rescate-1.png&#8221; _builder_version=&#8221;3.21.1&#8243;][\/et_pb_image][et_pb_image src=&#8221;https:\/\/parroquiabelen.org\/wp-content\/uploads\/2019\/05\/Pastoral-de-Rescate-2.png&#8221; _builder_version=&#8221;3.21.1&#8243;][\/et_pb_image][et_pb_image src=&#8221;https:\/\/parroquiabelen.org\/wp-content\/uploads\/2019\/05\/Pastoral-de-Rescate-3.png&#8221; _builder_version=&#8221;3.21.1&#8243;][\/et_pb_image][\/et_pb_column][\/et_pb_row][et_pb_row _builder_version=&#8221;3.21.1&#8243;][et_pb_column type=&#8221;1_3&#8243; _builder_version=&#8221;3.21.1&#8243;][et_pb_image src=&#8221;https:\/\/parroquiabelen.org\/wp-content\/uploads\/2019\/04\/Banner-pastorales-oracion.png&#8221; url=&#8221;https:\/\/parroquiabelen.org\/index.php\/oracion\/&#8221; _builder_version=&#8221;3.21.1&#8243;][\/et_pb_image][\/et_pb_column][et_pb_column type=&#8221;1_3&#8243; _builder_version=&#8221;3.21.1&#8243;][et_pb_image src=&#8221;https:\/\/parroquiabelen.org\/wp-content\/uploads\/2019\/04\/Banner-pastorales-social.png&#8221; url=&#8221;https:\/\/parroquiabelen.org\/index.php\/pastoral-social\/&#8221; _builder_version=&#8221;3.21.1&#8243;][\/et_pb_image][\/et_pb_column][et_pb_column type=&#8221;1_3&#8243; _builder_version=&#8221;3.21.1&#8243;][et_pb_image src=&#8221;https:\/\/parroquiabelen.org\/wp-content\/uploads\/2019\/04\/Banner-pastorales-ind\u00edgena.png&#8221; url=&#8221;https:\/\/parroquiabelen.org\/index.php\/pastoral-indigena\/&#8221; _builder_version=&#8221;3.21.1&#8243;][\/et_pb_image][\/et_pb_column][\/et_pb_row][\/et_pb_section]<\/p>\n","protected":false},"excerpt":{"rendered":"<p>[et_pb_section fb_built=&#8221;1&#8243; fullwidth=&#8221;on&#8221; _builder_version=&#8221;3.21.1&#8243;][et_pb_fullwidth_image src=&#8221;https:\/\/parroquiabelen.org\/wp-content\/uploads\/2019\/05\/banner-cabeceras-pastoral-de-rescate.png&#8221; _builder_version=&#8221;3.21.1&#8243;][\/et_pb_fullwidth_image][\/et_pb_section][et_pb_section fb_built=&#8221;1&#8243; _builder_version=&#8221;3.21.1&#8243;][et_pb_row custom_padding=&#8221;27px|0px|0|0px|false|false&#8221; _builder_version=&#8221;3.21.1&#8243;][et_pb_column type=&#8221;4_4&#8243; _builder_version=&#8221;3.21.1&#8243;][et_pb_text _builder_version=&#8221;3.21.1&#8243;] La Pastoral de Rescate, es parte integral del Plan Pastoral de la Parroquia Nuestra Se\u00f1ora de Bel\u00e9n. Su fin primordial es el de fortalecer el proceso de conversi\u00f3n en todo cristiano cat\u00f3lico que integra dicha pastoral, as\u00ed como evitar el consumo de [&hellip;]<\/p>\n","protected":false},"author":1,"featured_media":0,"parent":0,"menu_order":0,"comment_status":"closed","ping_status":"closed","template":"","meta":{"_et_pb_use_builder":"on","_et_pb_old_content":""},"_links":{"self":[{"href":"https:\/\/parroquiabelen.org\/index.php\/wp-json\/wp\/v2\/pages\/523"}],"collection":[{"href":"https:\/\/parroquiabelen.org\/index.php\/wp-json\/wp\/v2\/pages"}],"about":[{"href":"https:\/\/parroquiabelen.org\/index.php\/wp-json\/wp\/v2\/types\/page"}],"author":[{"embeddable":true,"href":"https:\/\/parroquiabelen.org\/index.php\/wp-json\/wp\/v2\/users\/1"}],"replies":[{"embeddable":true,"href":"https:\/\/parroquiabelen.org\/index.php\/wp-json\/wp\/v2\/comments?post=523"}],"version-history":[{"count":8,"href":"https:\/\/parroquiabelen.org\/index.php\/wp-json\/wp\/v2\/pages\/523\/revisions"}],"predecessor-version":[{"id":1037,"href":"https:\/\/parroquiabelen.org\/index.php\/wp-json\/wp\/v2\/pages\/523\/revisions\/1037"}],"wp:attachment":[{"href":"https:\/\/parroquiabelen.org\/index.php\/wp-json\/wp\/v2\/media?parent=523"}],"curies":[{"name":"wp","href":"https:\/\/api.w.org\/{rel}","templated":true}]}}