{"id":521,"date":"2019-03-23T21:32:32","date_gmt":"2019-03-23T21:32:32","guid":{"rendered":"http:\/\/parroquiabelen.org\/?page_id=521"},"modified":"2019-05-15T04:27:50","modified_gmt":"2019-05-15T04:27:50","slug":"pastoral-social","status":"publish","type":"page","link":"https:\/\/parroquiabelen.org\/index.php\/pastoral-social\/","title":{"rendered":"Pastoral Social"},"content":{"rendered":"<p>[et_pb_section fb_built=&#8221;1&#8243; fullwidth=&#8221;on&#8221; _builder_version=&#8221;3.21.1&#8243;][et_pb_fullwidth_image src=&#8221;https:\/\/parroquiabelen.org\/wp-content\/uploads\/2019\/05\/banner-cabeceras-pastoral-social.png&#8221; _builder_version=&#8221;3.21.1&#8243;][\/et_pb_fullwidth_image][\/et_pb_section][et_pb_section fb_built=&#8221;1&#8243; _builder_version=&#8221;3.21.1&#8243; custom_padding=&#8221;54px|0px|48px|0px|false|false&#8221;][et_pb_row _builder_version=&#8221;3.21.1&#8243;][et_pb_column type=&#8221;1_2&#8243; _builder_version=&#8221;3.21.1&#8243;][et_pb_image src=&#8221;https:\/\/parroquiabelen.org\/wp-content\/uploads\/2019\/05\/Pastoral-Social-4.png&#8221; _builder_version=&#8221;3.21.1&#8243;][\/et_pb_image][\/et_pb_column][et_pb_column type=&#8221;1_2&#8243; _builder_version=&#8221;3.21.1&#8243;][et_pb_text _builder_version=&#8221;3.21.1&#8243;]<\/p>\n<p style=\"text-align: justify;\"><span style=\"color: #000000;\"><em>Es el conjunto de principios, juicios y normas dictadas por el magisterio de la Iglesia.<\/em><\/span><\/p>\n<p style=\"text-align: justify;\"><span style=\"color: #000000;\">La Pastoral social es uno de las pastorales que existen dentro de la parroquia, que tiene a su cargo todo lo relacionado a la caridad, solidaridad, y promoci\u00f3n humana. Trabaja en coordinaci\u00f3n con cada uno de los contactos electos o nombrados por el encargado de cada uno de los sectores, as\u00ed como de los movimientos existentes dentro de la parroquia, quienes son los encargados de velar porque su pastoral trabaje dentro del territorio que le corresponda. Cumpliendo siempre con los lineamientos ordenados por el p\u00e1rroco.<\/span><\/p>\n<p>[\/et_pb_text][\/et_pb_column][\/et_pb_row][et_pb_row _builder_version=&#8221;3.21.1&#8243;][et_pb_column type=&#8221;4_4&#8243; _builder_version=&#8221;3.21.1&#8243;][et_pb_image src=&#8221;https:\/\/parroquiabelen.org\/wp-content\/uploads\/2019\/05\/fotos-pastoral-social.png&#8221; _builder_version=&#8221;3.21.1&#8243;][\/et_pb_image][\/et_pb_column][\/et_pb_row][et_pb_row _builder_version=&#8221;3.21.1&#8243;][et_pb_column type=&#8221;1_2&#8243; _builder_version=&#8221;3.21.1&#8243;][et_pb_text _builder_version=&#8221;3.21.1&#8243;]<\/p>\n<p><span style=\"color: #000000;\"><strong>Justificaci\u00f3n<\/strong><\/span><\/p>\n<p style=\"text-align: justify;\"><span style=\"color: #000000;\">1. Tobias 4,7-8 Separa una parte de tus bienes para dar limosna, no des vuelta la cara frente a un pobre, y Dios tampoco te dar\u00e1 vuelta la cara. Da generosamente, si tienes mucho da m\u00e1s, si tienes poco da menos, pero no vaciles en dar limosna.<\/span><\/p>\n<p style=\"text-align: justify;\"><span style=\"color: #000000;\">2. Siracides 4,2 Hijo m\u00edo, no niegues su pan al pobre, no hagas esperar al que te mira con ojos suplicantes, no apenes al que tiene hambre, ni hagas esperar al indigente.<\/span><\/p>\n<p>[\/et_pb_text][\/et_pb_column][et_pb_column type=&#8221;1_2&#8243; _builder_version=&#8221;3.21.1&#8243;][et_pb_text _builder_version=&#8221;3.21.1&#8243;]<\/p>\n<p><strong><span style=\"color: #000000;\">Su Meta<\/span><\/strong><\/p>\n<p style=\"text-align: justify;\"><span style=\"color: #000000;\">Debe ser el promover la caridad cristiana, la solidaridad y la promoci\u00f3n humana y para cumplir con esta deben de buscarse los mecanismos necesarios para establecer la realidad de la poblaci\u00f3n, a nivel social, pol\u00edtico, cultural y salud de nuestra parroquia y a partir de esta para la b\u00fasqueda de soluciones integrales a los problemas de la misma, la promoci\u00f3n humana y la formaci\u00f3n de conciencia social, dentro y fuera de la feligres\u00eda, pero dentro del territorio parroquial.<\/span><\/p>\n<p><strong><span style=\"color: #000000;\">Sus principios<\/span><\/strong><\/p>\n<p><span style=\"color: #000000;\">&#8211; Respeto a la dignidad de la persona humana<\/span><br \/><span style=\"color: #000000;\"> &#8211; La igualdad entre todos los seres humanos<\/span><br \/><span style=\"color: #000000;\"> &#8211; El derecho a la vida<\/span><br \/><span style=\"color: #000000;\"> &#8211; El derecho a la propiedad<\/span><br \/><span style=\"color: #000000;\"> &#8211; El derecho a la asociaci\u00f3n<\/span><br \/><span style=\"color: #000000;\"> &#8211; El derecho a la familia<\/span><br \/><span style=\"color: #000000;\"> &#8211; El derecho al trabajo<\/span><br \/><span style=\"color: #000000;\"> &#8211; El derecho a la educaci\u00f3n<\/span><\/p>\n<p>[\/et_pb_text][\/et_pb_column][\/et_pb_row][et_pb_row _builder_version=&#8221;3.21.1&#8243;][et_pb_column type=&#8221;1_3&#8243; _builder_version=&#8221;3.21.1&#8243;][et_pb_image src=&#8221;https:\/\/parroquiabelen.org\/wp-content\/uploads\/2019\/05\/Pastoral-Social-1.png&#8221; _builder_version=&#8221;3.21.1&#8243;][\/et_pb_image][\/et_pb_column][et_pb_column type=&#8221;1_3&#8243; _builder_version=&#8221;3.21.1&#8243;][et_pb_image src=&#8221;https:\/\/parroquiabelen.org\/wp-content\/uploads\/2019\/05\/Pastoral-Social-2.png&#8221; _builder_version=&#8221;3.21.1&#8243;][\/et_pb_image][\/et_pb_column][et_pb_column type=&#8221;1_3&#8243; _builder_version=&#8221;3.21.1&#8243;][et_pb_image src=&#8221;https:\/\/parroquiabelen.org\/wp-content\/uploads\/2019\/05\/Pastoral-Social-3.png&#8221; _builder_version=&#8221;3.21.1&#8243;][\/et_pb_image][\/et_pb_column][\/et_pb_row][et_pb_row _builder_version=&#8221;3.21.1&#8243;][et_pb_column type=&#8221;1_2&#8243; _builder_version=&#8221;3.21.1&#8243;][et_pb_text _builder_version=&#8221;3.21.1&#8243;]<\/p>\n<p><strong><span style=\"color: #000000;\">Que debe hacer<\/span><\/strong><\/p>\n<p><span style=\"color: #000000;\">&#8211; Acompa\u00f1ar a cada contacto de pastoral<\/span><br \/><span style=\"color: #000000;\">&#8211; Formar y aplicar la catequesis apropiada<\/span><br \/><span style=\"color: #000000;\">&#8211; Promover reuniones mensuales con los contactos<\/span><br \/><span style=\"color: #000000;\">&#8211; Promover actividades que generen fondos, para el trabajo pastoral<\/span><br \/><span style=\"color: #000000;\">&#8211; Promover actividades de salud, alimentaci\u00f3n, vestuario, vivienda, educaci\u00f3n, transporte, ahorro, trabajo, recreaci\u00f3n, caridad y seguridad.<\/span><br \/><span style=\"color: #000000;\">&#8211; Capacitar mensualmente a todos los miembros de la pastoral social, para la elaboraci\u00f3n de proyectos a corto y largo plazo.<\/span><br \/><span style=\"color: #000000;\">&#8211; Promover actividades de promoci\u00f3n humana, para la feligres\u00eda parroquial<\/span><br \/><span style=\"color: #000000;\">&#8211; Elaborar proyectos en beneficio de todos los habitantes del territorio parroquial.<\/span><br \/><span style=\"color: #000000;\">&#8211; Promover actividades y capacitaciones en busca de fomentar la caridad cristiana.<\/span><br \/><span style=\"color: #000000;\">&#8211; Promover el conocimiento sobre los derechos inherentes a la persona humana.<\/span><br \/><span style=\"color: #000000;\">&#8211; Promover actividades en la b\u00fasqueda de la defensa de los derechos humanos de los habitantes del territorio parroquial.<\/span><\/p>\n<p>[\/et_pb_text][\/et_pb_column][et_pb_column type=&#8221;1_2&#8243; _builder_version=&#8221;3.21.1&#8243;][et_pb_text _builder_version=&#8221;3.21.1&#8243;]<\/p>\n<p><span style=\"color: #000000;\"><strong>Como est\u00e1 organizada<\/strong><\/span><\/p>\n<p style=\"text-align: justify;\"><span style=\"color: #000000;\">Con un encargado a nivel parroquial nombrado por el p\u00e1rroco y un contacto a nivel de cada uno de los sectores y movimientos existentes dentro de la parroquia, nombrado por cada uno de los encargados de sector y de cada uno de los movimientos que existen dentro de la parroquia<\/span><\/p>\n<p>[\/et_pb_text][\/et_pb_column][\/et_pb_row][et_pb_row _builder_version=&#8221;3.21.1&#8243;][et_pb_column type=&#8221;1_3&#8243; _builder_version=&#8221;3.21.1&#8243;][et_pb_image src=&#8221;https:\/\/parroquiabelen.org\/wp-content\/uploads\/2019\/04\/Banner-pastorales-oracion.png&#8221; url=&#8221;https:\/\/parroquiabelen.org\/index.php\/oracion\/&#8221; _builder_version=&#8221;3.21.1&#8243;][\/et_pb_image][\/et_pb_column][et_pb_column type=&#8221;1_3&#8243; _builder_version=&#8221;3.21.1&#8243;][et_pb_image src=&#8221;https:\/\/parroquiabelen.org\/wp-content\/uploads\/2019\/04\/Banner-pastorales-rescate.png&#8221; url=&#8221;https:\/\/parroquiabelen.org\/index.php\/rescate\/&#8221; _builder_version=&#8221;3.21.1&#8243;][\/et_pb_image][\/et_pb_column][et_pb_column type=&#8221;1_3&#8243; _builder_version=&#8221;3.21.1&#8243;][et_pb_image src=&#8221;https:\/\/parroquiabelen.org\/wp-content\/uploads\/2019\/04\/Banner-pastorales-ind\u00edgena.png&#8221; url=&#8221;https:\/\/parroquiabelen.org\/index.php\/pastoral-indigena\/&#8221; _builder_version=&#8221;3.21.1&#8243;][\/et_pb_image][\/et_pb_column][\/et_pb_row][\/et_pb_section]<\/p>\n","protected":false},"excerpt":{"rendered":"<p>[et_pb_section fb_built=&#8221;1&#8243; fullwidth=&#8221;on&#8221; _builder_version=&#8221;3.21.1&#8243;][et_pb_fullwidth_image src=&#8221;https:\/\/parroquiabelen.org\/wp-content\/uploads\/2019\/05\/banner-cabeceras-pastoral-social.png&#8221; _builder_version=&#8221;3.21.1&#8243;][\/et_pb_fullwidth_image][\/et_pb_section][et_pb_section fb_built=&#8221;1&#8243; _builder_version=&#8221;3.21.1&#8243; custom_padding=&#8221;54px|0px|48px|0px|false|false&#8221;][et_pb_row _builder_version=&#8221;3.21.1&#8243;][et_pb_column type=&#8221;1_2&#8243; _builder_version=&#8221;3.21.1&#8243;][et_pb_image src=&#8221;https:\/\/parroquiabelen.org\/wp-content\/uploads\/2019\/05\/Pastoral-Social-4.png&#8221; _builder_version=&#8221;3.21.1&#8243;][\/et_pb_image][\/et_pb_column][et_pb_column type=&#8221;1_2&#8243; _builder_version=&#8221;3.21.1&#8243;][et_pb_text _builder_version=&#8221;3.21.1&#8243;] Es el conjunto de principios, juicios y normas dictadas por el magisterio de la Iglesia. La Pastoral social es uno de las pastorales que existen dentro de la parroquia, que tiene a su cargo todo lo relacionado a [&hellip;]<\/p>\n","protected":false},"author":1,"featured_media":0,"parent":0,"menu_order":0,"comment_status":"closed","ping_status":"closed","template":"","meta":{"_et_pb_use_builder":"on","_et_pb_old_content":""},"_links":{"self":[{"href":"https:\/\/parroquiabelen.org\/index.php\/wp-json\/wp\/v2\/pages\/521"}],"collection":[{"href":"https:\/\/parroquiabelen.org\/index.php\/wp-json\/wp\/v2\/pages"}],"about":[{"href":"https:\/\/parroquiabelen.org\/index.php\/wp-json\/wp\/v2\/types\/page"}],"author":[{"embeddable":true,"href":"https:\/\/parroquiabelen.org\/index.php\/wp-json\/wp\/v2\/users\/1"}],"replies":[{"embeddable":true,"href":"https:\/\/parroquiabelen.org\/index.php\/wp-json\/wp\/v2\/comments?post=521"}],"version-history":[{"count":11,"href":"https:\/\/parroquiabelen.org\/index.php\/wp-json\/wp\/v2\/pages\/521\/revisions"}],"predecessor-version":[{"id":1054,"href":"https:\/\/parroquiabelen.org\/index.php\/wp-json\/wp\/v2\/pages\/521\/revisions\/1054"}],"wp:attachment":[{"href":"https:\/\/parroquiabelen.org\/index.php\/wp-json\/wp\/v2\/media?parent=521"}],"curies":[{"name":"wp","href":"https:\/\/api.w.org\/{rel}","templated":true}]}}