{"id":519,"date":"2019-03-23T21:32:20","date_gmt":"2019-03-23T21:32:20","guid":{"rendered":"http:\/\/parroquiabelen.org\/?page_id=519"},"modified":"2019-05-15T04:28:16","modified_gmt":"2019-05-15T04:28:16","slug":"oracion","status":"publish","type":"page","link":"https:\/\/parroquiabelen.org\/index.php\/oracion\/","title":{"rendered":"Oraci\u00f3n"},"content":{"rendered":"<p>[et_pb_section fb_built=&#8221;1&#8243; fullwidth=&#8221;on&#8221; _builder_version=&#8221;3.21.1&#8243;][et_pb_fullwidth_image src=&#8221;https:\/\/parroquiabelen.org\/wp-content\/uploads\/2019\/05\/banner-cabeceras-pastoral-de-oraci\u00f3n.png&#8221; _builder_version=&#8221;3.21.1&#8243;][\/et_pb_fullwidth_image][\/et_pb_section][et_pb_section fb_built=&#8221;1&#8243; _builder_version=&#8221;3.21.1&#8243; custom_padding=&#8221;52px|0px|54px|0px|false|false&#8221;][et_pb_row _builder_version=&#8221;3.21.1&#8243;][et_pb_column type=&#8221;1_2&#8243; _builder_version=&#8221;3.21.1&#8243;][et_pb_text _builder_version=&#8221;3.21.1&#8243;]<\/p>\n<h4><span style=\"color: #000000;\"><strong>OBJETIVO GENERAL<\/strong><\/span><\/h4>\n<p style=\"text-align: justify;\"><span style=\"color: #000000;\">Asistir a los enfermos y ancianos de la parroquia d\u00e1ndoles ayuda espiritual, moral y material a trav\u00e9s de la oraci\u00f3n y los Sacramentos, ense\u00f1\u00e1ndoles a confortarse en medio de su enfermedad.<\/span><\/p>\n<p>[\/et_pb_text][\/et_pb_column][et_pb_column type=&#8221;1_2&#8243; _builder_version=&#8221;3.21.1&#8243;][et_pb_text _builder_version=&#8221;3.21.1&#8243;]<\/p>\n<h4><span style=\"color: #000000;\"><strong>ESTRUCTURA<\/strong><\/span><\/h4>\n<p style=\"text-align: justify;\"><span style=\"color: #000000;\">Equipo del Ministerio; Est\u00e1 compuesto por: el encargado del ministerio y un contacto que representa cada sector y movimientos. El contacto se responsabiliza de las catequesis en cada sector, logrando as\u00ed capacitar a todos los sectores en la parroquia.<\/span><\/p>\n<p style=\"text-align: justify;\"><span style=\"color: #000000;\">Reuni\u00f3n de contactos: La reuni\u00f3n de contactos es mensual para evaluar el trabajo que se ha logrado durante el mes y lo que no se ha logrado y para programar actividades para el pr\u00f3ximo mes.<\/span><\/p>\n<p style=\"text-align: justify;\"><span style=\"color: #000000;\">Reuni\u00f3n de equipos: La reuni\u00f3n de equipos de trabajos se realiza cada mes a nivel parroquial, logrando la unificaci\u00f3n de los miembros e intercambiando experiencias de trabajo pastoral buscando capacitar a los equipos para mejorar el visiteo a los enfermos.<\/span><\/p>\n<p style=\"text-align: justify;\"><span style=\"color: #000000;\">Asamblea de sanaci\u00f3n: La asamblea de sanaci\u00f3n es cada 3 meses, en forma rotativa en los tres templos, ya que los equipos no solo deben dar sino que tambi\u00e9n necesitan recibir.<\/span><\/p>\n<p style=\"text-align: justify;\"><span style=\"color: #000000;\">Hora Santa: La hora Santa se lleva acabo los primeros martes de cada mes en cada templo. Estar una hora frente a Jes\u00fas Sacramentado poniendo en sus manos las necesidades de cada uno y pidiendo por la parroquia y es para agradecerle al se\u00f1or por el trabajo que nos permite realizar cada mes.<\/span><\/p>\n<p style=\"text-align: justify;\"><span style=\"color: #000000;\">Misa por los enfermos: Se celebra misa cada mes en diferente templo para ayudar a los enfermos a vivir sus sacramentos de la Confesi\u00f3n, Comuni\u00f3n y la Unci\u00f3n de los Enfermos ya que los Sacramentos son para encontrar la salud y la vida.<\/span><\/p>\n<p style=\"text-align: justify;\"><span style=\"color: #000000;\">Reuni\u00f3n Semanal: En cada sector se re\u00fanen el contacto con su equipo para compartir la catequesis en diferentes d\u00edas de la semana, se les hace conciencia que no podemos dejar de asistir a la catequesis porque no podemos dar lo que no hemos recibido.<\/span><\/p>\n<p style=\"text-align: justify;\"><span style=\"color: #000000;\">Se realiza otra reuni\u00f3n para organizarse para salir al visiteo de los enfermos. Se les asigna un canto, un salmo y una lectura, las cuales se les da una peque\u00f1a reflexi\u00f3n en cada hogar que se visita, se hacen grupos de tres o m\u00e1s personas una o dos que leen, y las que no leen ayudan apoyando en la oraci\u00f3n. Se visitan dos o tres enfermos por grupo.<\/span><\/p>\n<p>[\/et_pb_text][\/et_pb_column][\/et_pb_row][et_pb_row _builder_version=&#8221;3.21.1&#8243;][et_pb_column type=&#8221;1_3&#8243; _builder_version=&#8221;3.21.1&#8243;][et_pb_image src=&#8221;https:\/\/parroquiabelen.org\/wp-content\/uploads\/2019\/04\/Banner-pastorales-social.png&#8221; url=&#8221;https:\/\/parroquiabelen.org\/index.php\/pastoral-social\/&#8221; _builder_version=&#8221;3.21.1&#8243;][\/et_pb_image][\/et_pb_column][et_pb_column type=&#8221;1_3&#8243; _builder_version=&#8221;3.21.1&#8243;][et_pb_image src=&#8221;https:\/\/parroquiabelen.org\/wp-content\/uploads\/2019\/04\/Banner-pastorales-ind\u00edgena.png&#8221; url=&#8221;https:\/\/parroquiabelen.org\/index.php\/pastoral-indigena\/&#8221; _builder_version=&#8221;3.21.1&#8243;][\/et_pb_image][\/et_pb_column][et_pb_column type=&#8221;1_3&#8243; _builder_version=&#8221;3.21.1&#8243;][et_pb_image src=&#8221;https:\/\/parroquiabelen.org\/wp-content\/uploads\/2019\/04\/Banner-pastorales-rescate.png&#8221; url=&#8221;https:\/\/parroquiabelen.org\/index.php\/rescate\/&#8221; _builder_version=&#8221;3.21.1&#8243;][\/et_pb_image][\/et_pb_column][\/et_pb_row][\/et_pb_section]<\/p>\n","protected":false},"excerpt":{"rendered":"<p>[et_pb_section fb_built=&#8221;1&#8243; fullwidth=&#8221;on&#8221; _builder_version=&#8221;3.21.1&#8243;][et_pb_fullwidth_image src=&#8221;https:\/\/parroquiabelen.org\/wp-content\/uploads\/2019\/05\/banner-cabeceras-pastoral-de-oraci\u00f3n.png&#8221; _builder_version=&#8221;3.21.1&#8243;][\/et_pb_fullwidth_image][\/et_pb_section][et_pb_section fb_built=&#8221;1&#8243; _builder_version=&#8221;3.21.1&#8243; custom_padding=&#8221;52px|0px|54px|0px|false|false&#8221;][et_pb_row _builder_version=&#8221;3.21.1&#8243;][et_pb_column type=&#8221;1_2&#8243; _builder_version=&#8221;3.21.1&#8243;][et_pb_text _builder_version=&#8221;3.21.1&#8243;] OBJETIVO GENERAL Asistir a los enfermos y ancianos de la parroquia d\u00e1ndoles ayuda espiritual, moral y material a trav\u00e9s de la oraci\u00f3n y los Sacramentos, ense\u00f1\u00e1ndoles a confortarse en medio de su enfermedad. [\/et_pb_text][\/et_pb_column][et_pb_column type=&#8221;1_2&#8243; _builder_version=&#8221;3.21.1&#8243;][et_pb_text _builder_version=&#8221;3.21.1&#8243;] ESTRUCTURA Equipo del Ministerio; Est\u00e1 [&hellip;]<\/p>\n","protected":false},"author":1,"featured_media":0,"parent":0,"menu_order":0,"comment_status":"closed","ping_status":"closed","template":"","meta":{"_et_pb_use_builder":"on","_et_pb_old_content":""},"_links":{"self":[{"href":"https:\/\/parroquiabelen.org\/index.php\/wp-json\/wp\/v2\/pages\/519"}],"collection":[{"href":"https:\/\/parroquiabelen.org\/index.php\/wp-json\/wp\/v2\/pages"}],"about":[{"href":"https:\/\/parroquiabelen.org\/index.php\/wp-json\/wp\/v2\/types\/page"}],"author":[{"embeddable":true,"href":"https:\/\/parroquiabelen.org\/index.php\/wp-json\/wp\/v2\/users\/1"}],"replies":[{"embeddable":true,"href":"https:\/\/parroquiabelen.org\/index.php\/wp-json\/wp\/v2\/comments?post=519"}],"version-history":[{"count":7,"href":"https:\/\/parroquiabelen.org\/index.php\/wp-json\/wp\/v2\/pages\/519\/revisions"}],"predecessor-version":[{"id":1057,"href":"https:\/\/parroquiabelen.org\/index.php\/wp-json\/wp\/v2\/pages\/519\/revisions\/1057"}],"wp:attachment":[{"href":"https:\/\/parroquiabelen.org\/index.php\/wp-json\/wp\/v2\/media?parent=519"}],"curies":[{"name":"wp","href":"https:\/\/api.w.org\/{rel}","templated":true}]}}