{"id":517,"date":"2019-03-23T21:32:04","date_gmt":"2019-03-23T21:32:04","guid":{"rendered":"http:\/\/parroquiabelen.org\/?page_id=517"},"modified":"2019-05-15T04:29:31","modified_gmt":"2019-05-15T04:29:31","slug":"pastoral-familiar","status":"publish","type":"page","link":"https:\/\/parroquiabelen.org\/index.php\/pastoral-familiar\/","title":{"rendered":"Pastoral Familiar"},"content":{"rendered":"<p>[et_pb_section fb_built=&#8221;1&#8243; fullwidth=&#8221;on&#8221; _builder_version=&#8221;3.21.1&#8243;][et_pb_fullwidth_image src=&#8221;https:\/\/parroquiabelen.org\/wp-content\/uploads\/2019\/05\/banner-cabeceras-pastorales-familiar.png&#8221; _builder_version=&#8221;3.21.1&#8243;][\/et_pb_fullwidth_image][\/et_pb_section][et_pb_section fb_built=&#8221;1&#8243; _builder_version=&#8221;3.21.1&#8243; custom_padding=&#8221;31px|0px|54px|0px|false|false&#8221;][et_pb_row _builder_version=&#8221;3.21.1&#8243;][et_pb_column type=&#8221;2_5&#8243; _builder_version=&#8221;3.21.1&#8243;][et_pb_image src=&#8221;data:image\/svg+xml;base64,PHN2ZyB3aWR0aD0iMTA4MCIgaGVpZ2h0PSI1NDAiIHZpZXdCb3g9IjAgMCAxMDgwIDU0MCIgeG1sbnM9Imh0dHA6Ly93d3cudzMub3JnLzIwMDAvc3ZnIj4KICAgIDxnIGZpbGw9Im5vbmUiIGZpbGwtcnVsZT0iZXZlbm9kZCI+CiAgICAgICAgPHBhdGggZmlsbD0iI0VCRUJFQiIgZD0iTTAgMGgxMDgwdjU0MEgweiIvPgogICAgICAgIDxwYXRoIGQ9Ik00NDUuNjQ5IDU0MGgtOTguOTk1TDE0NC42NDkgMzM3Ljk5NSAwIDQ4Mi42NDR2LTk4Ljk5NWwxMTYuMzY1LTExNi4zNjVjMTUuNjItMTUuNjIgNDAuOTQ3LTE1LjYyIDU2LjU2OCAwTDQ0NS42NSA1NDB6IiBmaWxsLW9wYWNpdHk9Ii4xIiBmaWxsPSIjMDAwIiBmaWxsLXJ1bGU9Im5vbnplcm8iLz4KICAgICAgICA8Y2lyY2xlIGZpbGwtb3BhY2l0eT0iLjA1IiBmaWxsPSIjMDAwIiBjeD0iMzMxIiBjeT0iMTQ4IiByPSI3MCIvPgogICAgICAgIDxwYXRoIGQ9Ik0xMDgwIDM3OXYxMTMuMTM3TDcyOC4xNjIgMTQwLjMgMzI4LjQ2MiA1NDBIMjE1LjMyNEw2OTkuODc4IDU1LjQ0NmMxNS42Mi0xNS42MiA0MC45NDgtMTUuNjIgNTYuNTY4IDBMMTA4MCAzNzl6IiBmaWxsLW9wYWNpdHk9Ii4yIiBmaWxsPSIjMDAwIiBmaWxsLXJ1bGU9Im5vbnplcm8iLz4KICAgIDwvZz4KPC9zdmc+Cg==&#8221; _builder_version=&#8221;3.21.1&#8243;][\/et_pb_image][et_pb_text _builder_version=&#8221;3.21.1&#8243;]<\/p>\n<p style=\"text-align: justify;\"><span style=\"color: #000000;\">La Pastoral Familiar debe ser una prioridad b\u00e1sica, sentida, real y operante. B\u00e1sica como frontera de la Nueva Evangelizaci\u00f3n. Sentida, es decir acogida y asumida por toda la comunidad diocesana. Real porque ser\u00e1 respaldada concreta y decididamente en acompa\u00f1amiento por el Obispo y sus p\u00e1rrocos. Operante significa que debe estar inserta en una pastoral org\u00e1nica. Debe estar al d\u00eda en instrumentos pastorales y cient\u00edficos. Necesita ser acogida desde sus propios carismas por las comunidades religiosas y los movimientos en general. (Documento de Santo Domingo, 1992 y Documento de Puebla).<\/span><\/p>\n<h4><\/h4>\n<p>[\/et_pb_text][\/et_pb_column][et_pb_column type=&#8221;3_5&#8243; _builder_version=&#8221;3.21.1&#8243;][et_pb_text _builder_version=&#8221;3.21.1&#8243;]<\/p>\n<h4 style=\"text-align: justify;\"><strong><span style=\"color: #000000;\"><\/span><\/strong><\/h4>\n<h4 style=\"text-align: justify;\"><strong><span style=\"color: #000000;\"><\/span><\/strong><\/h4>\n<h4 style=\"text-align: justify;\"><strong><span style=\"color: #000000;\"><\/span><\/strong><\/h4>\n<h4 style=\"text-align: justify;\"><strong><span style=\"color: #000000;\"><\/span><\/strong><\/h4>\n<h4 style=\"text-align: justify;\"><strong><span style=\"color: #000000;\">OBJETIVO GENERAL<\/span><\/strong><\/h4>\n<p style=\"text-align: justify;\"><span style=\"color: #000000;\">Anunciar el Evangelio del amor conyugal y familiar como experiencia pascual vivida en la Eucarist\u00eda.<\/span><\/p>\n<p style=\"text-align: justify;\"><span style=\"color: #000000;\"><\/span><\/p>\n<p>[\/et_pb_text][et_pb_image src=&#8221;data:image\/svg+xml;base64,PHN2ZyB3aWR0aD0iMTA4MCIgaGVpZ2h0PSI1NDAiIHZpZXdCb3g9IjAgMCAxMDgwIDU0MCIgeG1sbnM9Imh0dHA6Ly93d3cudzMub3JnLzIwMDAvc3ZnIj4KICAgIDxnIGZpbGw9Im5vbmUiIGZpbGwtcnVsZT0iZXZlbm9kZCI+CiAgICAgICAgPHBhdGggZmlsbD0iI0VCRUJFQiIgZD0iTTAgMGgxMDgwdjU0MEgweiIvPgogICAgICAgIDxwYXRoIGQ9Ik00NDUuNjQ5IDU0MGgtOTguOTk1TDE0NC42NDkgMzM3Ljk5NSAwIDQ4Mi42NDR2LTk4Ljk5NWwxMTYuMzY1LTExNi4zNjVjMTUuNjItMTUuNjIgNDAuOTQ3LTE1LjYyIDU2LjU2OCAwTDQ0NS42NSA1NDB6IiBmaWxsLW9wYWNpdHk9Ii4xIiBmaWxsPSIjMDAwIiBmaWxsLXJ1bGU9Im5vbnplcm8iLz4KICAgICAgICA8Y2lyY2xlIGZpbGwtb3BhY2l0eT0iLjA1IiBmaWxsPSIjMDAwIiBjeD0iMzMxIiBjeT0iMTQ4IiByPSI3MCIvPgogICAgICAgIDxwYXRoIGQ9Ik0xMDgwIDM3OXYxMTMuMTM3TDcyOC4xNjIgMTQwLjMgMzI4LjQ2MiA1NDBIMjE1LjMyNEw2OTkuODc4IDU1LjQ0NmMxNS42Mi0xNS42MiA0MC45NDgtMTUuNjIgNTYuNTY4IDBMMTA4MCAzNzl6IiBmaWxsLW9wYWNpdHk9Ii4yIiBmaWxsPSIjMDAwIiBmaWxsLXJ1bGU9Im5vbnplcm8iLz4KICAgIDwvZz4KPC9zdmc+Cg==&#8221; _builder_version=&#8221;3.21.1&#8243;][\/et_pb_image][et_pb_text _builder_version=&#8221;3.21.1&#8243;]<\/p>\n<h4 style=\"text-align: justify;\"><span style=\"color: #000000;\"><strong>OBJETIVOS ESPEC\u00cdFICOS<\/strong><\/span><\/h4>\n<p style=\"text-align: justify;\"><span style=\"color: #000000;\">1. La Pastoral ha de discernir los retos que los cambios culturales plantean a la familia.<\/span><br \/><span style=\"color: #000000;\">2. Ha de denunciar las violaciones contra la justicia y la dignidad de la familia.<\/span><br \/><span style=\"color: #000000;\">3. Ha de acompa\u00f1ar a las familias de los sectores m\u00e1s pobres, rurales y urbanos, promoviendo la solidaridad.<\/span><br \/><span style=\"color: #000000;\">4. Ha de cuidar la formaci\u00f3n de los futuros esposos y el acompa\u00f1amiento de los c\u00f3nyuges, sobre todo en los primeros a\u00f1os de su vida matrimonial.<\/span><br \/><span style=\"color: #000000;\">5. Como preparaci\u00f3n inmediata tienen reconocido valor los cursos para novios antes de la celebraci\u00f3n sacramental.<\/span><br \/><span style=\"color: #000000;\">6. Buscar, siguiendo el ejemplo del Buen Pastor, caminos y formas para lograr una pastoral orientada a las parejas en situaciones irregulares, especialmente las divorciadas y vueltos a casar civilmente.<\/span><br \/><span style=\"color: #000000;\">7. Fortalecer la vida de la Iglesia y de la sociedad a partir de la familia: enriquecerla desde la catequesis familiar, la oraci\u00f3n en el hogar, la Eucarist\u00eda, la participaci\u00f3n en el sacramento de la Reconciliaci\u00f3n, el conocimiento de la Palabra de Dios, para ser fermento en la Iglesia y en la sociedad.<\/span><\/p>\n<p style=\"text-align: justify;\"><span style=\"color: #000000;\">8. Invitar a profesionales y matrimonios cristianos a colaborar e iluminar mejor los fundamentos b\u00edblicos, las motivaciones \u00e9ticas y las razones cient\u00edficas para la paternidad responsable, para la decisi\u00f3n libre, de acuerdo con una conciencia bien formada, seg\u00fan los principios de la moral, tanto en lo que mira al n\u00famero de hijos que se pueden educar, y en cuanto a los m\u00e9todos, seg\u00fan una aut\u00e9ntica paternidad responsable.<br \/>9. La promoci\u00f3n de programas y servicios que difundan los m\u00e9todos naturales de planificaci\u00f3n y manuales de educaci\u00f3n para la sexualidad y el amor, dirigidos a ni\u00f1os, adolescentes y j\u00f3venes.<br \/>10. Acompa\u00f1ar y apoyar efectivamente a los padres de familia, educadores, catequistas e instituciones que se dedican a la educaci\u00f3n de la ni\u00f1ez, prestando especial atenci\u00f3n al crecimiento en la fe.<\/span><\/p>\n<p>[\/et_pb_text][\/et_pb_column][\/et_pb_row][et_pb_row _builder_version=&#8221;3.21.1&#8243;][et_pb_column type=&#8221;4_4&#8243; _builder_version=&#8221;3.21.1&#8243;][et_pb_image src=&#8221;data:image\/svg+xml;base64,PHN2ZyB3aWR0aD0iMTA4MCIgaGVpZ2h0PSI1NDAiIHZpZXdCb3g9IjAgMCAxMDgwIDU0MCIgeG1sbnM9Imh0dHA6Ly93d3cudzMub3JnLzIwMDAvc3ZnIj4KICAgIDxnIGZpbGw9Im5vbmUiIGZpbGwtcnVsZT0iZXZlbm9kZCI+CiAgICAgICAgPHBhdGggZmlsbD0iI0VCRUJFQiIgZD0iTTAgMGgxMDgwdjU0MEgweiIvPgogICAgICAgIDxwYXRoIGQ9Ik00NDUuNjQ5IDU0MGgtOTguOTk1TDE0NC42NDkgMzM3Ljk5NSAwIDQ4Mi42NDR2LTk4Ljk5NWwxMTYuMzY1LTExNi4zNjVjMTUuNjItMTUuNjIgNDAuOTQ3LTE1LjYyIDU2LjU2OCAwTDQ0NS42NSA1NDB6IiBmaWxsLW9wYWNpdHk9Ii4xIiBmaWxsPSIjMDAwIiBmaWxsLXJ1bGU9Im5vbnplcm8iLz4KICAgICAgICA8Y2lyY2xlIGZpbGwtb3BhY2l0eT0iLjA1IiBmaWxsPSIjMDAwIiBjeD0iMzMxIiBjeT0iMTQ4IiByPSI3MCIvPgogICAgICAgIDxwYXRoIGQ9Ik0xMDgwIDM3OXYxMTMuMTM3TDcyOC4xNjIgMTQwLjMgMzI4LjQ2MiA1NDBIMjE1LjMyNEw2OTkuODc4IDU1LjQ0NmMxNS42Mi0xNS42MiA0MC45NDgtMTUuNjIgNTYuNTY4IDBMMTA4MCAzNzl6IiBmaWxsLW9wYWNpdHk9Ii4yIiBmaWxsPSIjMDAwIiBmaWxsLXJ1bGU9Im5vbnplcm8iLz4KICAgIDwvZz4KPC9zdmc+Cg==&#8221; _builder_version=&#8221;3.21.1&#8243;][\/et_pb_image][\/et_pb_column][\/et_pb_row][et_pb_row _builder_version=&#8221;3.21.1&#8243;][et_pb_column type=&#8221;1_2&#8243; _builder_version=&#8221;3.21.1&#8243;][et_pb_text _builder_version=&#8221;3.21.1&#8243;]<\/p>\n<h4 style=\"text-align: justify;\"><strong><span style=\"color: #000000;\">Estructura<\/span><\/strong><br \/><span style=\"color: #000000;\"><\/span><\/h4>\n<p style=\"text-align: justify;\"><span style=\"color: #000000;\">Son agentes de esta Pastoral Familiar quienes se comprometen a vivir el Evangelio de la familia y promueven peque\u00f1as o amplias comunidades eclesiales familiares.<\/span><\/p>\n<p style=\"text-align: justify;\"><span style=\"color: #000000;\">La Pastoral Familiar esta conformada por una pareja de contactos en cada sector (7) quienes dirigen y acompa\u00f1an a las parejas pertenecientes ha dicho sector.<\/span><\/p>\n<h4 style=\"text-align: justify;\"><strong><span style=\"color: #000000;\">Reuniones<\/span><\/strong><br \/><strong><span style=\"color: #000000;\"><\/span><\/strong><\/h4>\n<p style=\"text-align: justify;\"><span style=\"color: #000000;\">Los contactos de la Pastoral Familiar se re\u00fanen una vez al mes para programar, planificar y coordinar las actividades que se llevar\u00e1n a cabo en cada sector.<\/span><\/p>\n<p style=\"text-align: justify;\"><span style=\"color: #000000;\">El equipo de la Pastoral Familiar se re\u00fane una vez al mes para recibir capacitaci\u00f3n sobre los sacramentos y capacitaci\u00f3n a parejas.<\/span><\/p>\n<h4 style=\"text-align: justify;\"><strong><span style=\"color: #000000;\">L\u00edneas de Acci\u00f3n<\/span><\/strong><br \/><span style=\"color: #000000;\"><\/span><\/h4>\n<p style=\"text-align: justify;\"><span style=\"color: #000000;\">La Pastoral Familiar se inserta admirablemente en la pastoral de toda la Iglesia, ya que es evangelizadora, prof\u00e9tica y liberadora.<\/span><\/p>\n<p style=\"text-align: justify;\"><span style=\"color: #000000;\">* Busca caminos para que las parejas y las familias puedan avanzar en su vocaci\u00f3n de amor y en su misi\u00f3n de formar personas, educar en la fe, contribuir al desarrollo. En los casos tan frecuentes de familias incompletas, se han de buscar caminos pastorales para su adecuada atenci\u00f3n.<\/span><br \/><span style=\"color: #000000;\">* Acoge a las parejas y familias, cualquiera que se la situaci\u00f3n concreta de cada una, y las acompa\u00f1a con paso de Buen Pastor que comprende su debilidad al ritmo de su pobreza humana y de su ignorancia.<\/span><\/p>\n<p>[\/et_pb_text][\/et_pb_column][et_pb_column type=&#8221;1_2&#8243; _builder_version=&#8221;3.21.1&#8243;][et_pb_text _builder_version=&#8221;3.21.1&#8243;]<\/p>\n<h4 style=\"text-align: justify;\"><strong><span style=\"color: #000000;\">Para ello la Pastoral realiza las siguientes actividades:<\/span><\/strong><\/h4>\n<p style=\"text-align: justify;\"><span style=\"color: #000000;\">1. Talleres de Capacitaci\u00f3n a Parejas<\/span><br \/><span style=\"color: #000000;\"><strong>2. Talleres de Capacitaci\u00f3n<\/strong> sobre Trabajo Evangelizador en la Familia<\/span><br \/><span style=\"color: #000000;\"><strong>3. Apoyo Personalizado:<\/strong> Esta orientaci\u00f3n se realiza a nivel de pareja en un lugar designado por mutuo acuerdo, preferiblemente en la Iglesia o en la residencia de la pareja o la pareja miembro de la Pastoral Familiar.<\/span><br \/><span style=\"color: #000000;\"><strong>4. Retiros de Parejas Casadas:<\/strong> Los participantes de estos Retiros son prioritariamente las parejas de matrimonio que est\u00e1n participado en la Pastoral Familiar, adem\u00e1s las parejas de matrimonio interesadas pertenecientes a la parroquia. Esta actividad es planificada y coordinada por la Pastoral Familiar y la participaci\u00f3n de recursos externos. Su duraci\u00f3n es de dos d\u00edas.<\/span><br \/><span style=\"color: #000000;\"><strong>5. Retiros de Parejas Unidas:<\/strong> Los participantes de estos Retiros son las parejas de nuestra parroquia que a\u00fan no han recibido el Sacramento del Matrimonio. Esta actividad es planificada y coordinada por la Pastoral Familiar y con recursos internos. Su duraci\u00f3n es de un d\u00eda.<\/span><br \/><span style=\"color: #000000;\"><strong>6. Matrimonios Grupales:<\/strong> Estos Matrimonios se realizan a nivel Parroquial en la Iglesia San Jos\u00e9. Los mismos son programados y coordinados por la Pastoral Familiar y con recursos propios, para el mes de Noviembre.<\/span><br \/><span style=\"color: #000000;\"><strong>7. Visitas a otros Ministerios:<\/strong> Las parejas matrimoniales que constituyen la Pastoral Familiar visitan los diferentes Ministerios de la Parroquia para ofrecer conferencias, talleres, testimonios y cualquier otra ayuda solicitada.<\/span><\/p>\n<p>[\/et_pb_text][\/et_pb_column][\/et_pb_row][et_pb_row custom_padding=&#8221;66px|0px|27px|0px|false|false&#8221; _builder_version=&#8221;3.21.1&#8243;][et_pb_column type=&#8221;1_4&#8243; _builder_version=&#8221;3.21.1&#8243;][et_pb_image src=&#8221;https:\/\/parroquiabelen.org\/wp-content\/uploads\/2019\/05\/banner-cabeceras-pastorales-prejuvenil.png&#8221; url=&#8221;https:\/\/parroquiabelen.org\/index.php\/prejuvenil\/&#8221; _builder_version=&#8221;3.21.1&#8243;][\/et_pb_image][\/et_pb_column][et_pb_column type=&#8221;1_4&#8243; _builder_version=&#8221;3.21.1&#8243;][et_pb_image src=&#8221;https:\/\/parroquiabelen.org\/wp-content\/uploads\/2019\/05\/banner-cabeceras-pastorales-Juvenil.png&#8221; url=&#8221;https:\/\/parroquiabelen.org\/index.php\/pastoral-juvenil\/&#8221; _builder_version=&#8221;3.21.1&#8243;][\/et_pb_image][\/et_pb_column][et_pb_column type=&#8221;1_4&#8243; _builder_version=&#8221;3.21.1&#8243;][et_pb_image src=&#8221;https:\/\/parroquiabelen.org\/wp-content\/uploads\/2019\/05\/banner-cabeceras-pastorales-de-ni\u00f1os.png&#8221; url=&#8221;https:\/\/parroquiabelen.org\/index.php\/pastoral-de-ninos\/?et_fb=1&#038;PageSpeed=off&#8221; _builder_version=&#8221;3.21.1&#8243;][\/et_pb_image][\/et_pb_column][et_pb_column type=&#8221;1_4&#8243; _builder_version=&#8221;3.21.1&#8243;][et_pb_image src=&#8221;https:\/\/parroquiabelen.org\/wp-content\/uploads\/2019\/05\/banner-cabeceras-pastorales-catequesis-basica.png&#8221; url=&#8221;https:\/\/parroquiabelen.org\/index.php\/catequesis-basica\/&#8221; _builder_version=&#8221;3.21.1&#8243;][\/et_pb_image][\/et_pb_column][\/et_pb_row][\/et_pb_section]<\/p>\n","protected":false},"excerpt":{"rendered":"<p>[et_pb_section fb_built=&#8221;1&#8243; fullwidth=&#8221;on&#8221; _builder_version=&#8221;3.21.1&#8243;][et_pb_fullwidth_image src=&#8221;https:\/\/parroquiabelen.org\/wp-content\/uploads\/2019\/05\/banner-cabeceras-pastorales-familiar.png&#8221; _builder_version=&#8221;3.21.1&#8243;][\/et_pb_fullwidth_image][\/et_pb_section][et_pb_section fb_built=&#8221;1&#8243; _builder_version=&#8221;3.21.1&#8243; custom_padding=&#8221;31px|0px|54px|0px|false|false&#8221;][et_pb_row _builder_version=&#8221;3.21.1&#8243;][et_pb_column type=&#8221;2_5&#8243; _builder_version=&#8221;3.21.1&#8243;][et_pb_image src=&#8221;data:image\/svg+xml;base64,PHN2ZyB3aWR0aD0iMTA4MCIgaGVpZ2h0PSI1NDAiIHZpZXdCb3g9IjAgMCAxMDgwIDU0MCIgeG1sbnM9Imh0dHA6Ly93d3cudzMub3JnLzIwMDAvc3ZnIj4KICAgIDxnIGZpbGw9Im5vbmUiIGZpbGwtcnVsZT0iZXZlbm9kZCI+CiAgICAgICAgPHBhdGggZmlsbD0iI0VCRUJFQiIgZD0iTTAgMGgxMDgwdjU0MEgweiIvPgogICAgICAgIDxwYXRoIGQ9Ik00NDUuNjQ5IDU0MGgtOTguOTk1TDE0NC42NDkgMzM3Ljk5NSAwIDQ4Mi42NDR2LTk4Ljk5NWwxMTYuMzY1LTExNi4zNjVjMTUuNjItMTUuNjIgNDAuOTQ3LTE1LjYyIDU2LjU2OCAwTDQ0NS42NSA1NDB6IiBmaWxsLW9wYWNpdHk9Ii4xIiBmaWxsPSIjMDAwIiBmaWxsLXJ1bGU9Im5vbnplcm8iLz4KICAgICAgICA8Y2lyY2xlIGZpbGwtb3BhY2l0eT0iLjA1IiBmaWxsPSIjMDAwIiBjeD0iMzMxIiBjeT0iMTQ4IiByPSI3MCIvPgogICAgICAgIDxwYXRoIGQ9Ik0xMDgwIDM3OXYxMTMuMTM3TDcyOC4xNjIgMTQwLjMgMzI4LjQ2MiA1NDBIMjE1LjMyNEw2OTkuODc4IDU1LjQ0NmMxNS42Mi0xNS42MiA0MC45NDgtMTUuNjIgNTYuNTY4IDBMMTA4MCAzNzl6IiBmaWxsLW9wYWNpdHk9Ii4yIiBmaWxsPSIjMDAwIiBmaWxsLXJ1bGU9Im5vbnplcm8iLz4KICAgIDwvZz4KPC9zdmc+Cg==&#8221; _builder_version=&#8221;3.21.1&#8243;][\/et_pb_image][et_pb_text _builder_version=&#8221;3.21.1&#8243;] La Pastoral Familiar debe ser una prioridad b\u00e1sica, sentida, real y operante. B\u00e1sica como frontera de la Nueva Evangelizaci\u00f3n. Sentida, es decir acogida y asumida por toda la comunidad diocesana. Real porque ser\u00e1 respaldada concreta y decididamente en acompa\u00f1amiento por [&hellip;]<\/p>\n","protected":false},"author":1,"featured_media":0,"parent":0,"menu_order":0,"comment_status":"closed","ping_status":"closed","template":"","meta":{"_et_pb_use_builder":"on","_et_pb_old_content":""},"_links":{"self":[{"href":"https:\/\/parroquiabelen.org\/index.php\/wp-json\/wp\/v2\/pages\/517"}],"collection":[{"href":"https:\/\/parroquiabelen.org\/index.php\/wp-json\/wp\/v2\/pages"}],"about":[{"href":"https:\/\/parroquiabelen.org\/index.php\/wp-json\/wp\/v2\/types\/page"}],"author":[{"embeddable":true,"href":"https:\/\/parroquiabelen.org\/index.php\/wp-json\/wp\/v2\/users\/1"}],"replies":[{"embeddable":true,"href":"https:\/\/parroquiabelen.org\/index.php\/wp-json\/wp\/v2\/comments?post=517"}],"version-history":[{"count":6,"href":"https:\/\/parroquiabelen.org\/index.php\/wp-json\/wp\/v2\/pages\/517\/revisions"}],"predecessor-version":[{"id":1069,"href":"https:\/\/parroquiabelen.org\/index.php\/wp-json\/wp\/v2\/pages\/517\/revisions\/1069"}],"wp:attachment":[{"href":"https:\/\/parroquiabelen.org\/index.php\/wp-json\/wp\/v2\/media?parent=517"}],"curies":[{"name":"wp","href":"https:\/\/api.w.org\/{rel}","templated":true}]}}