{"id":511,"date":"2019-03-23T21:31:14","date_gmt":"2019-03-23T21:31:14","guid":{"rendered":"http:\/\/parroquiabelen.org\/?page_id=511"},"modified":"2019-05-15T04:28:33","modified_gmt":"2019-05-15T04:28:33","slug":"pastoral-de-ninos","status":"publish","type":"page","link":"https:\/\/parroquiabelen.org\/index.php\/pastoral-de-ninos\/","title":{"rendered":"Pastoral de Ni\u00f1os"},"content":{"rendered":"<p>[et_pb_section fb_built=&#8221;1&#8243; fullwidth=&#8221;on&#8221; _builder_version=&#8221;3.21.1&#8243;][et_pb_fullwidth_image src=&#8221;https:\/\/parroquiabelen.org\/wp-content\/uploads\/2019\/05\/banner-cabeceras-pastorales-de-ni\u00f1os.png&#8221; _builder_version=&#8221;3.21.1&#8243;][\/et_pb_fullwidth_image][\/et_pb_section][et_pb_section fb_built=&#8221;1&#8243; _builder_version=&#8221;3.21.1&#8243; custom_padding=&#8221;42px|0px|54px|0px|false|false&#8221;][et_pb_row _builder_version=&#8221;3.21.1&#8243;][et_pb_column type=&#8221;2_5&#8243; _builder_version=&#8221;3.21.1&#8243;][et_pb_image src=&#8221;https:\/\/parroquiabelen.org\/wp-content\/uploads\/2019\/05\/64200_100152563516943_709229548_n.jpg&#8221; _builder_version=&#8221;3.21.1&#8243;][\/et_pb_image][\/et_pb_column][et_pb_column type=&#8221;3_5&#8243; _builder_version=&#8221;3.21.1&#8243;][et_pb_text _builder_version=&#8221;3.21.1&#8243;]<\/p>\n<p style=\"text-align: justify;\"><span style=\"color: #000000;\">La Pastoral de Ni\u00f1os, vela por la iniciaci\u00f3n de los ni\u00f1os de la parroquia ene. Conocimiento de Cristo y para que en forma ordenada y progresiva vayan conociendo las verdades de la fe. Trabaja con los ni\u00f1os de cinco hasta los doce a\u00f1os.<\/span><\/p>\n<p style=\"text-align: justify;\"><span style=\"color: #000000;\">La importancia de esta pastoral es evidente ya que busca ir formando cristianos con cimientos s\u00f3lidos que en su vida tengan una cordial adhesi\u00f3n a dios, con una catequesis destinada a introducir al ni\u00f1o de manera org\u00e1nica en la vida de la Iglesia.<\/span><\/p>\n<p>[\/et_pb_text][et_pb_text _builder_version=&#8221;3.21.1&#8243;]<\/p>\n<h4><strong>OBJETIVO GENERAL<\/strong><\/h4>\n<p style=\"text-align: justify;\"><span style=\"color: #000000;\">Conducir a los ni\u00f1os que habitan en la parroquia a tener un encuentro personal con Jes\u00fas, descubrir en su familia, escuela y personas que lo rodean el amor de dios y poderlo compartir a trav\u00e9s de una catequesis vivencial que le permita al ni\u00f1o de acuerdo a su edad, ser un agente evangelizador.<\/span><\/p>\n<p>[\/et_pb_text][et_pb_text _builder_version=&#8221;3.21.1&#8243;]<\/p>\n<h4><span style=\"color: #000000;\"><strong>OBJETIVOS ESPEC\u00cdFICOS<\/strong><\/span><br \/><span style=\"color: #000000;\"> <\/span><\/h4>\n<p><span style=\"color: #000000;\">Que el ni\u00f1o conozca y experimente el amor de Jes\u00fas a trav\u00e9s de participar en las escuelitas de formaci\u00f3n b\u00e1sica en la Fe, de acuerdo a su edad.<\/span><br \/><span style=\"color: #000000;\"> Fomentar la participaci\u00f3n de hermanos evangelizados al servicio dentro del Ministerio de Ni\u00f1os, para crecer espiritualmente y guiar a los ni\u00f1os a tener un encuentro personal con Jes\u00fas.<\/span><br \/><span style=\"color: #000000;\"> Integrar a los padres de familia, tomando parte en las tareas de la catequesis, invitar a los padres de familia a reuniones bimensuales, motivarles a acompa\u00f1ar a sus hijos en actividades complementarias y de esta forma acerc\u00e1ndole a Jes\u00fas a trav\u00e9s de los ni\u00f1os.<\/span><br \/><span style=\"color: #000000;\"> Organizar en los sectores escuelitas tomando en cuenta la edad de los ni\u00f1os, transmitiendo una catequesis adecuada por niveles.<\/span><br \/><span style=\"color: #000000;\"> Capacitar a los catequistas en m\u00e9todos de ense\u00f1anza, Psicolog\u00eda del ni\u00f1o, din\u00e1micas y juegos.<\/span><\/p>\n<p>[\/et_pb_text][\/et_pb_column][\/et_pb_row][et_pb_row _builder_version=&#8221;3.21.1&#8243;][et_pb_column type=&#8221;4_4&#8243; _builder_version=&#8221;3.21.1&#8243;][et_pb_image src=&#8221;https:\/\/parroquiabelen.org\/wp-content\/uploads\/2019\/05\/banner-ni\u00f1os.png&#8221; _builder_version=&#8221;3.21.1&#8243;][\/et_pb_image][\/et_pb_column][\/et_pb_row][et_pb_row _builder_version=&#8221;3.21.1&#8243;][et_pb_column type=&#8221;1_4&#8243; _builder_version=&#8221;3.21.1&#8243;][et_pb_image src=&#8221;https:\/\/parroquiabelen.org\/wp-content\/uploads\/2019\/05\/1377009_170703709795161_460919490_n.jpg&#8221; _builder_version=&#8221;3.21.1&#8243;][\/et_pb_image][\/et_pb_column][et_pb_column type=&#8221;1_4&#8243; _builder_version=&#8221;3.21.1&#8243;][et_pb_image src=&#8221;https:\/\/parroquiabelen.org\/wp-content\/uploads\/2019\/05\/64396_104784106387122_789072568_n.jpg&#8221; _builder_version=&#8221;3.21.1&#8243;][\/et_pb_image][\/et_pb_column][et_pb_column type=&#8221;1_4&#8243; _builder_version=&#8221;3.21.1&#8243;][et_pb_image src=&#8221;https:\/\/parroquiabelen.org\/wp-content\/uploads\/2019\/05\/534217_104787009720165_287186197_n.jpg&#8221; _builder_version=&#8221;3.21.1&#8243;][\/et_pb_image][\/et_pb_column][et_pb_column type=&#8221;1_4&#8243; _builder_version=&#8221;3.21.1&#8243;][et_pb_image src=&#8221;https:\/\/parroquiabelen.org\/wp-content\/uploads\/2019\/05\/544327_106582746207258_756720548_n.jpg&#8221; _builder_version=&#8221;3.21.1&#8243;][\/et_pb_image][\/et_pb_column][\/et_pb_row][et_pb_row _builder_version=&#8221;3.21.1&#8243;][et_pb_column type=&#8221;1_2&#8243; _builder_version=&#8221;3.21.1&#8243;][et_pb_text _builder_version=&#8221;3.21.1&#8243;]<\/p>\n<h4><strong>ACTIVIDADES ESPIRITUALES<\/strong><\/h4>\n<p style=\"text-align: justify;\"><span style=\"color: #000000;\">Catequesis gradualizada, contemplando los tiempos del A\u00f1o Lit\u00fargico.<\/span><br \/><span style=\"color: #000000;\">Misas de ni\u00f1os en los diferentes templos por sectores.<\/span><br \/><span style=\"color: #000000;\">Rezo del Santo Rosario en escuelitas o parroquialmente<\/span><br \/><span style=\"color: #000000;\">Procesi\u00f3n infantil<\/span><br \/><span style=\"color: #000000;\">Posadas infantiles<\/span><\/p>\n<p>[\/et_pb_text][\/et_pb_column][et_pb_column type=&#8221;1_2&#8243; _builder_version=&#8221;3.21.1&#8243;][et_pb_text _builder_version=&#8221;3.21.1&#8243;]<\/p>\n<h4><strong><span style=\"color: #000000;\">ACTIVIDADES COMPLEMENTARIAS<\/span><\/strong><br \/><span style=\"color: #000000;\"><\/span><\/h4>\n<p><span style=\"color: #000000;\">Antorcha b\u00edblica por niveles<\/span><br \/><span style=\"color: #000000;\">Misiones infantiles<\/span><br \/><span style=\"color: #000000;\">Campa\u00f1as ecol\u00f3gicas<\/span><br \/><span style=\"color: #000000;\">Excursiones<\/span><br \/><span style=\"color: #000000;\">Elaboraci\u00f3n de trabajos manuales en ocasiones como: d\u00eda del cari\u00f1o, d\u00eda de la madre, d\u00eda del padre, etc.<\/span><br \/><span style=\"color: #000000;\">Deportes<\/span><br \/><span style=\"color: #000000;\">Celebraci\u00f3n del d\u00eda del ni\u00f1o por escuelitas<\/span><\/p>\n<p>[\/et_pb_text][\/et_pb_column][\/et_pb_row][et_pb_row custom_padding=&#8221;66px|0px|27px|0px|false|false&#8221; _builder_version=&#8221;3.21.1&#8243;][et_pb_column type=&#8221;1_4&#8243; _builder_version=&#8221;3.21.1&#8243;][et_pb_image src=&#8221;https:\/\/parroquiabelen.org\/wp-content\/uploads\/2019\/05\/banner-cabeceras-pastorales-prejuvenil.png&#8221; url=&#8221;https:\/\/parroquiabelen.org\/index.php\/prejuvenil\/&#8221; _builder_version=&#8221;3.21.1&#8243;][\/et_pb_image][\/et_pb_column][et_pb_column type=&#8221;1_4&#8243; _builder_version=&#8221;3.21.1&#8243;][et_pb_image src=&#8221;https:\/\/parroquiabelen.org\/wp-content\/uploads\/2019\/05\/banner-cabeceras-pastorales-Juvenil.png&#8221; url=&#8221;https:\/\/parroquiabelen.org\/index.php\/pastoral-juvenil\/&#8221; _builder_version=&#8221;3.21.1&#8243;][\/et_pb_image][\/et_pb_column][et_pb_column type=&#8221;1_4&#8243; _builder_version=&#8221;3.21.1&#8243;][et_pb_image src=&#8221;https:\/\/parroquiabelen.org\/wp-content\/uploads\/2019\/05\/banner-cabeceras-pastorales-familiar.png&#8221; url=&#8221;https:\/\/parroquiabelen.org\/index.php\/pastoral-familiar\/&#8221; _builder_version=&#8221;3.21.1&#8243;][\/et_pb_image][\/et_pb_column][et_pb_column type=&#8221;1_4&#8243; _builder_version=&#8221;3.21.1&#8243;][et_pb_image src=&#8221;https:\/\/parroquiabelen.org\/wp-content\/uploads\/2019\/05\/banner-cabeceras-pastorales-catequesis-basica.png&#8221; url=&#8221;https:\/\/parroquiabelen.org\/index.php\/catequesis-basica\/&#8221; _builder_version=&#8221;3.21.1&#8243;][\/et_pb_image][\/et_pb_column][\/et_pb_row][\/et_pb_section]<\/p>\n","protected":false},"excerpt":{"rendered":"<p>[et_pb_section fb_built=&#8221;1&#8243; fullwidth=&#8221;on&#8221; _builder_version=&#8221;3.21.1&#8243;][et_pb_fullwidth_image src=&#8221;https:\/\/parroquiabelen.org\/wp-content\/uploads\/2019\/05\/banner-cabeceras-pastorales-de-ni\u00f1os.png&#8221; _builder_version=&#8221;3.21.1&#8243;][\/et_pb_fullwidth_image][\/et_pb_section][et_pb_section fb_built=&#8221;1&#8243; _builder_version=&#8221;3.21.1&#8243; custom_padding=&#8221;42px|0px|54px|0px|false|false&#8221;][et_pb_row _builder_version=&#8221;3.21.1&#8243;][et_pb_column type=&#8221;2_5&#8243; _builder_version=&#8221;3.21.1&#8243;][et_pb_image src=&#8221;https:\/\/parroquiabelen.org\/wp-content\/uploads\/2019\/05\/64200_100152563516943_709229548_n.jpg&#8221; _builder_version=&#8221;3.21.1&#8243;][\/et_pb_image][\/et_pb_column][et_pb_column type=&#8221;3_5&#8243; _builder_version=&#8221;3.21.1&#8243;][et_pb_text _builder_version=&#8221;3.21.1&#8243;] La Pastoral de Ni\u00f1os, vela por la iniciaci\u00f3n de los ni\u00f1os de la parroquia ene. Conocimiento de Cristo y para que en forma ordenada y progresiva vayan conociendo las verdades de la fe. Trabaja con los ni\u00f1os de [&hellip;]<\/p>\n","protected":false},"author":1,"featured_media":0,"parent":0,"menu_order":0,"comment_status":"closed","ping_status":"closed","template":"","meta":{"_et_pb_use_builder":"on","_et_pb_old_content":""},"_links":{"self":[{"href":"https:\/\/parroquiabelen.org\/index.php\/wp-json\/wp\/v2\/pages\/511"}],"collection":[{"href":"https:\/\/parroquiabelen.org\/index.php\/wp-json\/wp\/v2\/pages"}],"about":[{"href":"https:\/\/parroquiabelen.org\/index.php\/wp-json\/wp\/v2\/types\/page"}],"author":[{"embeddable":true,"href":"https:\/\/parroquiabelen.org\/index.php\/wp-json\/wp\/v2\/users\/1"}],"replies":[{"embeddable":true,"href":"https:\/\/parroquiabelen.org\/index.php\/wp-json\/wp\/v2\/comments?post=511"}],"version-history":[{"count":8,"href":"https:\/\/parroquiabelen.org\/index.php\/wp-json\/wp\/v2\/pages\/511\/revisions"}],"predecessor-version":[{"id":1060,"href":"https:\/\/parroquiabelen.org\/index.php\/wp-json\/wp\/v2\/pages\/511\/revisions\/1060"}],"wp:attachment":[{"href":"https:\/\/parroquiabelen.org\/index.php\/wp-json\/wp\/v2\/media?parent=511"}],"curies":[{"name":"wp","href":"https:\/\/api.w.org\/{rel}","templated":true}]}}