{"id":509,"date":"2019-03-23T21:30:52","date_gmt":"2019-03-23T21:30:52","guid":{"rendered":"http:\/\/parroquiabelen.org\/?page_id=509"},"modified":"2022-03-24T21:35:00","modified_gmt":"2022-03-24T21:35:00","slug":"liturgia-2","status":"publish","type":"page","link":"https:\/\/parroquiabelen.org\/index.php\/liturgia-2\/","title":{"rendered":"Liturgia"},"content":{"rendered":"<p>[et_pb_section fb_built=&#8221;1&#8243; _builder_version=&#8221;3.21.1&#8243;][et_pb_row _builder_version=&#8221;3.21.1&#8243;][et_pb_column type=&#8221;4_4&#8243; _builder_version=&#8221;3.21.1&#8243;][et_pb_image src=&#8221;https:\/\/parroquiabelen.org\/wp-content\/uploads\/2022\/03\/banner-cabeceras-pastorales-liturgia.png&#8221; _builder_version=&#8221;3.21.1&#8243;][\/et_pb_image][\/et_pb_column][\/et_pb_row][et_pb_row _builder_version=&#8221;3.21.1&#8243;][et_pb_column type=&#8221;1_2&#8243; _builder_version=&#8221;3.21.1&#8243;][et_pb_text _builder_version=&#8221;3.21.1&#8243;]<\/p>\n<p><span style=\"color: #000000;\">La Pastoral Lit\u00fargica es una praxis eclasial que requiere una ciencia te\u00f3rica, pr\u00e1ctica basada en la teolog\u00eda lit\u00fargica y en la participaci\u00f3n de las ciencias humanas que contribuyan a enriquecer la celebraci\u00f3n Eucar\u00edstica.<\/span><\/p>\n<p>&nbsp;<\/p>\n<p>Esta orientada a la formaci\u00f3n del ser cristiano, seg\u00fan la medida de Cristo, en analog\u00eda con el ser humano (Ef 4,13; Col 1,9); no es directamente misionera, aunque debe estar impregnada de un sentido evangelizador.<\/p>\n<p>[\/et_pb_text][\/et_pb_column][et_pb_column type=&#8221;1_2&#8243; _builder_version=&#8221;3.21.1&#8243;][et_pb_image src=&#8221;https:\/\/parroquiabelen.org\/wp-content\/uploads\/2019\/02\/Liturgia.png&#8221; _builder_version=&#8221;3.21.1&#8243;][\/et_pb_image][\/et_pb_column][\/et_pb_row][et_pb_row _builder_version=&#8221;3.21.1&#8243;][et_pb_column type=&#8221;4_4&#8243; _builder_version=&#8221;3.21.1&#8243;][et_pb_text _builder_version=&#8221;3.21.1&#8243;]<\/p>\n<p><strong>\u00a0<span style=\"color: #000000;\">OBJETIVO GENERAL<\/span><\/strong><\/p>\n<p><span style=\"color: #000000;\">Realizar la liturgia de una manera digna y participativa, como una verdadera ocasi\u00f3n de encuentro con Jesucristo en su ministerio pascual.<\/span><\/p>\n<p><strong><span style=\"color: #000000;\">OBJETIVOS ESPECIFICOS<\/span><\/strong><\/p>\n<ol>\n<li><span style=\"color: #000000;\">Que el Pueblo de Dios participe activamente en las celebraciones lit\u00fargicas.<\/span><\/li>\n<li><span style=\"color: #000000;\">Promover la educaci\u00f3n, instrucci\u00f3n y conducci\u00f3n lit\u00fargica.<\/span><\/li>\n<li><span style=\"color: #000000;\">Promover la formaci\u00f3n integral de los servidores.<\/span><\/li>\n<li><span style=\"color: #000000;\">Dinamizar el servicio lit\u00fargico.<\/span><\/li>\n<\/ol>\n<p><span style=\"color: #000000;\">\u00a0<\/span><\/p>\n<p><span style=\"color: #000000;\"><strong>\u00a0ESTRATEGIAS<\/strong><\/span><\/p>\n<p><span style=\"color: #000000;\">&#8211; Que todos los miembros del Ministerio de Liturgia participen responsablemente en todas las celebraciones lit\u00fargicas a nivel parroquial.<\/span><\/p>\n<p><span style=\"color: #000000;\">&#8211; Crear un equipo base que coordine las actividades por templo para las celebraciones propias de cada templo y a nivel parroquial.<\/span><\/p>\n<p><span style=\"color: #000000;\">&#8211; Programar a cada a\u00f1o un retiro para el equipo de liturgia (encargados de templo, contactos, encargados de ministros, estudiantinas y monaguillos).<\/span><\/p>\n<p><span style=\"color: #000000;\">&#8211; Programar un retiro para todos los servidores de liturgia, para que puedan tener un encuentro personal con el Se\u00f1or y servirle con amor.<\/span><\/p>\n<p><span style=\"color: #000000;\">&#8211; Que cada templo tenga un ambiente adecuado para las celebraciones de la eucarist\u00eda, para que la feligres\u00eda se sienta animada y motivada.<\/span><\/p>\n<p>[\/et_pb_text][\/et_pb_column][\/et_pb_row][\/et_pb_section]<\/p>\n","protected":false},"excerpt":{"rendered":"<p>[et_pb_section fb_built=&#8221;1&#8243; _builder_version=&#8221;3.21.1&#8243;][et_pb_row _builder_version=&#8221;3.21.1&#8243;][et_pb_column type=&#8221;4_4&#8243; _builder_version=&#8221;3.21.1&#8243;][et_pb_image src=&#8221;https:\/\/parroquiabelen.org\/wp-content\/uploads\/2022\/03\/banner-cabeceras-pastorales-liturgia.png&#8221; _builder_version=&#8221;3.21.1&#8243;][\/et_pb_image][\/et_pb_column][\/et_pb_row][et_pb_row _builder_version=&#8221;3.21.1&#8243;][et_pb_column type=&#8221;1_2&#8243; _builder_version=&#8221;3.21.1&#8243;][et_pb_text _builder_version=&#8221;3.21.1&#8243;] La Pastoral Lit\u00fargica es una praxis eclasial que requiere una ciencia te\u00f3rica, pr\u00e1ctica basada en la teolog\u00eda lit\u00fargica y en la participaci\u00f3n de las ciencias humanas que contribuyan a enriquecer la celebraci\u00f3n Eucar\u00edstica. &nbsp; Esta orientada a la formaci\u00f3n del ser cristiano, seg\u00fan [&hellip;]<\/p>\n","protected":false},"author":1,"featured_media":0,"parent":0,"menu_order":0,"comment_status":"closed","ping_status":"closed","template":"","meta":{"_et_pb_use_builder":"on","_et_pb_old_content":""},"_links":{"self":[{"href":"https:\/\/parroquiabelen.org\/index.php\/wp-json\/wp\/v2\/pages\/509"}],"collection":[{"href":"https:\/\/parroquiabelen.org\/index.php\/wp-json\/wp\/v2\/pages"}],"about":[{"href":"https:\/\/parroquiabelen.org\/index.php\/wp-json\/wp\/v2\/types\/page"}],"author":[{"embeddable":true,"href":"https:\/\/parroquiabelen.org\/index.php\/wp-json\/wp\/v2\/users\/1"}],"replies":[{"embeddable":true,"href":"https:\/\/parroquiabelen.org\/index.php\/wp-json\/wp\/v2\/comments?post=509"}],"version-history":[{"count":7,"href":"https:\/\/parroquiabelen.org\/index.php\/wp-json\/wp\/v2\/pages\/509\/revisions"}],"predecessor-version":[{"id":1708,"href":"https:\/\/parroquiabelen.org\/index.php\/wp-json\/wp\/v2\/pages\/509\/revisions\/1708"}],"wp:attachment":[{"href":"https:\/\/parroquiabelen.org\/index.php\/wp-json\/wp\/v2\/media?parent=509"}],"curies":[{"name":"wp","href":"https:\/\/api.w.org\/{rel}","templated":true}]}}