{"id":505,"date":"2019-03-23T21:29:43","date_gmt":"2019-03-23T21:29:43","guid":{"rendered":"http:\/\/parroquiabelen.org\/?page_id=505"},"modified":"2019-05-15T04:24:08","modified_gmt":"2019-05-15T04:24:08","slug":"catequesis-permanente","status":"publish","type":"page","link":"https:\/\/parroquiabelen.org\/index.php\/catequesis-permanente\/","title":{"rendered":"Catequesis Permanente"},"content":{"rendered":"<p>[et_pb_section fb_built=&#8221;1&#8243; fullwidth=&#8221;on&#8221; _builder_version=&#8221;3.21.1&#8243;][et_pb_fullwidth_image src=&#8221;https:\/\/parroquiabelen.org\/wp-content\/uploads\/2019\/05\/banner-cabeceras-pastorales-cat-permanente.png&#8221; _builder_version=&#8221;3.21.1&#8243;][\/et_pb_fullwidth_image][\/et_pb_section][et_pb_section fb_built=&#8221;1&#8243; _builder_version=&#8221;3.21.1&#8243;][et_pb_row _builder_version=&#8221;3.21.1&#8243;][et_pb_column type=&#8221;2_5&#8243; _builder_version=&#8221;3.21.1&#8243;][et_pb_image src=&#8221;https:\/\/parroquiabelen.org\/wp-content\/uploads\/2019\/05\/banner-cabeceras-pastorales-cat-permanente.png&#8221; _builder_version=&#8221;3.21.1&#8243;][\/et_pb_image][\/et_pb_column][et_pb_column type=&#8221;3_5&#8243; _builder_version=&#8221;3.21.1&#8243;][et_pb_text _builder_version=&#8221;3.21.1&#8243;]<\/p>\n<h3><span style=\"color: #000000;\"><strong>OBJETIVO GENERAL<\/strong><\/span><\/h3>\n<p style=\"text-align: justify;\"><span style=\"color: #000000;\">Garantizar la formaci\u00f3n catequ\u00e9tica de los adultos en la Parroquia, despu\u00e9s del retiro de Evangelizaci\u00f3n fundamental, a trav\u00e9s de la catequesis sistem\u00e1tica, programada y gradual del contacto con La Palabra de Dios. En el marco de las peque\u00f1as comunidades que se han formado a trav\u00e9s de los retiros de Evangelizaci\u00f3n.<\/span><\/p>\n<p style=\"text-align: justify;\"><span style=\"color: #000000;\"><\/span><\/p>\n<h3 style=\"text-align: justify;\"><span style=\"color: #000000;\"><strong>OBJETIVOS ESPEC\u00cdFICOS<\/strong><\/span><\/h3>\n<p style=\"text-align: justify;\"><span style=\"color: #000000;\">\u00b7 Formar los catequistas para las peque\u00f1as comunidades.<\/span><br \/> <span style=\"color: #000000;\">\u00b7 Fortalecer el conocimiento del misterio de la salvaci\u00f3n y el crecimiento de la madurez en la fe.<\/span><br \/> <span style=\"color: #000000;\">\u00b7 Facilitar jornadas de capacitaci\u00f3n especializadas a quienes forman parte del ministerio de catequesis.<\/span><br \/> <span style=\"color: #000000;\">\u00b7 Elaborar esquemas catequ\u00edsticos, de acuerdo a las realidades parroquiales.<\/span><br \/> <span style=\"color: #000000;\">\u00b7 Organizar y ofrecer servicios de catequesis a grupos y movimientos existentes en la parroquia.<\/span><br \/> <span style=\"color: #000000;\">\u00b7 Trazar la pedagog\u00eda y did\u00e1ctica apropiadas que lleve a fortalecer la catequesis.<\/span><\/p>\n<p style=\"text-align: justify;\"><span style=\"color: #000000;\"><\/span><\/p>\n<h3><strong><span style=\"color: #000000;\">PERFIL DEL CATEQUISTA<\/span><\/strong><\/h3>\n<p><span style=\"color: #000000;\">* Una persona evangelizada y madura en la fe, de buen testimonio, fiel a la Iglesia.<\/span><br \/><span style=\"color: #000000;\"> * Una persona estudiosa y suficientemente formada.<\/span><br \/><span style=\"color: #000000;\"> * Que con exclusividad se dedique a esta pastoral.<\/span><br \/><span style=\"color: #000000;\"> * Que tenga capacidad de trabajar en equipo.<\/span><br \/><span style=\"color: #000000;\"> * Con capacidad para comunicar contenidos y con buen manejo de grupo.<\/span><br \/><span style=\"color: #000000;\"> * Que sea catequista y hermano de las peque\u00f1as comunidades.<\/span><\/p>\n<p>[\/et_pb_text][\/et_pb_column][\/et_pb_row][et_pb_row _builder_version=&#8221;3.21.1&#8243;][et_pb_column type=&#8221;1_4&#8243; _builder_version=&#8221;3.21.1&#8243;][et_pb_image src=&#8221;https:\/\/parroquiabelen.org\/wp-content\/uploads\/2019\/04\/Banner-pastorales-comunidades.png&#8221; url=&#8221;https:\/\/parroquiabelen.org\/index.php\/pastoral-de-comunidades\/&#8221; _builder_version=&#8221;3.21.1&#8243;][\/et_pb_image][\/et_pb_column][et_pb_column type=&#8221;1_4&#8243; _builder_version=&#8221;3.21.1&#8243;][et_pb_image src=&#8221;https:\/\/parroquiabelen.org\/wp-content\/uploads\/2019\/04\/Banner-pastorales-misi\u00f3n.png&#8221; url=&#8221;https:\/\/parroquiabelen.org\/index.php\/pastorales\/pastoral-de-mision\/?et_fb=1&#038;PageSpeed=off&#8221; _builder_version=&#8221;3.21.1&#8243;][\/et_pb_image][\/et_pb_column][et_pb_column type=&#8221;1_4&#8243; _builder_version=&#8221;3.21.1&#8243;][et_pb_image src=&#8221;https:\/\/parroquiabelen.org\/wp-content\/uploads\/2019\/05\/Banner-pastorales-josefina.png&#8221; url=&#8221;https:\/\/parroquiabelen.org\/index.php\/josefinos\/?et_fb=1&#038;PageSpeed=off&#8221; _builder_version=&#8221;3.21.1&#8243;][\/et_pb_image][\/et_pb_column][et_pb_column type=&#8221;1_4&#8243; _builder_version=&#8221;3.21.1&#8243;][et_pb_image src=&#8221;https:\/\/parroquiabelen.org\/wp-content\/uploads\/2019\/05\/Banner-pastorales-Crecimiento.png&#8221; url=&#8221;https:\/\/parroquiabelen.org\/index.php\/crecimiento-espiritual\/&#8221; _builder_version=&#8221;3.21.1&#8243;][\/et_pb_image][\/et_pb_column][\/et_pb_row][\/et_pb_section]<\/p>\n","protected":false},"excerpt":{"rendered":"<p>[et_pb_section fb_built=&#8221;1&#8243; fullwidth=&#8221;on&#8221; _builder_version=&#8221;3.21.1&#8243;][et_pb_fullwidth_image src=&#8221;https:\/\/parroquiabelen.org\/wp-content\/uploads\/2019\/05\/banner-cabeceras-pastorales-cat-permanente.png&#8221; _builder_version=&#8221;3.21.1&#8243;][\/et_pb_fullwidth_image][\/et_pb_section][et_pb_section fb_built=&#8221;1&#8243; _builder_version=&#8221;3.21.1&#8243;][et_pb_row _builder_version=&#8221;3.21.1&#8243;][et_pb_column type=&#8221;2_5&#8243; _builder_version=&#8221;3.21.1&#8243;][et_pb_image src=&#8221;https:\/\/parroquiabelen.org\/wp-content\/uploads\/2019\/05\/banner-cabeceras-pastorales-cat-permanente.png&#8221; _builder_version=&#8221;3.21.1&#8243;][\/et_pb_image][\/et_pb_column][et_pb_column type=&#8221;3_5&#8243; _builder_version=&#8221;3.21.1&#8243;][et_pb_text _builder_version=&#8221;3.21.1&#8243;] OBJETIVO GENERAL Garantizar la formaci\u00f3n catequ\u00e9tica de los adultos en la Parroquia, despu\u00e9s del retiro de Evangelizaci\u00f3n fundamental, a trav\u00e9s de la catequesis sistem\u00e1tica, programada y gradual del contacto con La Palabra de Dios. En el marco de las [&hellip;]<\/p>\n","protected":false},"author":1,"featured_media":0,"parent":0,"menu_order":0,"comment_status":"closed","ping_status":"closed","template":"","meta":{"_et_pb_use_builder":"on","_et_pb_old_content":""},"_links":{"self":[{"href":"https:\/\/parroquiabelen.org\/index.php\/wp-json\/wp\/v2\/pages\/505"}],"collection":[{"href":"https:\/\/parroquiabelen.org\/index.php\/wp-json\/wp\/v2\/pages"}],"about":[{"href":"https:\/\/parroquiabelen.org\/index.php\/wp-json\/wp\/v2\/types\/page"}],"author":[{"embeddable":true,"href":"https:\/\/parroquiabelen.org\/index.php\/wp-json\/wp\/v2\/users\/1"}],"replies":[{"embeddable":true,"href":"https:\/\/parroquiabelen.org\/index.php\/wp-json\/wp\/v2\/comments?post=505"}],"version-history":[{"count":7,"href":"https:\/\/parroquiabelen.org\/index.php\/wp-json\/wp\/v2\/pages\/505\/revisions"}],"predecessor-version":[{"id":1042,"href":"https:\/\/parroquiabelen.org\/index.php\/wp-json\/wp\/v2\/pages\/505\/revisions\/1042"}],"wp:attachment":[{"href":"https:\/\/parroquiabelen.org\/index.php\/wp-json\/wp\/v2\/media?parent=505"}],"curies":[{"name":"wp","href":"https:\/\/api.w.org\/{rel}","templated":true}]}}