{"id":503,"date":"2019-03-23T21:29:17","date_gmt":"2019-03-23T21:29:17","guid":{"rendered":"http:\/\/parroquiabelen.org\/?page_id=503"},"modified":"2019-05-15T04:25:37","modified_gmt":"2019-05-15T04:25:37","slug":"catequesis-basica","status":"publish","type":"page","link":"https:\/\/parroquiabelen.org\/index.php\/catequesis-basica\/","title":{"rendered":"Catequ\u00e9sis B\u00e1sica"},"content":{"rendered":"<p>[et_pb_section fb_built=&#8221;1&#8243; fullwidth=&#8221;on&#8221; _builder_version=&#8221;3.21.1&#8243;][et_pb_fullwidth_image src=&#8221;https:\/\/parroquiabelen.org\/wp-content\/uploads\/2019\/05\/banner-cabeceras-pastorales-catequesis-basica.png&#8221; _builder_version=&#8221;3.21.1&#8243;][\/et_pb_fullwidth_image][\/et_pb_section][et_pb_section fb_built=&#8221;1&#8243; _builder_version=&#8221;3.21.1&#8243; custom_padding=&#8221;30px|0px|54px|0px|false|false&#8221;][et_pb_row _builder_version=&#8221;3.21.1&#8243;][et_pb_column type=&#8221;1_3&#8243; _builder_version=&#8221;3.21.1&#8243;][et_pb_image src=&#8221;https:\/\/parroquiabelen.org\/wp-content\/uploads\/2019\/05\/banner-cabeceras-pastorales-catequesis-basica.png&#8221; _builder_version=&#8221;3.21.1&#8243;][\/et_pb_image][\/et_pb_column][et_pb_column type=&#8221;2_3&#8243; _builder_version=&#8221;3.21.1&#8243;][et_pb_text _builder_version=&#8221;3.21.1&#8243;]<\/p>\n<h3><span style=\"color: #000000;\"><strong>OBJETIVO GENERAL<\/strong><\/span><\/h3>\n<p><span style=\"color: #000000;\">Educar en la fe a los ni\u00f1os, a los j\u00f3venes y adultos, especialmente la ense\u00f1anza de la Doctrina Cristiana, dado de generalmente de modo org\u00e1nico y sistem\u00e1tico, con miras a iniciarlos en la plenitud de la vida Cristiana.<\/span><\/p>\n<p><span style=\"color: #000000;\"><\/span><\/p>\n<p><span style=\"color: #000000;\"><\/span><\/p>\n<h4><strong><span style=\"color: #000000;\">\u00c1reas que Cubre:\u00a0 \u00a0<\/span><\/strong><\/h4>\n<p><span style=\"color: #000000;\"> Catequesis Pre_ Sacramental<\/span><br \/> <span style=\"color: #000000;\">Catequesis de Primera\u00a0<\/span><\/p>\n<p><span style=\"color: #000000;\"> Catequesis de Confirmaci\u00f3n<\/span><\/p>\n<p>&nbsp;<\/p>\n<h3><span style=\"color: #000000;\"><strong>OBJETIVO ESPEC\u00cdFICO<\/strong><\/span><\/h3>\n<p><span style=\"color: #000000;\">&#8211; Hacer madurar la fe inicial y de educar al verdadero disc\u00edpulo por medio de un conocimiento mas profundo y sistem\u00e1tico de la persona y del mensaje de Nuestro Se\u00f1or Jesucristo.<\/span><br \/> <span style=\"color: #000000;\">&#8211; Consiste en entregarse a la Palabra de Dios y de apoyarse en ella, pero significa tambi\u00e9n, en segunda estancia, esforzarse por conocer cada vez mejor el sentido profundo de esa Palabra.<\/span><br \/> <span style=\"color: #000000;\"> Como debe ser esta ense\u00f1anza:<\/span><br \/> <span style=\"color: #000000;\"> &#8211; Sistem\u00e1tica<\/span><br \/> <span style=\"color: #000000;\"> &#8211; Elemental<\/span><br \/> <span style=\"color: #000000;\"> &#8211; Programada<\/span><br \/> <span style=\"color: #000000;\"> &#8211; Completa<\/span><\/p>\n<p>[\/et_pb_text][\/et_pb_column][\/et_pb_row][et_pb_row custom_padding=&#8221;66px|0px|27px|0px|false|false&#8221; _builder_version=&#8221;3.21.1&#8243;][et_pb_column type=&#8221;1_4&#8243; _builder_version=&#8221;3.21.1&#8243;][et_pb_image src=&#8221;https:\/\/parroquiabelen.org\/wp-content\/uploads\/2019\/05\/banner-cabeceras-pastorales-prejuvenil.png&#8221; url=&#8221;https:\/\/parroquiabelen.org\/index.php\/prejuvenil\/&#8221; _builder_version=&#8221;3.21.1&#8243;][\/et_pb_image][\/et_pb_column][et_pb_column type=&#8221;1_4&#8243; _builder_version=&#8221;3.21.1&#8243;][et_pb_image src=&#8221;https:\/\/parroquiabelen.org\/wp-content\/uploads\/2019\/05\/banner-cabeceras-pastorales-Juvenil.png&#8221; url=&#8221;https:\/\/parroquiabelen.org\/index.php\/pastoral-juvenil\/&#8221; _builder_version=&#8221;3.21.1&#8243;][\/et_pb_image][\/et_pb_column][et_pb_column type=&#8221;1_4&#8243; _builder_version=&#8221;3.21.1&#8243;][et_pb_image src=&#8221;https:\/\/parroquiabelen.org\/wp-content\/uploads\/2019\/05\/banner-cabeceras-pastorales-familiar.png&#8221; url=&#8221;https:\/\/parroquiabelen.org\/index.php\/pastoral-familiar\/&#8221; _builder_version=&#8221;3.21.1&#8243;][\/et_pb_image][\/et_pb_column][et_pb_column type=&#8221;1_4&#8243; _builder_version=&#8221;3.21.1&#8243;][et_pb_image src=&#8221;https:\/\/parroquiabelen.org\/wp-content\/uploads\/2019\/05\/banner-cabeceras-pastorales-de-ni\u00f1os.png&#8221; url=&#8221;https:\/\/parroquiabelen.org\/index.php\/pastoral-de-ninos\/?et_fb=1&#038;PageSpeed=off&#8221; _builder_version=&#8221;3.21.1&#8243;][\/et_pb_image][\/et_pb_column][\/et_pb_row][\/et_pb_section]<\/p>\n","protected":false},"excerpt":{"rendered":"<p>[et_pb_section fb_built=&#8221;1&#8243; fullwidth=&#8221;on&#8221; _builder_version=&#8221;3.21.1&#8243;][et_pb_fullwidth_image src=&#8221;https:\/\/parroquiabelen.org\/wp-content\/uploads\/2019\/05\/banner-cabeceras-pastorales-catequesis-basica.png&#8221; _builder_version=&#8221;3.21.1&#8243;][\/et_pb_fullwidth_image][\/et_pb_section][et_pb_section fb_built=&#8221;1&#8243; _builder_version=&#8221;3.21.1&#8243; custom_padding=&#8221;30px|0px|54px|0px|false|false&#8221;][et_pb_row _builder_version=&#8221;3.21.1&#8243;][et_pb_column type=&#8221;1_3&#8243; _builder_version=&#8221;3.21.1&#8243;][et_pb_image src=&#8221;https:\/\/parroquiabelen.org\/wp-content\/uploads\/2019\/05\/banner-cabeceras-pastorales-catequesis-basica.png&#8221; _builder_version=&#8221;3.21.1&#8243;][\/et_pb_image][\/et_pb_column][et_pb_column type=&#8221;2_3&#8243; _builder_version=&#8221;3.21.1&#8243;][et_pb_text _builder_version=&#8221;3.21.1&#8243;] OBJETIVO GENERAL Educar en la fe a los ni\u00f1os, a los j\u00f3venes y adultos, especialmente la ense\u00f1anza de la Doctrina Cristiana, dado de generalmente de modo org\u00e1nico y sistem\u00e1tico, con miras a iniciarlos en la plenitud de la [&hellip;]<\/p>\n","protected":false},"author":1,"featured_media":0,"parent":0,"menu_order":0,"comment_status":"closed","ping_status":"closed","template":"","meta":{"_et_pb_use_builder":"on","_et_pb_old_content":""},"_links":{"self":[{"href":"https:\/\/parroquiabelen.org\/index.php\/wp-json\/wp\/v2\/pages\/503"}],"collection":[{"href":"https:\/\/parroquiabelen.org\/index.php\/wp-json\/wp\/v2\/pages"}],"about":[{"href":"https:\/\/parroquiabelen.org\/index.php\/wp-json\/wp\/v2\/types\/page"}],"author":[{"embeddable":true,"href":"https:\/\/parroquiabelen.org\/index.php\/wp-json\/wp\/v2\/users\/1"}],"replies":[{"embeddable":true,"href":"https:\/\/parroquiabelen.org\/index.php\/wp-json\/wp\/v2\/comments?post=503"}],"version-history":[{"count":6,"href":"https:\/\/parroquiabelen.org\/index.php\/wp-json\/wp\/v2\/pages\/503\/revisions"}],"predecessor-version":[{"id":1051,"href":"https:\/\/parroquiabelen.org\/index.php\/wp-json\/wp\/v2\/pages\/503\/revisions\/1051"}],"wp:attachment":[{"href":"https:\/\/parroquiabelen.org\/index.php\/wp-json\/wp\/v2\/media?parent=503"}],"curies":[{"name":"wp","href":"https:\/\/api.w.org\/{rel}","templated":true}]}}