{"id":463,"date":"2019-03-13T21:59:31","date_gmt":"2019-03-13T21:59:31","guid":{"rendered":"http:\/\/parroquiabelen.org\/?page_id=463"},"modified":"2022-03-24T21:07:32","modified_gmt":"2022-03-24T21:07:32","slug":"pastoral-de-mision","status":"publish","type":"page","link":"https:\/\/parroquiabelen.org\/index.php\/pastorales\/pastoral-de-mision\/","title":{"rendered":"Pastoral de Misi\u00f3n"},"content":{"rendered":"<p>[et_pb_section fb_built=&#8221;1&#8243; fullwidth=&#8221;on&#8221; _builder_version=&#8221;3.21.1&#8243; custom_padding=&#8221;0px|0px|54px|0px|false|false&#8221;][et_pb_fullwidth_image src=&#8221;https:\/\/parroquiabelen.org\/wp-content\/uploads\/2019\/05\/banner-cabeceras-pastoral-Misi\u00f3n.png&#8221; _builder_version=&#8221;3.21.1&#8243;][\/et_pb_fullwidth_image][\/et_pb_section][et_pb_section fb_built=&#8221;1&#8243; admin_label=&#8221;Services&#8221; _builder_version=&#8221;3.17.1&#8243; background_image=&#8221;https:\/\/parroquiabelen.org\/wp-content\/uploads\/2018\/10\/church-03.jpg&#8221; background_size=&#8221;initial&#8221; background_position=&#8221;top_center&#8221; custom_padding=&#8221;0|0px|31px|0px|false|false&#8221;][et_pb_row use_custom_gutter=&#8221;on&#8221; gutter_width=&#8221;1&#8243; custom_padding=&#8221;0|0px|27px|0px|false|false&#8221; _builder_version=&#8221;3.17.1&#8243; background_color=&#8221;rgba(126,190,197,0)&#8221;][et_pb_column type=&#8221;1_3&#8243; _builder_version=&#8221;3.0.47&#8243;][et_pb_cta title=&#8221;OBJETIVO GENERAL&#8221; button_url=&#8221;#&#8221; _builder_version=&#8221;3.17.1&#8243; header_font=&#8221;|700|||||||&#8221; header_font_size=&#8221;18px&#8221; header_line_height=&#8221;1.6em&#8221; body_font=&#8221;||||||||&#8221; body_line_height=&#8221;2em&#8221; background_color=&#8221;rgba(126,190,197,0)&#8221; custom_button=&#8221;on&#8221; button_text_size=&#8221;16px&#8221; button_text_color=&#8221;#34587c&#8221; button_bg_color=&#8221;rgba(234,114,74,0)&#8221; button_border_width=&#8221;8px&#8221; button_border_color=&#8221;rgba(0,0,0,0)&#8221; button_border_radius=&#8221;0px&#8221; button_letter_spacing=&#8221;3px&#8221; button_font=&#8221;Didact Gothic|700||on|||||&#8221; button_use_icon=&#8221;off&#8221; box_shadow_style_button=&#8221;preset5&#8243; box_shadow_vertical_button=&#8221;0px&#8221; box_shadow_spread_button=&#8221;2px&#8221; box_shadow_color_button=&#8221;rgba(81,103,120,0.48)&#8221; background_layout=&#8221;light&#8221;]<\/p>\n<p>Anunciar el Evangelio de Nuestro Se\u00f1or Jesucristo, para que sea conocido, amado y servido a trav\u00e9s de retiros de Evangelizaci\u00f3n cerrados y abiertos con estrategias que lleven a los participantes a un encuentro personal y de ojos abiertos y coraz\u00f3n palpitante con Jes\u00fas, como dec\u00eda el Santo Juan Pablo II.<\/p>\n<p>[\/et_pb_cta][\/et_pb_column][et_pb_column type=&#8221;1_3&#8243; _builder_version=&#8221;3.0.47&#8243;][et_pb_cta title=&#8221;OBJETIVOS ESPEC\u00cdFICOS&#8221; button_url=&#8221;#&#8221; _builder_version=&#8221;3.17.1&#8243; header_font=&#8221;|700|||||||&#8221; header_font_size=&#8221;18px&#8221; header_line_height=&#8221;1.6em&#8221; body_line_height=&#8221;2em&#8221; background_color=&#8221;#006668&#8243; custom_button=&#8221;on&#8221; button_text_size=&#8221;16px&#8221; button_text_color=&#8221;#ffffff&#8221; button_bg_color=&#8221;rgba(234,114,74,0)&#8221; button_border_width=&#8221;8px&#8221; button_border_color=&#8221;rgba(0,0,0,0)&#8221; button_border_radius=&#8221;0px&#8221; button_letter_spacing=&#8221;3px&#8221; button_font=&#8221;Didact Gothic|700||on|||||&#8221; button_use_icon=&#8221;off&#8221; box_shadow_style=&#8221;preset3&#8243; box_shadow_vertical=&#8221;20px&#8221; box_shadow_blur=&#8221;45px&#8221; box_shadow_spread=&#8221;-15px&#8221; box_shadow_color=&#8221;rgba(0,0,0,0.5)&#8221; box_shadow_style_button=&#8221;preset5&#8243; box_shadow_vertical_button=&#8221;0px&#8221; box_shadow_spread_button=&#8221;2px&#8221; box_shadow_color_button=&#8221;#ffffff&#8221; animation_style=&#8221;slide&#8221; animation_direction=&#8221;top&#8221; animation_intensity_slide=&#8221;5%&#8221; locked=&#8221;off&#8221; box_shadow_vertical__hover=&#8221;32px&#8221; box_shadow_vertical__hover_enabled=&#8221;on&#8221; box_shadow_blur__hover=&#8221;105px&#8221; box_shadow_blur__hover_enabled=&#8221;on&#8221;]<\/p>\n<p>\u00b7 Dar formaci\u00f3n a los nuevos evangelizadores que nos permita\u00a0 cubrir los diversos retiros que se realizan en la parroquia.<\/p>\n<p>\u00b7 Realizar retiros cerrados para un mejor fruto de la respuesta que deben dar todos y cada uno de los que se evangelicen.<\/p>\n<p>\u00b7 Fortalecer a los equipos de cada sector dando un acompa\u00f1amiento\u00a0 en sus respectivas reuniones semanales.<\/p>\n<p>[\/et_pb_cta][\/et_pb_column][et_pb_column type=&#8221;1_3&#8243; _builder_version=&#8221;3.0.47&#8243;][et_pb_cta title=&#8221;MISI\u00d3N&#8221; button_url=&#8221;#&#8221; _builder_version=&#8221;3.17.1&#8243; header_font=&#8221;|700|||||||&#8221; header_font_size=&#8221;18px&#8221; header_line_height=&#8221;1.6em&#8221; body_font=&#8221;||||||||&#8221; body_line_height=&#8221;2em&#8221; background_color=&#8221;rgba(126,190,197,0)&#8221; custom_button=&#8221;on&#8221; button_text_size=&#8221;16px&#8221; button_text_color=&#8221;#34587c&#8221; button_bg_color=&#8221;rgba(234,114,74,0)&#8221; button_border_width=&#8221;8px&#8221; button_border_color=&#8221;rgba(0,0,0,0)&#8221; button_border_radius=&#8221;0px&#8221; button_letter_spacing=&#8221;3px&#8221; button_font=&#8221;Didact Gothic|700||on|||||&#8221; button_use_icon=&#8221;off&#8221; box_shadow_style_button=&#8221;preset5&#8243; box_shadow_vertical_button=&#8221;0px&#8221; box_shadow_spread_button=&#8221;2px&#8221; box_shadow_color_button=&#8221;rgba(81,103,120,0.48)&#8221; background_layout=&#8221;light&#8221; locked=&#8221;off&#8221;]<\/p>\n<p>Anunciar la buena nueva de la persona de Jesucristo para transformar y elevar la dignidad del ser humano, a trav\u00e9s de la adhesi\u00f3n irrevocable a la Iglesia Cat\u00f3lica.<\/p>\n<p>[\/et_pb_cta][et_pb_cta title=&#8221;VISI\u00d3N&#8221; button_url=&#8221;#&#8221; _builder_version=&#8221;3.17.1&#8243; header_font=&#8221;|700|||||||&#8221; header_font_size=&#8221;18px&#8221; header_line_height=&#8221;1.6em&#8221; body_font=&#8221;||||||||&#8221; body_line_height=&#8221;2em&#8221; background_color=&#8221;rgba(126,190,197,0)&#8221; custom_button=&#8221;on&#8221; button_text_size=&#8221;16px&#8221; button_text_color=&#8221;#34587c&#8221; button_bg_color=&#8221;rgba(234,114,74,0)&#8221; button_border_width=&#8221;8px&#8221; button_border_color=&#8221;rgba(0,0,0,0)&#8221; button_border_radius=&#8221;0px&#8221; button_letter_spacing=&#8221;3px&#8221; button_font=&#8221;Didact Gothic|700||on|||||&#8221; button_use_icon=&#8221;off&#8221; box_shadow_style_button=&#8221;preset5&#8243; box_shadow_vertical_button=&#8221;0px&#8221; box_shadow_spread_button=&#8221;2px&#8221; box_shadow_color_button=&#8221;rgba(81,103,120,0.48)&#8221; background_layout=&#8221;light&#8221; locked=&#8221;off&#8221;]<\/p>\n<p>Alcanzar una parroquia m\u00e1s consciente y fraterna a ra\u00edz del encuentro personal con Jes\u00fas, que nos lleve a un mundo nuevo y un cielo definitivo.<\/p>\n<p>[\/et_pb_cta][\/et_pb_column][\/et_pb_row][\/et_pb_section][et_pb_section fb_built=&#8221;1&#8243; admin_label=&#8221;Service Times&#8221; _builder_version=&#8221;3.17.1&#8243; custom_padding=&#8221;29px|0px|54px|0px|false|false&#8221; locked=&#8221;off&#8221;][et_pb_row _builder_version=&#8221;3.21.1&#8243;][et_pb_column type=&#8221;1_4&#8243; _builder_version=&#8221;3.21.1&#8243;][et_pb_image src=&#8221;https:\/\/parroquiabelen.org\/wp-content\/uploads\/2019\/04\/Banner-pastorales-comunidades.png&#8221; url=&#8221;https:\/\/parroquiabelen.org\/index.php\/pastoral-de-comunidades\/&#8221; _builder_version=&#8221;3.21.1&#8243;][\/et_pb_image][\/et_pb_column][et_pb_column type=&#8221;1_4&#8243; _builder_version=&#8221;3.21.1&#8243;][et_pb_image src=&#8221;https:\/\/parroquiabelen.org\/wp-content\/uploads\/2019\/05\/Banner-pastorales-Cat-Permanente.png&#8221; url=&#8221;https:\/\/parroquiabelen.org\/index.php\/catequesis-permanente\/&#8221; _builder_version=&#8221;3.21.1&#8243;][\/et_pb_image][\/et_pb_column][et_pb_column type=&#8221;1_4&#8243; _builder_version=&#8221;3.21.1&#8243;][et_pb_image src=&#8221;https:\/\/parroquiabelen.org\/wp-content\/uploads\/2019\/05\/Banner-pastorales-josefina.png&#8221; url=&#8221;https:\/\/parroquiabelen.org\/index.php\/josefinos\/?et_fb=1&#038;PageSpeed=off&#8221; _builder_version=&#8221;3.21.1&#8243;][\/et_pb_image][\/et_pb_column][et_pb_column type=&#8221;1_4&#8243; _builder_version=&#8221;3.21.1&#8243;][et_pb_image src=&#8221;https:\/\/parroquiabelen.org\/wp-content\/uploads\/2019\/05\/Banner-pastorales-Crecimiento.png&#8221; url=&#8221;https:\/\/parroquiabelen.org\/index.php\/crecimiento-espiritual\/&#8221; _builder_version=&#8221;3.21.1&#8243;][\/et_pb_image][\/et_pb_column][\/et_pb_row][\/et_pb_section]<\/p>\n","protected":false},"excerpt":{"rendered":"<p>[et_pb_section fb_built=&#8221;1&#8243; fullwidth=&#8221;on&#8221; _builder_version=&#8221;3.21.1&#8243; custom_padding=&#8221;0px|0px|54px|0px|false|false&#8221;][et_pb_fullwidth_image src=&#8221;https:\/\/parroquiabelen.org\/wp-content\/uploads\/2019\/05\/banner-cabeceras-pastoral-Misi\u00f3n.png&#8221; _builder_version=&#8221;3.21.1&#8243;][\/et_pb_fullwidth_image][\/et_pb_section][et_pb_section fb_built=&#8221;1&#8243; admin_label=&#8221;Services&#8221; _builder_version=&#8221;3.17.1&#8243; background_image=&#8221;https:\/\/parroquiabelen.org\/wp-content\/uploads\/2018\/10\/church-03.jpg&#8221; background_size=&#8221;initial&#8221; background_position=&#8221;top_center&#8221; custom_padding=&#8221;0|0px|31px|0px|false|false&#8221;][et_pb_row use_custom_gutter=&#8221;on&#8221; gutter_width=&#8221;1&#8243; custom_padding=&#8221;0|0px|27px|0px|false|false&#8221; _builder_version=&#8221;3.17.1&#8243; background_color=&#8221;rgba(126,190,197,0)&#8221;][et_pb_column type=&#8221;1_3&#8243; _builder_version=&#8221;3.0.47&#8243;][et_pb_cta title=&#8221;OBJETIVO GENERAL&#8221; button_url=&#8221;#&#8221; _builder_version=&#8221;3.17.1&#8243; header_font=&#8221;|700|||||||&#8221; header_font_size=&#8221;18px&#8221; header_line_height=&#8221;1.6em&#8221; body_font=&#8221;||||||||&#8221; body_line_height=&#8221;2em&#8221; background_color=&#8221;rgba(126,190,197,0)&#8221; custom_button=&#8221;on&#8221; button_text_size=&#8221;16px&#8221; button_text_color=&#8221;#34587c&#8221; button_bg_color=&#8221;rgba(234,114,74,0)&#8221; button_border_width=&#8221;8px&#8221; button_border_color=&#8221;rgba(0,0,0,0)&#8221; button_border_radius=&#8221;0px&#8221; button_letter_spacing=&#8221;3px&#8221; button_font=&#8221;Didact Gothic|700||on|||||&#8221; button_use_icon=&#8221;off&#8221; box_shadow_style_button=&#8221;preset5&#8243; box_shadow_vertical_button=&#8221;0px&#8221; box_shadow_spread_button=&#8221;2px&#8221; box_shadow_color_button=&#8221;rgba(81,103,120,0.48)&#8221; background_layout=&#8221;light&#8221;] Anunciar el Evangelio de Nuestro Se\u00f1or Jesucristo, para [&hellip;]<\/p>\n","protected":false},"author":1,"featured_media":0,"parent":14,"menu_order":0,"comment_status":"closed","ping_status":"closed","template":"","meta":{"_et_pb_use_builder":"on","_et_pb_old_content":""},"_links":{"self":[{"href":"https:\/\/parroquiabelen.org\/index.php\/wp-json\/wp\/v2\/pages\/463"}],"collection":[{"href":"https:\/\/parroquiabelen.org\/index.php\/wp-json\/wp\/v2\/pages"}],"about":[{"href":"https:\/\/parroquiabelen.org\/index.php\/wp-json\/wp\/v2\/types\/page"}],"author":[{"embeddable":true,"href":"https:\/\/parroquiabelen.org\/index.php\/wp-json\/wp\/v2\/users\/1"}],"replies":[{"embeddable":true,"href":"https:\/\/parroquiabelen.org\/index.php\/wp-json\/wp\/v2\/comments?post=463"}],"version-history":[{"count":19,"href":"https:\/\/parroquiabelen.org\/index.php\/wp-json\/wp\/v2\/pages\/463\/revisions"}],"predecessor-version":[{"id":1699,"href":"https:\/\/parroquiabelen.org\/index.php\/wp-json\/wp\/v2\/pages\/463\/revisions\/1699"}],"up":[{"embeddable":true,"href":"https:\/\/parroquiabelen.org\/index.php\/wp-json\/wp\/v2\/pages\/14"}],"wp:attachment":[{"href":"https:\/\/parroquiabelen.org\/index.php\/wp-json\/wp\/v2\/media?parent=463"}],"curies":[{"name":"wp","href":"https:\/\/api.w.org\/{rel}","templated":true}]}}