{"id":276,"date":"2019-03-23T22:33:44","date_gmt":"2019-03-23T22:33:44","guid":{"rendered":"http:\/\/parroquiabelen.org\/?page_id=276"},"modified":"2025-03-25T23:27:39","modified_gmt":"2025-03-25T23:27:39","slug":"semana-santa","status":"publish","type":"page","link":"https:\/\/parroquiabelen.org\/index.php\/semana-santa\/","title":{"rendered":"Semana Santa"},"content":{"rendered":"<p>[et_pb_section fb_built=&#8221;1&#8243; fullwidth=&#8221;on&#8221; admin_label=&#8221;Header&#8221; _builder_version=&#8221;3.17.1&#8243; background_image=&#8221;https:\/\/parroquiabelen.org\/wp-content\/uploads\/2019\/03\/FAROLITO.png&#8221; parallax=&#8221;on&#8221;][et_pb_fullwidth_header title=&#8221;Semana Santa 2025&#8243; subhead=&#8221;Parroquia Nuestra Se\u00f1ora de Bel\u00e9n&#8221; text_orientation=&#8221;center&#8221; _builder_version=&#8221;3.21.1&#8243; title_font=&#8221;Didact Gothic||||||||&#8221; title_text_color=&#8221;#ffffff&#8221; title_font_size=&#8221;60px&#8221; title_font_size_tablet=&#8221;40px&#8221; title_font_size_phone=&#8221;30px&#8221; title_font_size_last_edited=&#8221;on|phone&#8221; title_line_height=&#8221;1.3em&#8221; content_font=&#8221;||||||||&#8221; content_font_size=&#8221;16px&#8221; content_line_height=&#8221;2em&#8221; subhead_font=&#8221;Didact Gothic||||||||&#8221; subhead_font_size=&#8221;20px&#8221; subhead_font_size_phone=&#8221;18px&#8221; subhead_font_size_last_edited=&#8221;on|phone&#8221; subhead_line_height=&#8221;1.8em&#8221; background_color=&#8221;rgba(0,0,0,0)&#8221; use_background_color_gradient=&#8221;on&#8221; background_color_gradient_start=&#8221;rgba(110,0,188,0.62)&#8221; background_color_gradient_end=&#8221;rgba(28,0,51,0.73)&#8221; background_color_gradient_type=&#8221;radial&#8221; background_color_gradient_end_position=&#8221;53%&#8221; custom_button_two=&#8221;on&#8221; button_two_text_size=&#8221;16px&#8221; button_two_text_color=&#8221;#34587c&#8221; button_two_bg_color=&#8221;#ffffff&#8221; button_two_border_width=&#8221;8px&#8221; button_two_border_color=&#8221;rgba(0,0,0,0)&#8221; button_two_border_radius=&#8221;0px&#8221; button_two_letter_spacing=&#8221;3px&#8221; button_two_font=&#8221;Didact Gothic|700||on|||||&#8221; button_two_icon=&#8221;%%40%%&#8221; button_two_icon_placement=&#8221;left&#8221; button_two_on_hover=&#8221;off&#8221; custom_button_one=&#8221;on&#8221; button_one_text_size=&#8221;16px&#8221; button_one_text_color=&#8221;#ffffff&#8221; button_one_bg_color=&#8221;#a0beef&#8221; button_one_border_width=&#8221;8px&#8221; button_one_border_color=&#8221;rgba(0,0,0,0)&#8221; button_one_border_radius=&#8221;0px&#8221; button_one_letter_spacing=&#8221;3px&#8221; button_one_font=&#8221;Didact Gothic|700||on|||||&#8221; button_one_use_icon=&#8221;off&#8221; custom_padding=&#8221;10vw||10vw||true&#8221; custom_padding_phone=&#8221;||80px&#8221; custom_padding_last_edited=&#8221;on|phone&#8221; animation_style=&#8221;fade&#8221; animation_starting_opacity=&#8221;45%&#8221;][\/et_pb_fullwidth_header][\/et_pb_section][et_pb_section fb_built=&#8221;1&#8243; _builder_version=&#8221;3.17.1&#8243; custom_padding=&#8221;54px|1px|39px|0px|false|false&#8221;][et_pb_row custom_padding=&#8221;27px|0px|15px|0px|false|false&#8221; _builder_version=&#8221;3.17.1&#8243;][et_pb_column type=&#8221;1_3&#8243; _builder_version=&#8221;3.17.1&#8243;][et_pb_image src=&#8221;https:\/\/parroquiabelen.org\/wp-content\/uploads\/2019\/03\/Semana-Santa-Web.png&#8221; _builder_version=&#8221;3.17.1&#8243;][\/et_pb_image][et_pb_text _builder_version=&#8221;3.21.1&#8243; text_font=&#8221;||||||||&#8221; text_text_color=&#8221;#000000&#8243;]<\/p>\n<h3><strong>S\u00c1BADO ANTERIOR A RAMOS<\/strong><\/h3>\n<p><strong><\/strong><\/p>\n<p><span>18:00\u00a0\u00a0 Misa &#8211;\u00a0<\/span><em>\u00a0<\/em><span>\u00a0Nuestra Se\u00f1ora de las Am\u00e9ricas<\/span><span color=\"#000000\" style=\"color: #000000;\"><\/span><\/p>\n<p><span color=\"#000000\" style=\"color: #000000;\"><\/span><\/p>\n<p>&nbsp;<\/p>\n<p>[\/et_pb_text][\/et_pb_column][et_pb_column type=&#8221;1_3&#8243; _builder_version=&#8221;3.17.1&#8243;][et_pb_image src=&#8221;https:\/\/parroquiabelen.org\/wp-content\/uploads\/2019\/03\/Domingo-de-Ramos-web.png&#8221; _builder_version=&#8221;3.17.1&#8243;][\/et_pb_image][et_pb_text _builder_version=&#8221;3.21.1&#8243; text_font=&#8221;||||||||&#8221; text_text_color=&#8221;#000000&#8243;]<\/p>\n<h3><span style=\"color: #000000;\"><strong>DOMINGO DE RAMOS<\/strong><\/span><\/h3>\n<p><span style=\"color: #000000;\"><strong><\/strong><\/span><\/p>\n<p>5:00\u00a0 \u00a0 \u00a0Procesi\u00f3n Jes\u00fas de las Palmas (saliendo del templo del Para\u00edso)<span style=\"color: #000000;\"><\/span><\/p>\n<p><span style=\"color: #000000;\">8:00\u00a0 \u00a0 \u00a0Misa parroquial frente a San Jos\u00e9 (bendici\u00f3n de ramos en la 10a. Avenida y 4a. calle, Brigada)<\/span><\/p>\n<p><span style=\"color: #000000;\"><\/span><\/p>\n<p><span style=\"color: #000000;\">17:00\u00a0\u00a0 Misa &#8211; Nuestra Se\u00f1ora de Bel\u00e9n<\/span><\/p>\n<p><span style=\"color: #000000;\">18:00\u00a0\u00a0 Misa\u00a0&#8211; San Jos\u00e9 la Brigada<\/span><\/p>\n<p>&nbsp;<\/p>\n<p>[\/et_pb_text][\/et_pb_column][et_pb_column type=&#8221;1_3&#8243; _builder_version=&#8221;3.17.1&#8243;][et_pb_image src=&#8221;https:\/\/parroquiabelen.org\/wp-content\/uploads\/2019\/03\/Lunes-Santo-web.png&#8221; _builder_version=&#8221;3.17.1&#8243;][\/et_pb_image][et_pb_text _builder_version=&#8221;3.21.1&#8243; text_font=&#8221;||||||||&#8221; text_text_color=&#8221;#000000&#8243;]<\/p>\n<h4><span style=\"color: #000000;\"><strong>LUNES SANTO<\/strong><\/span><\/h4>\n<p><span style=\"color: #000000;\"><span style=\"font-size: 14px;\"><span>8:00\u00a0\u00a0 Misa &#8211;\u00a0 \u00a0San Jos\u00e9\u00a0la Brigada<\/span><\/span><\/span><\/p>\n<p><span style=\"color: #000000;\"><span style=\"font-size: 14px;\">9:00\u00a0 Misa\u00a0<\/span><i style=\"font-size: 14px;\">&#8211;<\/i>\u00a0 Nuestra Se\u00f1ora de\u00a0<span style=\"font-size: 14px;\">Bel\u00e9n<\/span><\/span><\/p>\n<p>&nbsp;<\/p>\n<p>&nbsp;<\/p>\n<p>&nbsp;<\/p>\n<p>[\/et_pb_text][\/et_pb_column][\/et_pb_row][et_pb_row custom_padding=&#8221;18px|0px|10px|0px|false|false&#8221; _builder_version=&#8221;3.17.1&#8243;][et_pb_column type=&#8221;1_3&#8243; _builder_version=&#8221;3.17.1&#8243;][et_pb_image src=&#8221;https:\/\/parroquiabelen.org\/wp-content\/uploads\/2019\/03\/Martes-Santo-web.png&#8221; _builder_version=&#8221;3.17.1&#8243;][\/et_pb_image][et_pb_text _builder_version=&#8221;3.21.1&#8243; text_font=&#8221;||||||||&#8221; text_text_color=&#8221;#000000&#8243;]<\/p>\n<h4><span style=\"color: #000000;\"><strong>MARTES SANTO<\/strong><\/span><\/h4>\n<p><span>18:00\u00a0 Misa\u00a0<\/span><i>&#8211; <span>Nuestra Se\u00f1ora de Bel\u00e9n<\/span><\/i><\/p>\n<p><span>19:00\u00a0\u00a0 Misa &#8211;\u00a0<\/span><em>\u00a0<\/em><span>\u00a0Nuestra Se\u00f1ora de las Am\u00e9ricas<\/span><\/p>\n<p><span>19:00\u00a0\u00a0 Misa &#8211;\u00a0 \u00a0San Jos\u00e9\u00a0la Brigada<\/span><\/p>\n<p><span>20:00 Velaci\u00f3n, Jes\u00fas Nazareno de la Esperanza del templo San Jos\u00e9 la Brigada<\/span><\/p>\n<p><span style=\"color: #000000;\">\u00a0<\/span><\/p>\n<p>[\/et_pb_text][\/et_pb_column][et_pb_column type=&#8221;1_3&#8243; _builder_version=&#8221;3.17.1&#8243;][et_pb_image src=&#8221;https:\/\/parroquiabelen.org\/wp-content\/uploads\/2019\/03\/Miercoles-Santo-web.png&#8221; _builder_version=&#8221;3.17.1&#8243;][\/et_pb_image][et_pb_text _builder_version=&#8221;3.21.1&#8243; text_font=&#8221;||||||||&#8221; text_text_color=&#8221;#000000&#8243;]<\/p>\n<h4><span style=\"color: #000000;\"><strong>MI\u00c9RCOLES SANTO<\/strong><\/span><\/h4>\n<p><span>8:00\u00a0\u00a0 Misa &#8211;\u00a0 \u00a0San Jos\u00e9\u00a0la Brigada<\/span><\/p>\n<p><span>9:00\u00a0 Misa\u00a0<i>&#8211;<\/i>\u00a0 Nuestra Se\u00f1ora de\u00a0Bel\u00e9n<\/span><\/p>\n<p>12:00 Procesi\u00f3n infantil, saliendo del templo Nuestra Se\u00f1ora de las Am\u00e9ricas<span><\/span><\/p>\n<p><span>19:00\u00a0\u00a0 Misa &#8211;\u00a0<\/span><em>\u00a0<\/em><span>\u00a0Nuestra Se\u00f1ora de las Am\u00e9ricas<\/span><\/p>\n<p><span style=\"color: #000000;\">\u00a0<\/span><\/p>\n<p><span style=\"color: #000000;\">\u00a0<\/span><\/p>\n<p>[\/et_pb_text][\/et_pb_column][et_pb_column type=&#8221;1_3&#8243; _builder_version=&#8221;3.17.1&#8243;][et_pb_image src=&#8221;https:\/\/parroquiabelen.org\/wp-content\/uploads\/2019\/03\/Jueves-Santo-web.png&#8221; _builder_version=&#8221;3.17.1&#8243;][\/et_pb_image][et_pb_text _builder_version=&#8221;3.21.1&#8243;]<\/p>\n<h4><span style=\"color: #000000;\"><strong>JUEVES SANTO &#8211; Santos Oficios<\/strong><\/span><\/h4>\n<p><span style=\"color: #000000;\">17:00\u00a0 \u00a0Nuestra Se\u00f1ora de Bel\u00e9n<\/span><\/p>\n<p><span style=\"color: #000000;\"><span>17:00\u00a0 \u00a0 San Jos\u00e9 la Brigada<\/span><\/span><\/p>\n<p><span style=\"color: #000000;\"><span>19:00\u00a0 \u00a0Nuestra Se\u00f1ora de las Am\u00e9ricas<\/span><\/span><\/p>\n<p><em style=\"font-size: 14px;\"><span style=\"color: #000000;\">Adoraci\u00f3n al Sant\u00edsimo despu\u00e9s de cada Celebraci\u00f3n<\/span><\/em><\/p>\n<p>&nbsp;<\/p>\n<p>[\/et_pb_text][\/et_pb_column][\/et_pb_row][et_pb_row custom_padding=&#8221;15px|0px|27px|0px|false|false&#8221; _builder_version=&#8221;3.17.1&#8243;][et_pb_column type=&#8221;1_3&#8243; _builder_version=&#8221;3.17.1&#8243;][et_pb_image src=&#8221;https:\/\/parroquiabelen.org\/wp-content\/uploads\/2019\/03\/Viernes-Santo-web.png&#8221; _builder_version=&#8221;3.17.1&#8243;][\/et_pb_image][et_pb_text _builder_version=&#8221;3.21.1&#8243;]<\/p>\n<h4><span style=\"color: #000000;\"><strong>VIERNES SANTO<\/strong><\/span><\/h4>\n<p><strong><span style=\"color: #000000;\">Procesi\u00f3n del Santo V\u00eda Crucis \u2013 4:00 &#8211;\u00a0<\/span><\/strong><span style=\"color: #000000;\"><em>Saliendo del templo San Jos\u00e9 la Brigada<\/em><\/span><\/p>\n<p><span style=\"color: #000000;\"><em>Descargar recorrido\u00a0<\/em><\/span><\/p>\n<p><span style=\"color: #000000;\"><\/span><\/p>\n<p><strong style=\"font-size: 14px;\"><span style=\"color: #000000;\">Oficios propios del d\u00eda: Pasi\u00f3n y Muerte del Se\u00f1or Jes\u00fas<\/span><\/strong><\/p>\n<p><span style=\"color: #000000;\">15:00\u00a0\u00a0\u00a0\u00a0 San Jos\u00e9 la Brigada<\/span><\/p>\n<p><span style=\"color: #000000;\"><span>15:00\u00a0\u00a0\u00a0\u00a0 Nuestra Se\u00f1ora de Bel\u00e9n<\/span><\/span><\/p>\n<p><span style=\"color: #000000;\">15:00\u00a0\u00a0\u00a0\u00a0 Nuestra Se\u00f1ora de las Am\u00e9ricas<\/span><\/p>\n<p><span style=\"font-size: 14px; color: #000000;\"><\/span><\/p>\n<p><span style=\"font-size: 14px; color: #000000;\">\u00a0<\/span><strong style=\"font-size: 14px;\"><span style=\"color: #000000;\">Procesi\u00f3n del Santo Entierro<\/span><\/strong><\/p>\n<p><span style=\"color: #000000;\">17:00\u00a0\u00a0\u00a0\u00a0 Nuestra Se\u00f1ora de Bel\u00e9n<\/span><\/p>\n<p><span style=\"color: #000000;\">\u00a0<\/span><\/p>\n<p>[\/et_pb_text][\/et_pb_column][et_pb_column type=&#8221;1_3&#8243; _builder_version=&#8221;3.17.1&#8243;][et_pb_image src=&#8221;https:\/\/parroquiabelen.org\/wp-content\/uploads\/2019\/03\/s\u00e1bado-Santo-web.png&#8221; _builder_version=&#8221;3.17.1&#8243;][\/et_pb_image][et_pb_text _builder_version=&#8221;3.21.1&#8243;]<\/p>\n<h4><span style=\"color: #000000;\"><strong>S\u00c1BADO SANTO &#8211; Vigilia Pascual<\/strong><\/span><\/h4>\n<p><span style=\"color: #000000;\"><\/span><\/p>\n<p><span style=\"color: #000000; font-size: 14px;\">18:00\u00a0 \u00a0Nuestra Se\u00f1ora de las Am\u00e9ricas<\/span><\/p>\n<p><span style=\"color: #000000;\"><span>20:00\u00a0\u00a0 Nuestra Se\u00f1ora de Bel\u00e9n<\/span><\/span><\/p>\n<p><span style=\"color: #000000;\">20:00\u00a0 \u00a0San Jos\u00e9 la Brigada<\/span><\/p>\n<p><span style=\"color: #000000;\">\u00a0<\/span><\/p>\n<p><span style=\"color: #000000;\">\u00a0<\/span><\/p>\n<p>[\/et_pb_text][\/et_pb_column][et_pb_column type=&#8221;1_3&#8243; _builder_version=&#8221;3.17.1&#8243;][et_pb_image src=&#8221;https:\/\/parroquiabelen.org\/wp-content\/uploads\/2019\/03\/Domingo-de-Resurrecci\u00f3n-web.png&#8221; _builder_version=&#8221;3.17.1&#8243;][\/et_pb_image][et_pb_text _builder_version=&#8221;3.21.1&#8243;]<\/p>\n<h4><span style=\"color: #000000;\"><b>DOMINGO DE RESURRECCI\u00d3N\u00a0<\/b><\/span><\/h4>\n<p><span style=\"color: #000000;\"><\/span><\/p>\n<p><strong><span style=\"color: #000000;\">Procesi\u00f3n de Jes\u00fas Resucitado &#8211;\u00a0<\/span><\/strong><span style=\"color: #000000;\"><strong>5:00 <\/strong>&#8211; Saliendo de San Jos\u00e9 la Brigada<\/span><\/p>\n<p><span style=\"color: #000000;\">8:00\u00a0\u00a0\u00a0\u00a0 Misa &#8211; San Jos\u00e9 la Brigada<\/span><\/p>\n<p><span style=\"color: #000000; font-size: 14px;\">17:00\u00a0\u00a0 Misa &#8211; Nuestra Se\u00f1ora de Bel\u00e9n<\/span><\/p>\n<p><span style=\"color: #000000;\">18:00\u00a0\u00a0 Misa\u00a0 &#8211; San Jos\u00e9 la Brigada<\/span><\/p>\n<p>[\/et_pb_text][\/et_pb_column][\/et_pb_row][et_pb_row custom_padding=&#8221;11px|0px|38px|0px|false|false&#8221; _builder_version=&#8221;3.21.1&#8243;][et_pb_column type=&#8221;4_4&#8243; _builder_version=&#8221;3.21.1&#8243;][et_pb_text _builder_version=&#8221;3.21.1&#8243; text_font=&#8221;||||||||&#8221; text_text_color=&#8221;#651906&#8243; header_font=&#8221;||||||||&#8221; header_text_align=&#8221;center&#8221; text_orientation=&#8221;center&#8221;]<\/p>\n<h3><span style=\"color: #800000;\">DESCARGUE EL AFICHE<\/span><\/h3>\n<p>[\/et_pb_text][et_pb_image src=&#8221;https:\/\/parroquiabelen.org\/wp-content\/uploads\/2025\/03\/Afiche-Semana-Santa-2025-Vertical-1.png&#8221; show_in_lightbox=&#8221;on&#8221; align=&#8221;center&#8221; _builder_version=&#8221;3.21.1&#8243; max_width=&#8221;64%&#8221;][\/et_pb_image][\/et_pb_column][\/et_pb_row][et_pb_row _builder_version=&#8221;3.21.1&#8243;][et_pb_column type=&#8221;1_3&#8243; _builder_version=&#8221;3.21.1&#8243;][et_pb_image src=&#8221;https:\/\/parroquiabelen.org\/wp-content\/uploads\/2025\/03\/Descargue-aqui.png&#8221; url_new_window=&#8221;on&#8221; _builder_version=&#8221;3.21.1&#8243; url=&#8221;https:\/\/parroquiabelen.org\/wp-content\/uploads\/2025\/03\/Recorridos-de-Semana-Santa-2025-web.pdf&#8221;][\/et_pb_image][\/et_pb_column][et_pb_column type=&#8221;1_3&#8243; _builder_version=&#8221;3.21.1&#8243;][\/et_pb_column][et_pb_column type=&#8221;1_3&#8243; _builder_version=&#8221;3.21.1&#8243;][\/et_pb_column][\/et_pb_row][\/et_pb_section]<\/p>\n","protected":false},"excerpt":{"rendered":"<p>[et_pb_section fb_built=&#8221;1&#8243; fullwidth=&#8221;on&#8221; admin_label=&#8221;Header&#8221; _builder_version=&#8221;3.17.1&#8243; background_image=&#8221;https:\/\/parroquiabelen.org\/wp-content\/uploads\/2019\/03\/FAROLITO.png&#8221; parallax=&#8221;on&#8221;][et_pb_fullwidth_header title=&#8221;Semana Santa 2025&#8243; subhead=&#8221;Parroquia Nuestra Se\u00f1ora de Bel\u00e9n&#8221; text_orientation=&#8221;center&#8221; _builder_version=&#8221;3.21.1&#8243; title_font=&#8221;Didact Gothic||||||||&#8221; title_text_color=&#8221;#ffffff&#8221; title_font_size=&#8221;60px&#8221; title_font_size_tablet=&#8221;40px&#8221; title_font_size_phone=&#8221;30px&#8221; title_font_size_last_edited=&#8221;on|phone&#8221; title_line_height=&#8221;1.3em&#8221; content_font=&#8221;||||||||&#8221; content_font_size=&#8221;16px&#8221; content_line_height=&#8221;2em&#8221; subhead_font=&#8221;Didact Gothic||||||||&#8221; subhead_font_size=&#8221;20px&#8221; subhead_font_size_phone=&#8221;18px&#8221; subhead_font_size_last_edited=&#8221;on|phone&#8221; subhead_line_height=&#8221;1.8em&#8221; background_color=&#8221;rgba(0,0,0,0)&#8221; use_background_color_gradient=&#8221;on&#8221; background_color_gradient_start=&#8221;rgba(110,0,188,0.62)&#8221; background_color_gradient_end=&#8221;rgba(28,0,51,0.73)&#8221; background_color_gradient_type=&#8221;radial&#8221; background_color_gradient_end_position=&#8221;53%&#8221; custom_button_two=&#8221;on&#8221; button_two_text_size=&#8221;16px&#8221; button_two_text_color=&#8221;#34587c&#8221; button_two_bg_color=&#8221;#ffffff&#8221; button_two_border_width=&#8221;8px&#8221; button_two_border_color=&#8221;rgba(0,0,0,0)&#8221; button_two_border_radius=&#8221;0px&#8221; button_two_letter_spacing=&#8221;3px&#8221; button_two_font=&#8221;Didact Gothic|700||on|||||&#8221; button_two_icon=&#8221;%%40%%&#8221; button_two_icon_placement=&#8221;left&#8221; button_two_on_hover=&#8221;off&#8221; custom_button_one=&#8221;on&#8221; button_one_text_size=&#8221;16px&#8221; [&hellip;]<\/p>\n","protected":false},"author":1,"featured_media":0,"parent":0,"menu_order":0,"comment_status":"closed","ping_status":"closed","template":"","meta":{"_et_pb_use_builder":"on","_et_pb_old_content":""},"_links":{"self":[{"href":"https:\/\/parroquiabelen.org\/index.php\/wp-json\/wp\/v2\/pages\/276"}],"collection":[{"href":"https:\/\/parroquiabelen.org\/index.php\/wp-json\/wp\/v2\/pages"}],"about":[{"href":"https:\/\/parroquiabelen.org\/index.php\/wp-json\/wp\/v2\/types\/page"}],"author":[{"embeddable":true,"href":"https:\/\/parroquiabelen.org\/index.php\/wp-json\/wp\/v2\/users\/1"}],"replies":[{"embeddable":true,"href":"https:\/\/parroquiabelen.org\/index.php\/wp-json\/wp\/v2\/comments?post=276"}],"version-history":[{"count":57,"href":"https:\/\/parroquiabelen.org\/index.php\/wp-json\/wp\/v2\/pages\/276\/revisions"}],"predecessor-version":[{"id":2242,"href":"https:\/\/parroquiabelen.org\/index.php\/wp-json\/wp\/v2\/pages\/276\/revisions\/2242"}],"wp:attachment":[{"href":"https:\/\/parroquiabelen.org\/index.php\/wp-json\/wp\/v2\/media?parent=276"}],"curies":[{"name":"wp","href":"https:\/\/api.w.org\/{rel}","templated":true}]}}