{"id":1018,"date":"2019-05-15T04:06:53","date_gmt":"2019-05-15T04:06:53","guid":{"rendered":"http:\/\/parroquiabelen.org\/?page_id=1018"},"modified":"2019-05-15T04:19:14","modified_gmt":"2019-05-15T04:19:14","slug":"pastoral-indigena","status":"publish","type":"page","link":"https:\/\/parroquiabelen.org\/index.php\/pastoral-indigena\/","title":{"rendered":"Pastoral Ind\u00edgena"},"content":{"rendered":"<p>[et_pb_section fb_built=&#8221;1&#8243; fullwidth=&#8221;on&#8221; _builder_version=&#8221;3.21.1&#8243;][et_pb_fullwidth_image src=&#8221;https:\/\/parroquiabelen.org\/wp-content\/uploads\/2019\/05\/banner-cabeceras-pastoral-ind\u00edgena.png&#8221; _builder_version=&#8221;3.21.1&#8243;][\/et_pb_fullwidth_image][\/et_pb_section][et_pb_section fb_built=&#8221;1&#8243; _builder_version=&#8221;3.21.1&#8243;][et_pb_row _builder_version=&#8221;3.21.1&#8243;][et_pb_column type=&#8221;2_5&#8243; _builder_version=&#8221;3.21.1&#8243;][et_pb_image src=&#8221;https:\/\/parroquiabelen.org\/wp-content\/uploads\/2019\/05\/banner-cabeceras-pastoral-ind\u00edgena.png&#8221; _builder_version=&#8221;3.21.1&#8243;][\/et_pb_image][\/et_pb_column][et_pb_column type=&#8221;3_5&#8243; _builder_version=&#8221;3.21.1&#8243;][et_pb_text _builder_version=&#8221;3.21.1&#8243;]<\/p>\n<h3><span style=\"color: #000000;\"><strong>OBJETIVOS<\/strong><\/span><\/h3>\n<p><span style=\"color: #000000;\">&#8211; Unificar las acciones de los diferentes trabajos de la Pastoral Ind\u00edgena, tomando como base los lineamientos del Plan Pastoral.<\/span><br \/><span style=\"color: #000000;\">&#8211; Reconocer, defender, estimular y evangelizar la organizaci\u00f3n y las expresiones de la fe y la cultura de las comunidades ind\u00edgenas.<\/span><br \/><span style=\"color: #000000;\">&#8211; Propiciar una fuerte reflexi\u00f3n y formaci\u00f3n de agentes de Pastoral que amen, respeten y asuman cada cultura.<\/span><\/p>\n<p><span style=\"color: #000000;\">\u00a0<\/span><\/p>\n<h3><span style=\"color: #000000;\"><strong>POL\u00cdTICAS Y ESTRATEGIAS<\/strong><\/span><\/h3>\n<p><span style=\"color: #000000;\">&#8211; Que el Evangelio siendo Buena Nueva, llegue con toda su expresi\u00f3n y riqueza a los fieles, usando la cultura, la tradici\u00f3n y forma de vida de los ind\u00edgenas.<\/span><br \/><span style=\"color: #000000;\"> * Asumir y respetar la cultura ind\u00edgena con sus elementos de religiosidad en la acci\u00f3n pastoral, por ejemplo usando el tun, la chirim\u00eda, el tambor y la marimba.<\/span><br \/><span style=\"color: #000000;\"> * Aprovechar el compromiso y la creatividad de los m\u00e1s sencillos y humildes, tomando en cuenta que llevan en su vida aspiraciones, conciencia, opciones y madurez de Fe; para ser capaces de responder a su propia realidad.<\/span><br \/><span style=\"color: #000000;\"> * Crear e impulsar los ministerios en los pueblos ind\u00edgenas, reconociendo las ra\u00edces del Verbo Encarnado en la dimensi\u00f3n de la vida: la costumbre, el idioma y la cosmovisi\u00f3n.<\/span><\/p>\n<p><span style=\"color: #000000;\">&#8211; Impulsar en la educaci\u00f3n y formaci\u00f3n de agentes de pastoral una conciencia clara y definida, que valorizando la historia y la cultura, pueda apreciarla y vivirla.<\/span><br \/><span style=\"color: #000000;\"> * Que se ayude a trav\u00e9s de un centro de formaci\u00f3n pastoral que los ind\u00edgenas descubran la riqueza de su propia cultura.<\/span><br \/><span style=\"color: #000000;\"> * Que todo agente de pastoral tome lo positivo que existe en la cultura y religiosidad ind\u00edgena y evangelice con esa cultura y religiosidad, sin deformarlas.<\/span><br \/><span style=\"color: #000000;\"> * Que los agentes de pastoral se preocupen de la profundizaci\u00f3n de las lenguas nativas, para que el mensaje del Evangelio llegue a los fieles en su propio idioma.<\/span><br \/><span style=\"color: #000000;\"> * Editar revistas y documentos en idiomas nativos que ayuden a los agentes de pastoral a un mejor conocimiento, profundizaci\u00f3n y encarnaci\u00f3n de la cultura ind\u00edgena.<\/span><\/p>\n<p>[\/et_pb_text][\/et_pb_column][\/et_pb_row][et_pb_row _builder_version=&#8221;3.21.1&#8243;][et_pb_column type=&#8221;1_3&#8243; _builder_version=&#8221;3.21.1&#8243;][et_pb_image src=&#8221;https:\/\/parroquiabelen.org\/wp-content\/uploads\/2019\/04\/Banner-pastorales-social.png&#8221; _builder_version=&#8221;3.21.1&#8243; url=&#8221;https:\/\/parroquiabelen.org\/index.php\/pastoral-social\/&#8221;][\/et_pb_image][\/et_pb_column][et_pb_column type=&#8221;1_3&#8243; _builder_version=&#8221;3.21.1&#8243;][et_pb_image src=&#8221;https:\/\/parroquiabelen.org\/wp-content\/uploads\/2019\/04\/Banner-pastorales-oracion.png&#8221; _builder_version=&#8221;3.21.1&#8243; url=&#8221;https:\/\/parroquiabelen.org\/index.php\/oracion\/&#8221;][\/et_pb_image][\/et_pb_column][et_pb_column type=&#8221;1_3&#8243; _builder_version=&#8221;3.21.1&#8243;][et_pb_image src=&#8221;https:\/\/parroquiabelen.org\/wp-content\/uploads\/2019\/04\/Banner-pastorales-rescate.png&#8221; _builder_version=&#8221;3.21.1&#8243; url=&#8221;https:\/\/parroquiabelen.org\/index.php\/rescate\/&#8221;][\/et_pb_image][\/et_pb_column][\/et_pb_row][\/et_pb_section]<\/p>\n","protected":false},"excerpt":{"rendered":"<p>[et_pb_section fb_built=&#8221;1&#8243; fullwidth=&#8221;on&#8221; _builder_version=&#8221;3.21.1&#8243;][et_pb_fullwidth_image src=&#8221;https:\/\/parroquiabelen.org\/wp-content\/uploads\/2019\/05\/banner-cabeceras-pastoral-ind\u00edgena.png&#8221; _builder_version=&#8221;3.21.1&#8243;][\/et_pb_fullwidth_image][\/et_pb_section][et_pb_section fb_built=&#8221;1&#8243; _builder_version=&#8221;3.21.1&#8243;][et_pb_row _builder_version=&#8221;3.21.1&#8243;][et_pb_column type=&#8221;2_5&#8243; _builder_version=&#8221;3.21.1&#8243;][et_pb_image src=&#8221;https:\/\/parroquiabelen.org\/wp-content\/uploads\/2019\/05\/banner-cabeceras-pastoral-ind\u00edgena.png&#8221; _builder_version=&#8221;3.21.1&#8243;][\/et_pb_image][\/et_pb_column][et_pb_column type=&#8221;3_5&#8243; _builder_version=&#8221;3.21.1&#8243;][et_pb_text _builder_version=&#8221;3.21.1&#8243;] OBJETIVOS &#8211; Unificar las acciones de los diferentes trabajos de la Pastoral Ind\u00edgena, tomando como base los lineamientos del Plan Pastoral.&#8211; Reconocer, defender, estimular y evangelizar la organizaci\u00f3n y las expresiones de la fe y la cultura de las [&hellip;]<\/p>\n","protected":false},"author":1,"featured_media":0,"parent":0,"menu_order":0,"comment_status":"closed","ping_status":"closed","template":"","meta":{"_et_pb_use_builder":"on","_et_pb_old_content":"<!-- wp:divi\/placeholder \/-->"},"_links":{"self":[{"href":"https:\/\/parroquiabelen.org\/index.php\/wp-json\/wp\/v2\/pages\/1018"}],"collection":[{"href":"https:\/\/parroquiabelen.org\/index.php\/wp-json\/wp\/v2\/pages"}],"about":[{"href":"https:\/\/parroquiabelen.org\/index.php\/wp-json\/wp\/v2\/types\/page"}],"author":[{"embeddable":true,"href":"https:\/\/parroquiabelen.org\/index.php\/wp-json\/wp\/v2\/users\/1"}],"replies":[{"embeddable":true,"href":"https:\/\/parroquiabelen.org\/index.php\/wp-json\/wp\/v2\/comments?post=1018"}],"version-history":[{"count":4,"href":"https:\/\/parroquiabelen.org\/index.php\/wp-json\/wp\/v2\/pages\/1018\/revisions"}],"predecessor-version":[{"id":1033,"href":"https:\/\/parroquiabelen.org\/index.php\/wp-json\/wp\/v2\/pages\/1018\/revisions\/1033"}],"wp:attachment":[{"href":"https:\/\/parroquiabelen.org\/index.php\/wp-json\/wp\/v2\/media?parent=1018"}],"curies":[{"name":"wp","href":"https:\/\/api.w.org\/{rel}","templated":true}]}}